{"id":121226,"date":"2026-05-06T06:45:17","date_gmt":"2026-05-06T09:45:17","guid":{"rendered":"https:\/\/www.hediyepazar.com\/?product=katlanabilir-araba-gunesligi-uv-isinlarina-karsi-maksimum-koruma"},"modified":"2026-05-06T06:45:17","modified_gmt":"2026-05-06T09:45:17","slug":"katlanabilir-araba-gunesligi-uv-isinlarina-karsi-maksimum-koruma","status":"publish","type":"product","link":"https:\/\/www.hediyepazar.com\/?product=katlanabilir-araba-gunesligi-uv-isinlarina-karsi-maksimum-koruma","title":{"rendered":"Katlanabilir Araba G\u00fcne\u015fli\u011fi \u2013 UV I\u015f\u0131nlar\u0131na Kar\u015f\u0131 Maksimum Koruma"},"content":{"rendered":"<p>Y\u00fcksek s\u0131cakl\u0131k ve UV \u0131\u015f\u0131nlar\u0131n\u0131n arac\u0131n\u0131z \u00fczerindeki olumsuz etkilerini \u00f6nlemenin en kolay yolu bu al\u00fcminyum kaplamal\u0131 g\u00fcne\u015fliktir. %99 oran\u0131nda yans\u0131tma g\u00fcc\u00fc sayesinde g\u00fcne\u015f \u0131\u015f\u0131nlar\u0131n\u0131 etkili bi\u00e7imde engeller, arac\u0131n\u0131z\u0131n i\u00e7inin a\u015f\u0131r\u0131 \u0131s\u0131nmas\u0131n\u0131 \u00f6nler. Bu sayede s\u0131cak g\u00fcnlerde araca bindi\u011finizde rahats\u0131z edici s\u0131cak hava dalgas\u0131yla kar\u015f\u0131la\u015fmazs\u0131n\u0131z.S\u00fcngerli izolasyon katman\u0131, hem \u0131s\u0131 yal\u0131t\u0131m\u0131 hem de UV korumas\u0131 sa\u011flar. G\u00fcne\u015f \u0131\u015f\u0131nlar\u0131n\u0131n zamanla koltuk kuma\u015flar\u0131n\u0131, torpido ve direksiyon kaplamalar\u0131n\u0131 y\u0131pratmas\u0131n\u0131 \u00f6nleyerek arac\u0131n\u0131z\u0131n i\u00e7ini uzun s\u00fcre yeni gibi korur.Katlanabilir ve kompakt tasar\u0131m\u0131 sayesinde yer kaplamaz, kolay ta\u015f\u0131n\u0131r ve her ara\u00e7 tipine uyum sa\u011flar. G\u00fcne\u015fli havalarda park etti\u011finizde saniyeler i\u00e7inde monte edebilir, i\u015finiz bitti\u011finde katlayarak kolayca kald\u0131rabilirsiniz.Pratik kullan\u0131m\u0131, uzun \u00f6m\u00fcrl\u00fc yap\u0131s\u0131 ve etkili koruma performans\u0131yla bu g\u00fcne\u015flik, hem ara\u00e7 sahipleri hem de s\u00fcr\u00fc\u015f konforuna \u00f6nem veren kullan\u0131c\u0131lar i\u00e7in ideal bir \u00e7\u00f6z\u00fcmd\u00fcr.<\/p>\n","protected":false},"excerpt":{"rendered":"<p>Y\u00fcksek s\u0131cakl\u0131k ve UV \u0131\u015f\u0131nlar\u0131n\u0131n arac\u0131n\u0131z \u00fczerindeki olumsuz etkilerini \u00f6nlemenin en kolay yolu bu al\u00fcminyum kaplamal\u0131 g\u00fcne\u015fliktir. %99 oran\u0131nda yans\u0131tma g\u00fcc\u00fc sayesinde g\u00fcne\u015f \u0131\u015f\u0131nlar\u0131n\u0131 etkili bi\u00e7imde engeller, arac\u0131n\u0131z\u0131n i\u00e7inin a\u015f\u0131r\u0131 \u0131s\u0131nmas\u0131n\u0131 \u00f6nler. Bu sayede s\u0131cak g\u00fcnlerde araca bindi\u011finizde rahats\u0131z edici s\u0131cak hava dalgas\u0131yla kar\u015f\u0131la\u015fmazs\u0131n\u0131z.S\u00fcngerli izolasyon katman\u0131, hem \u0131s\u0131 yal\u0131t\u0131m\u0131 hem de UV korumas\u0131 sa\u011flar. G\u00fcne\u015f&#8230;<\/p>\n","protected":false},"featured_media":121225,"comment_status":"open","ping_status":"closed","template":"","meta":{"_kad_post_transparent":"","_kad_post_title":"","_kad_post_layout":"","_kad_post_sidebar_id":"","_kad_post_content_style":"","_kad_post_vertical_padding":"","_kad_post_feature":"","_kad_post_feature_position":"","_kad_post_header":false,"_kad_post_footer":false,"_kad_post_classname":""},"product_brand":[],"product_cat":[14921],"product_tag":[],"class_list":{"0":"post-121226","1":"product","2":"type-product","3":"status-publish","4":"has-post-thumbnail","6":"product_cat-oto-guneslik-perde-oto-guneslik-perde-2","8":"first","9":"instock","10":"purchasable","11":"product-type-simple","12":"entry","13":"content-bg","14":"loop-entry"},"_links":{"self":[{"href":"https:\/\/www.hediyepazar.com\/index.php?rest_route=\/wp\/v2\/product\/121226","targetHints":{"allow":["GET"]}}],"collection":[{"href":"https:\/\/www.hediyepazar.com\/index.php?rest_route=\/wp\/v2\/product"}],"about":[{"href":"https:\/\/www.hediyepazar.com\/index.php?rest_route=\/wp\/v2\/types\/product"}],"replies":[{"embeddable":true,"href":"https:\/\/www.hediyepazar.com\/index.php?rest_route=%2Fwp%2Fv2%2Fcomments&post=121226"}],"wp:featuredmedia":[{"embeddable":true,"href":"https:\/\/www.hediyepazar.com\/index.php?rest_route=\/wp\/v2\/media\/121225"}],"wp:attachment":[{"href":"https:\/\/www.hediyepazar.com\/index.php?rest_route=%2Fwp%2Fv2%2Fmedia&parent=121226"}],"wp:term":[{"taxonomy":"product_brand","embeddable":true,"href":"https:\/\/www.hediyepazar.com\/index.php?rest_route=%2Fwp%2Fv2%2Fproduct_brand&post=121226"},{"taxonomy":"product_cat","embeddable":true,"href":"https:\/\/www.hediyepazar.com\/index.php?rest_route=%2Fwp%2Fv2%2Fproduct_cat&post=121226"},{"taxonomy":"product_tag","embeddable":true,"href":"https:\/\/www.hediyepazar.com\/index.php?rest_route=%2Fwp%2Fv2%2Fproduct_tag&post=121226"}],"curies":[{"name":"wp","href":"https:\/\/api.w.org\/{rel}","templated":true}]}}