{"id":121230,"date":"2026-05-06T06:45:59","date_gmt":"2026-05-06T09:45:59","guid":{"rendered":"https:\/\/www.hediyepazar.com\/?product=araba-gunesligi-aluminyum-yansitici-yuzeyle-etkili-isi-korumasi"},"modified":"2026-05-06T06:45:59","modified_gmt":"2026-05-06T09:45:59","slug":"araba-gunesligi-aluminyum-yansitici-yuzeyle-etkili-isi-korumasi","status":"publish","type":"product","link":"https:\/\/www.hediyepazar.com\/?product=araba-gunesligi-aluminyum-yansitici-yuzeyle-etkili-isi-korumasi","title":{"rendered":"Araba G\u00fcne\u015fli\u011fi Al\u00fcminyum Yans\u0131t\u0131c\u0131 Y\u00fczeyle Etkili Is\u0131 Korumas\u0131"},"content":{"rendered":"<p>Bu y\u00fcksek kaliteli araba g\u00fcne\u015fli\u011fi, metalize reflekt\u00f6rl\u00fc al\u00fcminyum y\u00fczeyi sayesinde g\u00fcne\u015f \u0131\u015f\u0131nlar\u0131n\u0131 %99\u2019a kadar engeller. Geli\u015fmi\u015f yans\u0131t\u0131c\u0131 yap\u0131s\u0131, arac\u0131n\u0131z\u0131 yaz aylar\u0131nda g\u00fcne\u015f alt\u0131nda park etti\u011finizde i\u00e7 s\u0131cakl\u0131\u011f\u0131n y\u00fckselmesini \u00f6nler. B\u00f6ylece daha serin bir i\u00e7 mekan elde eder, klima kullan\u0131m\u0131n\u0131 azaltarak yak\u0131t tasarrufu sa\u011flars\u0131n\u0131z. \u00d6zellikle s\u0131cak yaz g\u00fcnlerinde arac\u0131n\u0131z\u0131 adeta g\u00f6lgede b\u0131rak\u0131r.S\u00fcngerli i\u00e7 katman\u0131, ekstra izolasyon sa\u011flayarak hem \u0131s\u0131 hem de UV \u0131\u015f\u0131nlar\u0131na kar\u015f\u0131 koruma sunar. Bu sayede arac\u0131n\u0131z\u0131n plastik, deri ve kuma\u015f aksamlar\u0131n\u0131n g\u00fcne\u015ften zarar g\u00f6rmesini \u00f6nler. Uzun vadede torpido, direksiyon ve koltuklarda solma veya \u00e7atlama gibi deformasyonlar\u0131n \u00f6n\u00fcne ge\u00e7er.Katlanabilir yap\u0131s\u0131, kullan\u0131m sonras\u0131nda kolayca toplanmas\u0131n\u0131 sa\u011flar. Az yer kaplayan bu tasar\u0131m, torpido veya koltuk arkas\u0131 gibi alanlarda rahatl\u0131kla saklanabilir. Montaj\u0131 son derece pratik olup, saniyeler i\u00e7inde tak\u0131p \u00e7\u0131karabilirsiniz.\u015e\u0131k g\u00f6r\u00fcn\u00fcm\u00fc ve dayan\u0131kl\u0131 malzemesiyle uzun \u00f6m\u00fcrl\u00fc kullan\u0131m sunar. Arac\u0131n\u0131z i\u00e7in hem konforlu hem de koruyucu bir aksesuar ar\u0131yorsan\u0131z, bu g\u00fcne\u015flik m\u00fckemmel bir se\u00e7imdir.<\/p>\n","protected":false},"excerpt":{"rendered":"<p>Bu y\u00fcksek kaliteli araba g\u00fcne\u015fli\u011fi, metalize reflekt\u00f6rl\u00fc al\u00fcminyum y\u00fczeyi sayesinde g\u00fcne\u015f \u0131\u015f\u0131nlar\u0131n\u0131 %99\u2019a kadar engeller. Geli\u015fmi\u015f yans\u0131t\u0131c\u0131 yap\u0131s\u0131, arac\u0131n\u0131z\u0131 yaz aylar\u0131nda g\u00fcne\u015f alt\u0131nda park etti\u011finizde i\u00e7 s\u0131cakl\u0131\u011f\u0131n y\u00fckselmesini \u00f6nler. B\u00f6ylece daha serin bir i\u00e7 mekan elde eder, klima kullan\u0131m\u0131n\u0131 azaltarak yak\u0131t tasarrufu sa\u011flars\u0131n\u0131z. \u00d6zellikle s\u0131cak yaz g\u00fcnlerinde arac\u0131n\u0131z\u0131 adeta g\u00f6lgede b\u0131rak\u0131r.S\u00fcngerli i\u00e7 katman\u0131, ekstra izolasyon&#8230;<\/p>\n","protected":false},"featured_media":121229,"comment_status":"open","ping_status":"closed","template":"","meta":{"_kad_post_transparent":"","_kad_post_title":"","_kad_post_layout":"","_kad_post_sidebar_id":"","_kad_post_content_style":"","_kad_post_vertical_padding":"","_kad_post_feature":"","_kad_post_feature_position":"","_kad_post_header":false,"_kad_post_footer":false,"_kad_post_classname":""},"product_brand":[],"product_cat":[14921],"product_tag":[],"class_list":{"0":"post-121230","1":"product","2":"type-product","3":"status-publish","4":"has-post-thumbnail","6":"product_cat-oto-guneslik-perde-oto-guneslik-perde-2","8":"first","9":"instock","10":"purchasable","11":"product-type-simple","12":"entry","13":"content-bg","14":"loop-entry"},"_links":{"self":[{"href":"https:\/\/www.hediyepazar.com\/index.php?rest_route=\/wp\/v2\/product\/121230","targetHints":{"allow":["GET"]}}],"collection":[{"href":"https:\/\/www.hediyepazar.com\/index.php?rest_route=\/wp\/v2\/product"}],"about":[{"href":"https:\/\/www.hediyepazar.com\/index.php?rest_route=\/wp\/v2\/types\/product"}],"replies":[{"embeddable":true,"href":"https:\/\/www.hediyepazar.com\/index.php?rest_route=%2Fwp%2Fv2%2Fcomments&post=121230"}],"wp:featuredmedia":[{"embeddable":true,"href":"https:\/\/www.hediyepazar.com\/index.php?rest_route=\/wp\/v2\/media\/121229"}],"wp:attachment":[{"href":"https:\/\/www.hediyepazar.com\/index.php?rest_route=%2Fwp%2Fv2%2Fmedia&parent=121230"}],"wp:term":[{"taxonomy":"product_brand","embeddable":true,"href":"https:\/\/www.hediyepazar.com\/index.php?rest_route=%2Fwp%2Fv2%2Fproduct_brand&post=121230"},{"taxonomy":"product_cat","embeddable":true,"href":"https:\/\/www.hediyepazar.com\/index.php?rest_route=%2Fwp%2Fv2%2Fproduct_cat&post=121230"},{"taxonomy":"product_tag","embeddable":true,"href":"https:\/\/www.hediyepazar.com\/index.php?rest_route=%2Fwp%2Fv2%2Fproduct_tag&post=121230"}],"curies":[{"name":"wp","href":"https:\/\/api.w.org\/{rel}","templated":true}]}}