{"id":121234,"date":"2026-05-06T06:46:10","date_gmt":"2026-05-06T09:46:10","guid":{"rendered":"https:\/\/www.hediyepazar.com\/?product=nostaljik-radyo-sik-dekoratif-tasarim-ve-guvenli-2-yil-garanti"},"modified":"2026-05-06T06:46:10","modified_gmt":"2026-05-06T09:46:10","slug":"nostaljik-radyo-sik-dekoratif-tasarim-ve-guvenli-2-yil-garanti","status":"publish","type":"product","link":"https:\/\/www.hediyepazar.com\/?product=nostaljik-radyo-sik-dekoratif-tasarim-ve-guvenli-2-yil-garanti","title":{"rendered":"Nostaljik Radyo \u2013 \u015e\u0131k Dekoratif Tasar\u0131m ve G\u00fcvenli 2 Y\u0131l Garanti"},"content":{"rendered":"<p>Klasik g\u00f6r\u00fcn\u00fcm\u00fcyle ge\u00e7mi\u015fi, modern \u00f6zellikleriyle bug\u00fcn\u00fc birle\u015ftiren bu nostaljik radyo, her detay\u0131yla ya\u015fam alanlar\u0131n\u0131za zarafet katmak i\u00e7in tasarland\u0131.Estetik \u00e7izgilere sahip g\u00f6vdesi, retro esintiler ta\u015f\u0131yan kontrol d\u00fc\u011fmeleri ve s\u0131cak tonlu y\u00fczeyiyle adeta ge\u00e7mi\u015fe a\u00e7\u0131lan bir kap\u0131 hissi uyand\u0131r\u0131r. Ancak g\u00f6r\u00fcn\u00fcm\u00fcn\u00fcn ard\u0131nda modern teknolojilerle g\u00fc\u00e7lendirilmi\u015f fonksiyonel bir yap\u0131 bulunur.Radyo frekanslar\u0131n\u0131 net bi\u00e7imde yakalayan geli\u015fmi\u015f al\u0131c\u0131s\u0131, keyifli bir dinleme deneyimi sunar. \u0130thalat\u00e7\u0131 garantisi kapsam\u0131nda 2 y\u0131l boyunca g\u00fcvenle kullan\u0131labilir. Bu da \u00fcr\u00fcn\u00fc uzun \u00f6m\u00fcrl\u00fc ve g\u00fcvenilir hale getirir.Evde, ofiste, kafe veya otel lobilerinde hem m\u00fczik keyfi hem de dekoratif bir unsur olarak kullan\u0131labilir. Sade ama etkileyici tasar\u0131m\u0131, modern dekorasyonlarla da uyum sa\u011flar.Geleneksel radyolar\u0131n s\u0131cak havas\u0131n\u0131 ya\u015farken, \u00e7a\u011fda\u015f fonksiyonlarla pratikli\u011fi bir arada sunan bu model, nostaljik tarz\u0131 sevenler i\u00e7in e\u015fsiz bir tercihtir.<\/p>\n","protected":false},"excerpt":{"rendered":"<p>Klasik g\u00f6r\u00fcn\u00fcm\u00fcyle ge\u00e7mi\u015fi, modern \u00f6zellikleriyle bug\u00fcn\u00fc birle\u015ftiren bu nostaljik radyo, her detay\u0131yla ya\u015fam alanlar\u0131n\u0131za zarafet katmak i\u00e7in tasarland\u0131.Estetik \u00e7izgilere sahip g\u00f6vdesi, retro esintiler ta\u015f\u0131yan kontrol d\u00fc\u011fmeleri ve s\u0131cak tonlu y\u00fczeyiyle adeta ge\u00e7mi\u015fe a\u00e7\u0131lan bir kap\u0131 hissi uyand\u0131r\u0131r. Ancak g\u00f6r\u00fcn\u00fcm\u00fcn\u00fcn ard\u0131nda modern teknolojilerle g\u00fc\u00e7lendirilmi\u015f fonksiyonel bir yap\u0131 bulunur.Radyo frekanslar\u0131n\u0131 net bi\u00e7imde yakalayan geli\u015fmi\u015f al\u0131c\u0131s\u0131, keyifli bir&#8230;<\/p>\n","protected":false},"featured_media":121233,"comment_status":"open","ping_status":"closed","template":"","meta":{"_kad_post_transparent":"","_kad_post_title":"","_kad_post_layout":"","_kad_post_sidebar_id":"","_kad_post_content_style":"","_kad_post_vertical_padding":"","_kad_post_feature":"","_kad_post_feature_position":"","_kad_post_header":false,"_kad_post_footer":false,"_kad_post_classname":""},"product_brand":[],"product_cat":[14911],"product_tag":[],"class_list":{"0":"post-121234","1":"product","2":"type-product","3":"status-publish","4":"has-post-thumbnail","6":"product_cat-kablosuz-hoparlor-kablosuz-hoparlor","8":"first","9":"instock","10":"purchasable","11":"product-type-simple","12":"entry","13":"content-bg","14":"loop-entry"},"_links":{"self":[{"href":"https:\/\/www.hediyepazar.com\/index.php?rest_route=\/wp\/v2\/product\/121234","targetHints":{"allow":["GET"]}}],"collection":[{"href":"https:\/\/www.hediyepazar.com\/index.php?rest_route=\/wp\/v2\/product"}],"about":[{"href":"https:\/\/www.hediyepazar.com\/index.php?rest_route=\/wp\/v2\/types\/product"}],"replies":[{"embeddable":true,"href":"https:\/\/www.hediyepazar.com\/index.php?rest_route=%2Fwp%2Fv2%2Fcomments&post=121234"}],"wp:featuredmedia":[{"embeddable":true,"href":"https:\/\/www.hediyepazar.com\/index.php?rest_route=\/wp\/v2\/media\/121233"}],"wp:attachment":[{"href":"https:\/\/www.hediyepazar.com\/index.php?rest_route=%2Fwp%2Fv2%2Fmedia&parent=121234"}],"wp:term":[{"taxonomy":"product_brand","embeddable":true,"href":"https:\/\/www.hediyepazar.com\/index.php?rest_route=%2Fwp%2Fv2%2Fproduct_brand&post=121234"},{"taxonomy":"product_cat","embeddable":true,"href":"https:\/\/www.hediyepazar.com\/index.php?rest_route=%2Fwp%2Fv2%2Fproduct_cat&post=121234"},{"taxonomy":"product_tag","embeddable":true,"href":"https:\/\/www.hediyepazar.com\/index.php?rest_route=%2Fwp%2Fv2%2Fproduct_tag&post=121234"}],"curies":[{"name":"wp","href":"https:\/\/api.w.org\/{rel}","templated":true}]}}