{"id":121238,"date":"2026-05-06T06:46:20","date_gmt":"2026-05-06T09:46:20","guid":{"rendered":"https:\/\/www.hediyepazar.com\/?product=tasinabilir-kablosuz-hoparlor-5w-guc-tws-baglanti-ve-800mah-pil"},"modified":"2026-05-06T06:46:20","modified_gmt":"2026-05-06T09:46:20","slug":"tasinabilir-kablosuz-hoparlor-5w-guc-tws-baglanti-ve-800mah-pil","status":"publish","type":"product","link":"https:\/\/www.hediyepazar.com\/?product=tasinabilir-kablosuz-hoparlor-5w-guc-tws-baglanti-ve-800mah-pil","title":{"rendered":"Ta\u015f\u0131nabilir Kablosuz Hoparl\u00f6r \u2013 5W G\u00fc\u00e7 TWS Ba\u011flant\u0131 ve 800mAh Pil"},"content":{"rendered":"<p>Bu ta\u015f\u0131nabilir hoparl\u00f6r, k\u00fc\u00e7\u00fck boyutuna ra\u011fmen 5W ses g\u00fcc\u00fcyle etkileyici bir ses performans\u0131 sunar. 52mm hoparl\u00f6r s\u00fcr\u00fcc\u00fcs\u00fc sayesinde m\u00fczikleri derin baslarla ve net tizlerle zenginle\u015ftirir.Bluetooth 5.1 ba\u011flant\u0131s\u0131, 15 metreye kadar g\u00fc\u00e7l\u00fc sinyal sa\u011flar. TWS \u00f6zelli\u011fi ile iki hoparl\u00f6r\u00fc e\u015fle\u015ftirerek sinema kalitesinde bir ses deneyimi elde edebilirsiniz.800mAh bataryas\u0131yla 5 saate kadar kesintisiz m\u00fczik \u00e7alabilir. USB \u00fczerinden sadece 1,5 saatte \u015farj olur. TF kart, USB bellek ve FM radyo deste\u011fiyle \u00e7ok y\u00f6nl\u00fc kullan\u0131m imkan\u0131 sunar.Dayan\u0131kl\u0131 ABS g\u00f6vdesi ve kuma\u015f kaplamas\u0131yla hem modern hem de \u015f\u0131k bir g\u00f6r\u00fcn\u00fcm kazand\u0131r\u0131r. Seyahatlerde, ofiste veya a\u00e7\u0131k havada m\u00fczik keyfinizi yan\u0131n\u0131za al\u0131n.<\/p>\n","protected":false},"excerpt":{"rendered":"<p>Bu ta\u015f\u0131nabilir hoparl\u00f6r, k\u00fc\u00e7\u00fck boyutuna ra\u011fmen 5W ses g\u00fcc\u00fcyle etkileyici bir ses performans\u0131 sunar. 52mm hoparl\u00f6r s\u00fcr\u00fcc\u00fcs\u00fc sayesinde m\u00fczikleri derin baslarla ve net tizlerle zenginle\u015ftirir.Bluetooth 5.1 ba\u011flant\u0131s\u0131, 15 metreye kadar g\u00fc\u00e7l\u00fc sinyal sa\u011flar. TWS \u00f6zelli\u011fi ile iki hoparl\u00f6r\u00fc e\u015fle\u015ftirerek sinema kalitesinde bir ses deneyimi elde edebilirsiniz.800mAh bataryas\u0131yla 5 saate kadar kesintisiz m\u00fczik \u00e7alabilir. USB \u00fczerinden&#8230;<\/p>\n","protected":false},"featured_media":121237,"comment_status":"open","ping_status":"closed","template":"","meta":{"_kad_post_transparent":"","_kad_post_title":"","_kad_post_layout":"","_kad_post_sidebar_id":"","_kad_post_content_style":"","_kad_post_vertical_padding":"","_kad_post_feature":"","_kad_post_feature_position":"","_kad_post_header":false,"_kad_post_footer":false,"_kad_post_classname":""},"product_brand":[],"product_cat":[14911],"product_tag":[],"class_list":{"0":"post-121238","1":"product","2":"type-product","3":"status-publish","4":"has-post-thumbnail","6":"product_cat-kablosuz-hoparlor-kablosuz-hoparlor","8":"first","9":"instock","10":"purchasable","11":"product-type-simple","12":"entry","13":"content-bg","14":"loop-entry"},"_links":{"self":[{"href":"https:\/\/www.hediyepazar.com\/index.php?rest_route=\/wp\/v2\/product\/121238","targetHints":{"allow":["GET"]}}],"collection":[{"href":"https:\/\/www.hediyepazar.com\/index.php?rest_route=\/wp\/v2\/product"}],"about":[{"href":"https:\/\/www.hediyepazar.com\/index.php?rest_route=\/wp\/v2\/types\/product"}],"replies":[{"embeddable":true,"href":"https:\/\/www.hediyepazar.com\/index.php?rest_route=%2Fwp%2Fv2%2Fcomments&post=121238"}],"wp:featuredmedia":[{"embeddable":true,"href":"https:\/\/www.hediyepazar.com\/index.php?rest_route=\/wp\/v2\/media\/121237"}],"wp:attachment":[{"href":"https:\/\/www.hediyepazar.com\/index.php?rest_route=%2Fwp%2Fv2%2Fmedia&parent=121238"}],"wp:term":[{"taxonomy":"product_brand","embeddable":true,"href":"https:\/\/www.hediyepazar.com\/index.php?rest_route=%2Fwp%2Fv2%2Fproduct_brand&post=121238"},{"taxonomy":"product_cat","embeddable":true,"href":"https:\/\/www.hediyepazar.com\/index.php?rest_route=%2Fwp%2Fv2%2Fproduct_cat&post=121238"},{"taxonomy":"product_tag","embeddable":true,"href":"https:\/\/www.hediyepazar.com\/index.php?rest_route=%2Fwp%2Fv2%2Fproduct_tag&post=121238"}],"curies":[{"name":"wp","href":"https:\/\/api.w.org\/{rel}","templated":true}]}}