{"id":121272,"date":"2026-05-06T06:53:07","date_gmt":"2026-05-06T09:53:07","guid":{"rendered":"https:\/\/www.hediyepazar.com\/?product=labubu-koleksiyonluk-pelus-oyuncak-yumusak-kumasli-dekoratif-tasarim-hediyelik"},"modified":"2026-05-06T06:53:07","modified_gmt":"2026-05-06T09:53:07","slug":"labubu-koleksiyonluk-pelus-oyuncak-yumusak-kumasli-dekoratif-tasarim-hediyelik","status":"publish","type":"product","link":"https:\/\/www.hediyepazar.com\/?product=labubu-koleksiyonluk-pelus-oyuncak-yumusak-kumasli-dekoratif-tasarim-hediyelik","title":{"rendered":"Labubu Koleksiyonluk Pelu\u015f Oyuncak \u2013 Yumu\u015fak Kuma\u015fl\u0131 Dekoratif Tasar\u0131m Hediyelik"},"content":{"rendered":"<p>Yumu\u015fak pelu\u015f dokusuyla \u00f6n plana \u00e7\u0131kan bu fig\u00fcr, hem estetik g\u00f6r\u00fcn\u00fcm\u00fc hem de kaliteli i\u015f\u00e7ili\u011fiyle dikkat \u00e7eker. Koleksiyon tutkunlar\u0131n\u0131n arad\u0131\u011f\u0131 \u00f6zel detaylara sahip bu oyuncak, modern dekorasyonlarda zarif bir dokunu\u015f olu\u015fturur.20 cm boyutundaki ideal \u00f6l\u00e7\u00fcs\u00fc sayesinde her alanda rahat\u00e7a sergilenebilir. G\u00fcvenli dolgu malzemesi ve cilt dostu kuma\u015f\u0131yla \u00e7ocuklar i\u00e7in de uygundur.Pop\u00fcler k\u00fclt\u00fcrden esinlenerek tasarlanan bu pelu\u015f oyuncak, TikTok ve Instagram gibi platformlarda viral hale gelmi\u015ftir. Hem koleksiyon ama\u00e7l\u0131 hem de g\u00fcnl\u00fck ya\u015famda dekoratif obje olarak kullan\u0131labilir.Her biri stok durumuna g\u00f6re kar\u0131\u015f\u0131k renklerde g\u00f6nderilir. Paketli ve s\u0131f\u0131r \u00fcr\u00fcn olarak sunulur. Sevdiklerinize tatl\u0131 ve anlaml\u0131 bir hediye vermek isterseniz, bu pelu\u015f oyuncak m\u00fckemmel bir se\u00e7im olacakt\u0131r.<\/p>\n","protected":false},"excerpt":{"rendered":"<p>Yumu\u015fak pelu\u015f dokusuyla \u00f6n plana \u00e7\u0131kan bu fig\u00fcr, hem estetik g\u00f6r\u00fcn\u00fcm\u00fc hem de kaliteli i\u015f\u00e7ili\u011fiyle dikkat \u00e7eker. Koleksiyon tutkunlar\u0131n\u0131n arad\u0131\u011f\u0131 \u00f6zel detaylara sahip bu oyuncak, modern dekorasyonlarda zarif bir dokunu\u015f olu\u015fturur.20 cm boyutundaki ideal \u00f6l\u00e7\u00fcs\u00fc sayesinde her alanda rahat\u00e7a sergilenebilir. G\u00fcvenli dolgu malzemesi ve cilt dostu kuma\u015f\u0131yla \u00e7ocuklar i\u00e7in de uygundur.Pop\u00fcler k\u00fclt\u00fcrden esinlenerek tasarlanan bu&#8230;<\/p>\n","protected":false},"featured_media":121271,"comment_status":"open","ping_status":"closed","template":"","meta":{"_kad_post_transparent":"","_kad_post_title":"","_kad_post_layout":"","_kad_post_sidebar_id":"","_kad_post_content_style":"","_kad_post_vertical_padding":"","_kad_post_feature":"","_kad_post_feature_position":"","_kad_post_header":false,"_kad_post_footer":false,"_kad_post_classname":""},"product_brand":[],"product_cat":[15090],"product_tag":[],"class_list":{"0":"post-121272","1":"product","2":"type-product","3":"status-publish","4":"has-post-thumbnail","6":"product_cat-cocuk-oyuncak-cocuk-oyuncak","8":"first","9":"instock","10":"purchasable","11":"product-type-simple","12":"entry","13":"content-bg","14":"loop-entry"},"_links":{"self":[{"href":"https:\/\/www.hediyepazar.com\/index.php?rest_route=\/wp\/v2\/product\/121272","targetHints":{"allow":["GET"]}}],"collection":[{"href":"https:\/\/www.hediyepazar.com\/index.php?rest_route=\/wp\/v2\/product"}],"about":[{"href":"https:\/\/www.hediyepazar.com\/index.php?rest_route=\/wp\/v2\/types\/product"}],"replies":[{"embeddable":true,"href":"https:\/\/www.hediyepazar.com\/index.php?rest_route=%2Fwp%2Fv2%2Fcomments&post=121272"}],"wp:featuredmedia":[{"embeddable":true,"href":"https:\/\/www.hediyepazar.com\/index.php?rest_route=\/wp\/v2\/media\/121271"}],"wp:attachment":[{"href":"https:\/\/www.hediyepazar.com\/index.php?rest_route=%2Fwp%2Fv2%2Fmedia&parent=121272"}],"wp:term":[{"taxonomy":"product_brand","embeddable":true,"href":"https:\/\/www.hediyepazar.com\/index.php?rest_route=%2Fwp%2Fv2%2Fproduct_brand&post=121272"},{"taxonomy":"product_cat","embeddable":true,"href":"https:\/\/www.hediyepazar.com\/index.php?rest_route=%2Fwp%2Fv2%2Fproduct_cat&post=121272"},{"taxonomy":"product_tag","embeddable":true,"href":"https:\/\/www.hediyepazar.com\/index.php?rest_route=%2Fwp%2Fv2%2Fproduct_tag&post=121272"}],"curies":[{"name":"wp","href":"https:\/\/api.w.org\/{rel}","templated":true}]}}