{"id":121302,"date":"2026-05-06T06:59:42","date_gmt":"2026-05-06T09:59:42","guid":{"rendered":"https:\/\/www.hediyepazar.com\/?product=2000-mah-sarjli-sivrisinek-kovucu-lamba-kimyasalsiz-guvenli-ve-tasinabilir"},"modified":"2026-05-06T06:59:42","modified_gmt":"2026-05-06T09:59:42","slug":"2000-mah-sarjli-sivrisinek-kovucu-lamba-kimyasalsiz-guvenli-ve-tasinabilir","status":"publish","type":"product","link":"https:\/\/www.hediyepazar.com\/?product=2000-mah-sarjli-sivrisinek-kovucu-lamba-kimyasalsiz-guvenli-ve-tasinabilir","title":{"rendered":"2000 mAh \u015earjl\u0131 Sivrisinek Kovucu Lamba \u2013 Kimyasals\u0131z G\u00fcvenli ve Ta\u015f\u0131nabilir"},"content":{"rendered":"<p>Sivrisineklerden kurtulman\u0131n do\u011fal, sessiz ve g\u00fcvenli yolu! Bu 2000 mAh \u015farjl\u0131 sivrisinek kovucu lamba, mor LED \u0131\u015f\u0131k teknolojisiyle b\u00f6cekleri manyetik olarak kendine \u00e7eker ve temass\u0131z elektrik \u0131zgaras\u0131yla etkisiz hale getirir. \u00dcstelik hi\u00e7bir kimyasal madde veya zararl\u0131 gaz i\u00e7ermez.\u00c7ocuklar, evcil hayvanlar ve ya\u015fl\u0131lar i\u00e7in tamamen g\u00fcvenli olacak \u015fekilde tasarlanm\u0131\u015ft\u0131r. Sessiz motor sistemi sayesinde \u00e7al\u0131\u015f\u0131rken fark edilmez, bu da onu yatak odalar\u0131 i\u00e7in ideal hale getirir.G\u00fc\u00e7l\u00fc bataryas\u0131 sayesinde 8-10 saate kadar kesintisiz koruma sa\u011flar. USB \u00fczerinden kolayca \u015farj edilebilir, priz arama derdini ortadan kald\u0131r\u0131r.Kompakt ve ta\u015f\u0131nabilir tasar\u0131m\u0131, kamplarda, bah\u00e7ede, piknikte veya terasta rahat kullan\u0131m sunar. Mor LED \u0131\u015f\u0131\u011f\u0131 geni\u015f alan kapsama \u00f6zelli\u011fine sahiptir, ortamda rahats\u0131z edici kokular veya duman olu\u015fturmaz.Do\u011fal, pratik ve \u00e7evre dostu \u00e7\u00f6z\u00fcm arayan herkes i\u00e7in m\u00fckemmel bir se\u00e7imdir. Yaz gecelerini yeniden huzurlu hale getiren bu lamba, sinek ve b\u00f6cek sorununa modern bir yan\u0131t sunuyor!<\/p>\n","protected":false},"excerpt":{"rendered":"<p>Sivrisineklerden kurtulman\u0131n do\u011fal, sessiz ve g\u00fcvenli yolu! Bu 2000 mAh \u015farjl\u0131 sivrisinek kovucu lamba, mor LED \u0131\u015f\u0131k teknolojisiyle b\u00f6cekleri manyetik olarak kendine \u00e7eker ve temass\u0131z elektrik \u0131zgaras\u0131yla etkisiz hale getirir. \u00dcstelik hi\u00e7bir kimyasal madde veya zararl\u0131 gaz i\u00e7ermez.\u00c7ocuklar, evcil hayvanlar ve ya\u015fl\u0131lar i\u00e7in tamamen g\u00fcvenli olacak \u015fekilde tasarlanm\u0131\u015ft\u0131r. Sessiz motor sistemi sayesinde \u00e7al\u0131\u015f\u0131rken fark edilmez,&#8230;<\/p>\n","protected":false},"featured_media":121301,"comment_status":"open","ping_status":"closed","template":"","meta":{"_kad_post_transparent":"","_kad_post_title":"","_kad_post_layout":"","_kad_post_sidebar_id":"","_kad_post_content_style":"","_kad_post_vertical_padding":"","_kad_post_feature":"","_kad_post_feature_position":"","_kad_post_header":false,"_kad_post_footer":false,"_kad_post_classname":""},"product_brand":[],"product_cat":[15078],"product_tag":[],"class_list":{"0":"post-121302","1":"product","2":"type-product","3":"status-publish","4":"has-post-thumbnail","6":"product_cat-hasere-kovucular-hasere-kovucular","8":"first","9":"instock","10":"purchasable","11":"product-type-simple","12":"entry","13":"content-bg","14":"loop-entry"},"_links":{"self":[{"href":"https:\/\/www.hediyepazar.com\/index.php?rest_route=\/wp\/v2\/product\/121302","targetHints":{"allow":["GET"]}}],"collection":[{"href":"https:\/\/www.hediyepazar.com\/index.php?rest_route=\/wp\/v2\/product"}],"about":[{"href":"https:\/\/www.hediyepazar.com\/index.php?rest_route=\/wp\/v2\/types\/product"}],"replies":[{"embeddable":true,"href":"https:\/\/www.hediyepazar.com\/index.php?rest_route=%2Fwp%2Fv2%2Fcomments&post=121302"}],"wp:featuredmedia":[{"embeddable":true,"href":"https:\/\/www.hediyepazar.com\/index.php?rest_route=\/wp\/v2\/media\/121301"}],"wp:attachment":[{"href":"https:\/\/www.hediyepazar.com\/index.php?rest_route=%2Fwp%2Fv2%2Fmedia&parent=121302"}],"wp:term":[{"taxonomy":"product_brand","embeddable":true,"href":"https:\/\/www.hediyepazar.com\/index.php?rest_route=%2Fwp%2Fv2%2Fproduct_brand&post=121302"},{"taxonomy":"product_cat","embeddable":true,"href":"https:\/\/www.hediyepazar.com\/index.php?rest_route=%2Fwp%2Fv2%2Fproduct_cat&post=121302"},{"taxonomy":"product_tag","embeddable":true,"href":"https:\/\/www.hediyepazar.com\/index.php?rest_route=%2Fwp%2Fv2%2Fproduct_tag&post=121302"}],"curies":[{"name":"wp","href":"https:\/\/api.w.org\/{rel}","templated":true}]}}