{"id":121329,"date":"2026-05-06T07:02:11","date_gmt":"2026-05-06T10:02:11","guid":{"rendered":"https:\/\/www.hediyepazar.com\/?product=hsnet-kaporta-gocuk-duzeltici-buyuk"},"modified":"2026-05-06T07:02:11","modified_gmt":"2026-05-06T10:02:11","slug":"hsnet-kaporta-gocuk-duzeltici-buyuk","status":"publish","type":"product","link":"https:\/\/www.hediyepazar.com\/?product=hsnet-kaporta-gocuk-duzeltici-buyuk","title":{"rendered":"HSNET Kaporta G\u00f6\u00e7\u00fck D\u00fczeltici B\u00fcy\u00fck"},"content":{"rendered":"<p>\n\t<strong>\u00dcr\u00fcn \u00d6zellikleri : <\/strong><\/p>\n<p>\t<strong>Adet \/ Renk \/ Tasar\u0131m : <\/strong> 1 ADET, HSNET olarak tasarlad\u0131\u011f\u0131m\u0131z, resimde yer alan modeli , s\u00fcrpriz ya\u015famaman\u0131z i\u00e7in birebir g\u00f6nderiyoruz<\/p>\n<p>\t<strong>\u00d6l\u00e7\u00fcler :\u00a0 11,8 x 10 cm\u00a0<\/strong><\/p>\n<p>\n\tAraba g\u00f6\u00e7\u00fck \u00e7ektirme aletimiz\u00a0 m B\u00fcy\u00fck boyut 11,8 x 10 cm dir. . B\u00fcy\u00fck ve k\u00fc\u00e7\u00fck g\u00f6\u00e7\u00fck \u00e7ekiciler arabadaki g\u00f6\u00e7\u00fckleri onarmak i\u00e7in\u00a0 ideladir.\u00a0 Zamandan ve enerjiden tasarruf edin.<\/p>\n<p>\tDayan\u0131kl\u0131 Malzeme : Bu araba g\u00f6\u00e7\u00fck \u00e7ekicinin sap\u0131 y\u00fcksek kaliteli ABS&#8217;den yap\u0131lm\u0131\u015ft\u0131r ve vantuzun emme y\u00fczeyi kau\u00e7uk malzemeden yap\u0131lm\u0131\u015ft\u0131r. Kavisli y\u00fczeyler i\u00e7in \u00f6zel olarak tasarlanm\u0131\u015ft\u0131r. G\u00fc\u00e7l\u00fc ve dayan\u0131kl\u0131d\u0131r. Emilim kapasitesini art\u0131rabilir ve g\u00fcnl\u00fck a\u015f\u0131nmaya dayanabilir.<\/p>\n<p>\tE\u015fsiz Tasar\u0131m : Araba g\u00f6\u00e7\u00fck \u00e7ektirmesi ergonomik olarak tasarlanm\u0131\u015ft\u0131r ve tek stroklu pompa \u00e7al\u0131\u015fmas\u0131na sahiptir. Tek elle toka tasar\u0131m\u0131, hassas yap\u0131, g\u00fc\u00e7l\u00fc ve kal\u0131c\u0131, kolay deformasyon olmaz<\/p>\n<p>\tHat\u0131rlatma : Temiz, p\u00fcr\u00fczs\u00fcz, d\u00fcz, g\u00f6zeneksiz, kuru y\u00fczeylerde kullan\u0131lmal\u0131d\u0131r. Kald\u0131rmadan \u00f6nce daima iyi bir emi\u015f g\u00fcc\u00fc oldu\u011fundan emin olun. Vantuzlu araba g\u00f6\u00e7\u00fck \u00e7ekici ve k\u00fc\u00e7\u00fck vantuz, arabadaki g\u00f6\u00e7\u00fckleri onarmak i\u00e7in birlikte \u00e7al\u0131\u015f\u0131r.<\/p>\n<p>\tYayg\u0131n Uygulama: Bu araba g\u00f6\u00e7\u00fck \u00e7ektirmesi cam, araba g\u00f6\u00e7\u00fc\u011f\u00fc, kap\u0131, cep telefonu, bilgisayar veya di\u011fer p\u00fcr\u00fczs\u00fcz ve d\u00fcz y\u00fczeylerde yayg\u0131n olarak kullan\u0131labilir. Bu vantuzlar\u0131 evde, ma\u011fazalarda, garajlarda veya i\u015fyerlerinde cep telefonu, bilgisayar ve araba g\u00f6\u00e7\u00fcklerini onarmak i\u00e7in kullanabilirsiniz.<\/p>\n<p>\n\t<strong>M\u00dcKEMMEL SATI\u015e SONRASI H\u0130ZMET : <\/strong>HSNET \/ HSNET olarak m\u00fc\u015fterilerimize en iyi hizmeti sunmay\u0131 ama\u00e7l\u0131yor, g\u00fcvenle sat\u0131n alabilmeniz i\u00e7in, ambalaj kalitemize g\u00fcveniyor, her \u00fcr\u00fcn sorunsuz teslimat i\u00e7in \u00f6zenle paketliyor ve resimde belirtilen renk, ebat, \u00f6zelikte \u00fcr\u00fcn g\u00f6ndermeyi taahh\u00fct ediyoruz. Hasarl\u0131 \u00fcr\u00fcn ald\u0131ysan\u0131z veya di\u011fer \u00fcr\u00fcn ve paket teslimat sorunlar\u0131 oldu\u011funda bizimle ileti\u015fime ge\u00e7mekten \u00e7ekinmeyin.<\/p>\n<p>\n\t<strong>Detayl\u0131 bilgi i\u00e7in ek resimleri inceleyebilirsiniz<\/strong><\/p>\n<p><\/p>\n<p>\n\t<strong><strong><img decoding=\"async\" alt=\"\" src=\"https:\/\/arabayaservis.com\/skins\/shared\/images\/NEWAGUSTOS\/7430000720797-1.jpg\" \/> <\/strong><\/strong><\/p>\n<p>\n\t\u00a0<\/p>\n","protected":false},"excerpt":{"rendered":"<p>\u00dcr\u00fcn \u00d6zellikleri : Adet \/ Renk \/ Tasar\u0131m : 1 ADET, HSNET olarak tasarlad\u0131\u011f\u0131m\u0131z, resimde yer alan modeli , s\u00fcrpriz ya\u015famaman\u0131z i\u00e7in birebir g\u00f6nderiyoruz \u00d6l\u00e7\u00fcler :\u00a0 11,8 x 10 cm\u00a0 Araba g\u00f6\u00e7\u00fck \u00e7ektirme aletimiz\u00a0 m B\u00fcy\u00fck boyut 11,8 x 10 cm dir. . B\u00fcy\u00fck ve k\u00fc\u00e7\u00fck g\u00f6\u00e7\u00fck \u00e7ekiciler arabadaki g\u00f6\u00e7\u00fckleri onarmak i\u00e7in\u00a0 ideladir.\u00a0 Zamandan ve&#8230;<\/p>\n","protected":false},"featured_media":0,"comment_status":"open","ping_status":"closed","template":"","meta":{"_kad_post_transparent":"","_kad_post_title":"","_kad_post_layout":"","_kad_post_sidebar_id":"","_kad_post_content_style":"","_kad_post_vertical_padding":"","_kad_post_feature":"","_kad_post_feature_position":"","_kad_post_header":false,"_kad_post_footer":false,"_kad_post_classname":""},"product_brand":[],"product_cat":[14869],"product_tag":[],"class_list":{"0":"post-121329","1":"product","2":"type-product","3":"status-publish","5":"product_cat-oto-bakim-temizlik-urunleri-otomobil-motosiklet-yasam-oto-bakim-temizlik-urunleri","7":"first","8":"instock","9":"purchasable","10":"product-type-simple","11":"entry","12":"content-bg","13":"loop-entry"},"_links":{"self":[{"href":"https:\/\/www.hediyepazar.com\/index.php?rest_route=\/wp\/v2\/product\/121329","targetHints":{"allow":["GET"]}}],"collection":[{"href":"https:\/\/www.hediyepazar.com\/index.php?rest_route=\/wp\/v2\/product"}],"about":[{"href":"https:\/\/www.hediyepazar.com\/index.php?rest_route=\/wp\/v2\/types\/product"}],"replies":[{"embeddable":true,"href":"https:\/\/www.hediyepazar.com\/index.php?rest_route=%2Fwp%2Fv2%2Fcomments&post=121329"}],"wp:attachment":[{"href":"https:\/\/www.hediyepazar.com\/index.php?rest_route=%2Fwp%2Fv2%2Fmedia&parent=121329"}],"wp:term":[{"taxonomy":"product_brand","embeddable":true,"href":"https:\/\/www.hediyepazar.com\/index.php?rest_route=%2Fwp%2Fv2%2Fproduct_brand&post=121329"},{"taxonomy":"product_cat","embeddable":true,"href":"https:\/\/www.hediyepazar.com\/index.php?rest_route=%2Fwp%2Fv2%2Fproduct_cat&post=121329"},{"taxonomy":"product_tag","embeddable":true,"href":"https:\/\/www.hediyepazar.com\/index.php?rest_route=%2Fwp%2Fv2%2Fproduct_tag&post=121329"}],"curies":[{"name":"wp","href":"https:\/\/api.w.org\/{rel}","templated":true}]}}