{"id":121332,"date":"2026-05-06T07:02:17","date_gmt":"2026-05-06T10:02:17","guid":{"rendered":"https:\/\/www.hediyepazar.com\/?product=tasinabilir-akilli-tercume-cihazi-gercek-zamanli-ses-ve-metin-cevirisi"},"modified":"2026-05-06T07:02:17","modified_gmt":"2026-05-06T10:02:17","slug":"tasinabilir-akilli-tercume-cihazi-gercek-zamanli-ses-ve-metin-cevirisi","status":"publish","type":"product","link":"https:\/\/www.hediyepazar.com\/?product=tasinabilir-akilli-tercume-cihazi-gercek-zamanli-ses-ve-metin-cevirisi","title":{"rendered":"Ta\u015f\u0131nabilir Ak\u0131ll\u0131 Terc\u00fcme Cihaz\u0131 \u2013 Ger\u00e7ek Zamanl\u0131 Ses ve Metin \u00c7evirisi"},"content":{"rendered":"<p>Farkl\u0131 diller konu\u015fan insanlarla ileti\u015fim kurmak art\u0131k \u00e7ok kolay!Bu ak\u0131ll\u0131 terc\u00fcme cihaz\u0131, 139 \u00e7evrimi\u00e7i ve 17 \u00e7evrimd\u0131\u015f\u0131 dil deste\u011fi ile hem i\u015f hem seyahat hem de e\u011fitim alan\u0131nda m\u00fckemmel bir yard\u0131mc\u0131d\u0131r.Yaln\u0131zca bir tu\u015fla an\u0131nda sesli veya metin \u00e7evirisi yapabilir, konu\u015fmalar\u0131 y\u00fcksek do\u011fruluk oran\u0131yla anlayabilirsiniz.4.0 in\u00e7 dokunmatik ekran, kullan\u0131c\u0131ya kolay kullan\u0131m sunar; parlak IPS panel, yaz\u0131lar\u0131 ve simgeleri net bir \u015fekilde g\u00f6sterir.Yapay zek\u00e2 destekli \u00e7eviri algoritmas\u0131, telaffuzlar\u0131 analiz ederek anlam b\u00fct\u00fcnl\u00fc\u011f\u00fcyle sonu\u00e7 verir.Ayr\u0131ca foto\u011fraf \u00e7evirisi \u00f6zelli\u011fi sayesinde men\u00fc, afi\u015f veya belgelerdeki metinleri saniyeler i\u00e7inde \u00e7evirebilirsiniz.1500mAh bataryas\u0131 uzun \u00f6m\u00fcrl\u00fc kullan\u0131m sa\u011flarken, h\u0131zl\u0131 \u015farj teknolojisi ile k\u0131sa s\u00fcrede yeniden kullan\u0131ma haz\u0131r hale gelir.Dayan\u0131kl\u0131 al\u00fcminyum g\u00f6vdesi darbelere ve \u00e7izilmelere kar\u015f\u0131 koruma sa\u011flar.Android ve iOS sistemleriyle uyumlulu\u011fu, \u00e7ok y\u00f6nl\u00fc ba\u011flant\u0131 esnekli\u011fi sunar.Kompakt boyutu ve hafifli\u011fi sayesinde cebinizde ta\u015f\u0131yabilir, toplant\u0131larda, gezilerde veya e\u011fitim ortamlar\u0131nda an\u0131nda \u00e7eviri yapabilirsiniz.D\u00fcnya ile ileti\u015fim kurmak hi\u00e7 bu kadar pratik ve keyifli olmam\u0131\u015ft\u0131!<\/p>\n","protected":false},"excerpt":{"rendered":"<p>Farkl\u0131 diller konu\u015fan insanlarla ileti\u015fim kurmak art\u0131k \u00e7ok kolay!Bu ak\u0131ll\u0131 terc\u00fcme cihaz\u0131, 139 \u00e7evrimi\u00e7i ve 17 \u00e7evrimd\u0131\u015f\u0131 dil deste\u011fi ile hem i\u015f hem seyahat hem de e\u011fitim alan\u0131nda m\u00fckemmel bir yard\u0131mc\u0131d\u0131r.Yaln\u0131zca bir tu\u015fla an\u0131nda sesli veya metin \u00e7evirisi yapabilir, konu\u015fmalar\u0131 y\u00fcksek do\u011fruluk oran\u0131yla anlayabilirsiniz.4.0 in\u00e7 dokunmatik ekran, kullan\u0131c\u0131ya kolay kullan\u0131m sunar; parlak IPS panel, yaz\u0131lar\u0131&#8230;<\/p>\n","protected":false},"featured_media":121331,"comment_status":"open","ping_status":"closed","template":"","meta":{"_kad_post_transparent":"","_kad_post_title":"","_kad_post_layout":"","_kad_post_sidebar_id":"","_kad_post_content_style":"","_kad_post_vertical_padding":"","_kad_post_feature":"","_kad_post_feature_position":"","_kad_post_header":false,"_kad_post_footer":false,"_kad_post_classname":""},"product_brand":[],"product_cat":[15064],"product_tag":[],"class_list":{"0":"post-121332","1":"product","2":"type-product","3":"status-publish","4":"has-post-thumbnail","6":"product_cat-akilli-ceviri-cihazi-akilli-ceviri-cihazi","8":"first","9":"instock","10":"purchasable","11":"product-type-simple","12":"entry","13":"content-bg","14":"loop-entry"},"_links":{"self":[{"href":"https:\/\/www.hediyepazar.com\/index.php?rest_route=\/wp\/v2\/product\/121332","targetHints":{"allow":["GET"]}}],"collection":[{"href":"https:\/\/www.hediyepazar.com\/index.php?rest_route=\/wp\/v2\/product"}],"about":[{"href":"https:\/\/www.hediyepazar.com\/index.php?rest_route=\/wp\/v2\/types\/product"}],"replies":[{"embeddable":true,"href":"https:\/\/www.hediyepazar.com\/index.php?rest_route=%2Fwp%2Fv2%2Fcomments&post=121332"}],"wp:featuredmedia":[{"embeddable":true,"href":"https:\/\/www.hediyepazar.com\/index.php?rest_route=\/wp\/v2\/media\/121331"}],"wp:attachment":[{"href":"https:\/\/www.hediyepazar.com\/index.php?rest_route=%2Fwp%2Fv2%2Fmedia&parent=121332"}],"wp:term":[{"taxonomy":"product_brand","embeddable":true,"href":"https:\/\/www.hediyepazar.com\/index.php?rest_route=%2Fwp%2Fv2%2Fproduct_brand&post=121332"},{"taxonomy":"product_cat","embeddable":true,"href":"https:\/\/www.hediyepazar.com\/index.php?rest_route=%2Fwp%2Fv2%2Fproduct_cat&post=121332"},{"taxonomy":"product_tag","embeddable":true,"href":"https:\/\/www.hediyepazar.com\/index.php?rest_route=%2Fwp%2Fv2%2Fproduct_tag&post=121332"}],"curies":[{"name":"wp","href":"https:\/\/api.w.org\/{rel}","templated":true}]}}