{"id":121334,"date":"2026-05-06T07:02:21","date_gmt":"2026-05-06T10:02:21","guid":{"rendered":"https:\/\/www.hediyepazar.com\/?product=akilli-tasinabilir-tercuman-17-cevrimdisi-139-cevrimici-dil-destegi"},"modified":"2026-05-06T07:02:21","modified_gmt":"2026-05-06T10:02:21","slug":"akilli-tasinabilir-tercuman-17-cevrimdisi-139-cevrimici-dil-destegi","status":"publish","type":"product","link":"https:\/\/www.hediyepazar.com\/?product=akilli-tasinabilir-tercuman-17-cevrimdisi-139-cevrimici-dil-destegi","title":{"rendered":"Ak\u0131ll\u0131 Ta\u015f\u0131nabilir Terc\u00fcman \u2013 17 \u00c7evrimd\u0131\u015f\u0131 139 \u00c7evrimi\u00e7i Dil Deste\u011fi"},"content":{"rendered":"<p>D\u00fcnya ile dil bariyerini ortadan kald\u0131r\u0131n!Bu ak\u0131ll\u0131 ta\u015f\u0131nabilir terc\u00fcman, ileri teknoloji ses tan\u0131ma sistemi sayesinde an\u0131nda ve do\u011fru \u00e7eviri yapar.Toplam 139 dilde \u00e7evrimi\u00e7i, 17 dilde \u00e7evrimd\u0131\u015f\u0131 \u00e7eviri deste\u011fi sunarak, internet ba\u011flant\u0131s\u0131 olmasa bile g\u00fcvenilir bir ileti\u015fim sa\u011flar.4 in\u00e7 IPS dokunmatik ekran, y\u00fcksek \u00e7\u00f6z\u00fcn\u00fcrl\u00fckl\u00fc ve parlak bir g\u00f6r\u00fcnt\u00fc deneyimi sunar.Kullan\u0131c\u0131 dostu men\u00fcs\u00fc, her ya\u015f grubundan kullan\u0131c\u0131 i\u00e7in kolay navigasyon sa\u011flar.Foto\u011fraf tan\u0131ma \u00f6zelli\u011fi sayesinde men\u00fcler, belgeler veya tabelalar an\u0131nda \u00e7evrilebilir.Y\u00fcz y\u00fcze \u00e7eviri modu, iki tarafl\u0131 konu\u015fmalar\u0131 do\u011fal ak\u0131\u015f\u0131nda s\u00fcrd\u00fcrmenizi sa\u011flar.\u0130\u015f seyahatleri, e\u011fitim programlar\u0131, tatiller veya yabanc\u0131 konuklarla ileti\u015fim i\u00e7in idealdir.1500mAh bataryas\u0131, uzun s\u00fcreli kesintisiz kullan\u0131m sa\u011flar.Type-C ba\u011flant\u0131 deste\u011fi ile h\u0131zl\u0131 \u015farj olur.Metal ala\u015f\u0131ml\u0131 g\u00f6vde, hem dayan\u0131kl\u0131l\u0131k hem de premium bir g\u00f6r\u00fcn\u00fcm kazand\u0131r\u0131r.Kompakt boyutu sayesinde cebinizde bile ta\u015f\u0131nabilir.K\u00fcresel d\u00fcnyada ileti\u015fimi kolayla\u015ft\u0131ran bu cihaz, modern \u00e7a\u011f\u0131n en pratik dil asistan\u0131d\u0131r.<\/p>\n","protected":false},"excerpt":{"rendered":"<p>D\u00fcnya ile dil bariyerini ortadan kald\u0131r\u0131n!Bu ak\u0131ll\u0131 ta\u015f\u0131nabilir terc\u00fcman, ileri teknoloji ses tan\u0131ma sistemi sayesinde an\u0131nda ve do\u011fru \u00e7eviri yapar.Toplam 139 dilde \u00e7evrimi\u00e7i, 17 dilde \u00e7evrimd\u0131\u015f\u0131 \u00e7eviri deste\u011fi sunarak, internet ba\u011flant\u0131s\u0131 olmasa bile g\u00fcvenilir bir ileti\u015fim sa\u011flar.4 in\u00e7 IPS dokunmatik ekran, y\u00fcksek \u00e7\u00f6z\u00fcn\u00fcrl\u00fckl\u00fc ve parlak bir g\u00f6r\u00fcnt\u00fc deneyimi sunar.Kullan\u0131c\u0131 dostu men\u00fcs\u00fc, her ya\u015f grubundan kullan\u0131c\u0131&#8230;<\/p>\n","protected":false},"featured_media":121333,"comment_status":"open","ping_status":"closed","template":"","meta":{"_kad_post_transparent":"","_kad_post_title":"","_kad_post_layout":"","_kad_post_sidebar_id":"","_kad_post_content_style":"","_kad_post_vertical_padding":"","_kad_post_feature":"","_kad_post_feature_position":"","_kad_post_header":false,"_kad_post_footer":false,"_kad_post_classname":""},"product_brand":[],"product_cat":[15064],"product_tag":[],"class_list":{"0":"post-121334","1":"product","2":"type-product","3":"status-publish","4":"has-post-thumbnail","6":"product_cat-akilli-ceviri-cihazi-akilli-ceviri-cihazi","8":"first","9":"instock","10":"purchasable","11":"product-type-simple","12":"entry","13":"content-bg","14":"loop-entry"},"_links":{"self":[{"href":"https:\/\/www.hediyepazar.com\/index.php?rest_route=\/wp\/v2\/product\/121334","targetHints":{"allow":["GET"]}}],"collection":[{"href":"https:\/\/www.hediyepazar.com\/index.php?rest_route=\/wp\/v2\/product"}],"about":[{"href":"https:\/\/www.hediyepazar.com\/index.php?rest_route=\/wp\/v2\/types\/product"}],"replies":[{"embeddable":true,"href":"https:\/\/www.hediyepazar.com\/index.php?rest_route=%2Fwp%2Fv2%2Fcomments&post=121334"}],"wp:featuredmedia":[{"embeddable":true,"href":"https:\/\/www.hediyepazar.com\/index.php?rest_route=\/wp\/v2\/media\/121333"}],"wp:attachment":[{"href":"https:\/\/www.hediyepazar.com\/index.php?rest_route=%2Fwp%2Fv2%2Fmedia&parent=121334"}],"wp:term":[{"taxonomy":"product_brand","embeddable":true,"href":"https:\/\/www.hediyepazar.com\/index.php?rest_route=%2Fwp%2Fv2%2Fproduct_brand&post=121334"},{"taxonomy":"product_cat","embeddable":true,"href":"https:\/\/www.hediyepazar.com\/index.php?rest_route=%2Fwp%2Fv2%2Fproduct_cat&post=121334"},{"taxonomy":"product_tag","embeddable":true,"href":"https:\/\/www.hediyepazar.com\/index.php?rest_route=%2Fwp%2Fv2%2Fproduct_tag&post=121334"}],"curies":[{"name":"wp","href":"https:\/\/api.w.org\/{rel}","templated":true}]}}