{"id":121336,"date":"2026-05-06T07:04:00","date_gmt":"2026-05-06T10:04:00","guid":{"rendered":"https:\/\/www.hediyepazar.com\/?product=tasinabilir-akilli-sesli-ceviri-cihazi-139-dil-destegi-dokunmatik-ekran"},"modified":"2026-05-06T07:04:00","modified_gmt":"2026-05-06T10:04:00","slug":"tasinabilir-akilli-sesli-ceviri-cihazi-139-dil-destegi-dokunmatik-ekran","status":"publish","type":"product","link":"https:\/\/www.hediyepazar.com\/?product=tasinabilir-akilli-sesli-ceviri-cihazi-139-dil-destegi-dokunmatik-ekran","title":{"rendered":"Ta\u015f\u0131nabilir Ak\u0131ll\u0131 Sesli \u00c7eviri Cihaz\u0131 \u2013 139 Dil Deste\u011fi Dokunmatik Ekran"},"content":{"rendered":"<p>Yabanc\u0131 diller art\u0131k engel de\u011fil!Bu ta\u015f\u0131nabilir sesli \u00e7eviri cihaz\u0131, d\u00fcnya genelinde tam 139 dili \u00e7evrimi\u00e7i, 17 dili ise \u00e7evrimd\u0131\u015f\u0131 olarak destekleyerek, uluslararas\u0131 ileti\u015fimi kolayla\u015ft\u0131r\u0131r.\u0130\u015f seyahatlerinde, yurt d\u0131\u015f\u0131 tatillerinde veya e\u011fitimde dil bariyerini ortadan kald\u0131rmak i\u00e7in m\u00fckemmel bir \u00e7\u00f6z\u00fcmd\u00fcr.4.0 in\u00e7 IPS dokunmatik ekran\u0131, kullan\u0131c\u0131 dostu bir aray\u00fcz sunar.Metin, sesli konu\u015fma, y\u00fcz y\u00fcze diyalog ve foto\u011fraf tan\u0131ma gibi birden fazla \u00e7eviri moduna sahiptir.Yaln\u0131zca bir tu\u015fa basarak an\u0131nda sesli \u00e7eviri yapabilir; kar\u015f\u0131 tarafla do\u011fal bir konu\u015fma ak\u0131\u015f\u0131 s\u00fcrd\u00fcrebilirsiniz.Yapay zek\u00e2 destekli ses tan\u0131ma sistemi, do\u011fru ve h\u0131zl\u0131 \u00e7eviri yaparak ileti\u015fimi sorunsuz hale getirir.Ayr\u0131ca 1500mAh bataryas\u0131 uzun s\u00fcreli kullan\u0131m sa\u011flar, USB kablo ile h\u0131zl\u0131 \u015farj edilebilir.Al\u00fcminyum ala\u015f\u0131m g\u00f6vdesi \u015f\u0131k, sa\u011flam ve \u00e7izilmelere kar\u015f\u0131 dayan\u0131kl\u0131d\u0131r.Android ve iOS uyumlulu\u011fu sayesinde kolay ba\u011flant\u0131 kurabilir, gerekti\u011finde telefon \u00fczerinden veri g\u00fcncellemelerini alabilirsiniz.Kompakt ve hafif tasar\u0131m\u0131yla cebinizde veya \u00e7antan\u0131zda rahat\u00e7a ta\u015f\u0131yabilirsiniz.Ger\u00e7ek zamanl\u0131 \u00e7eviri kabiliyetiyle, d\u00fcnya art\u0131k parmaklar\u0131n\u0131z\u0131n ucunda!<\/p>\n","protected":false},"excerpt":{"rendered":"<p>Yabanc\u0131 diller art\u0131k engel de\u011fil!Bu ta\u015f\u0131nabilir sesli \u00e7eviri cihaz\u0131, d\u00fcnya genelinde tam 139 dili \u00e7evrimi\u00e7i, 17 dili ise \u00e7evrimd\u0131\u015f\u0131 olarak destekleyerek, uluslararas\u0131 ileti\u015fimi kolayla\u015ft\u0131r\u0131r.\u0130\u015f seyahatlerinde, yurt d\u0131\u015f\u0131 tatillerinde veya e\u011fitimde dil bariyerini ortadan kald\u0131rmak i\u00e7in m\u00fckemmel bir \u00e7\u00f6z\u00fcmd\u00fcr.4.0 in\u00e7 IPS dokunmatik ekran\u0131, kullan\u0131c\u0131 dostu bir aray\u00fcz sunar.Metin, sesli konu\u015fma, y\u00fcz y\u00fcze diyalog ve foto\u011fraf tan\u0131ma&#8230;<\/p>\n","protected":false},"featured_media":121335,"comment_status":"open","ping_status":"closed","template":"","meta":{"_kad_post_transparent":"","_kad_post_title":"","_kad_post_layout":"","_kad_post_sidebar_id":"","_kad_post_content_style":"","_kad_post_vertical_padding":"","_kad_post_feature":"","_kad_post_feature_position":"","_kad_post_header":false,"_kad_post_footer":false,"_kad_post_classname":""},"product_brand":[],"product_cat":[15064],"product_tag":[],"class_list":{"0":"post-121336","1":"product","2":"type-product","3":"status-publish","4":"has-post-thumbnail","6":"product_cat-akilli-ceviri-cihazi-akilli-ceviri-cihazi","8":"first","9":"instock","10":"purchasable","11":"product-type-simple","12":"entry","13":"content-bg","14":"loop-entry"},"_links":{"self":[{"href":"https:\/\/www.hediyepazar.com\/index.php?rest_route=\/wp\/v2\/product\/121336","targetHints":{"allow":["GET"]}}],"collection":[{"href":"https:\/\/www.hediyepazar.com\/index.php?rest_route=\/wp\/v2\/product"}],"about":[{"href":"https:\/\/www.hediyepazar.com\/index.php?rest_route=\/wp\/v2\/types\/product"}],"replies":[{"embeddable":true,"href":"https:\/\/www.hediyepazar.com\/index.php?rest_route=%2Fwp%2Fv2%2Fcomments&post=121336"}],"wp:featuredmedia":[{"embeddable":true,"href":"https:\/\/www.hediyepazar.com\/index.php?rest_route=\/wp\/v2\/media\/121335"}],"wp:attachment":[{"href":"https:\/\/www.hediyepazar.com\/index.php?rest_route=%2Fwp%2Fv2%2Fmedia&parent=121336"}],"wp:term":[{"taxonomy":"product_brand","embeddable":true,"href":"https:\/\/www.hediyepazar.com\/index.php?rest_route=%2Fwp%2Fv2%2Fproduct_brand&post=121336"},{"taxonomy":"product_cat","embeddable":true,"href":"https:\/\/www.hediyepazar.com\/index.php?rest_route=%2Fwp%2Fv2%2Fproduct_cat&post=121336"},{"taxonomy":"product_tag","embeddable":true,"href":"https:\/\/www.hediyepazar.com\/index.php?rest_route=%2Fwp%2Fv2%2Fproduct_tag&post=121336"}],"curies":[{"name":"wp","href":"https:\/\/api.w.org\/{rel}","templated":true}]}}