{"id":121342,"date":"2026-05-06T07:04:18","date_gmt":"2026-05-06T10:04:18","guid":{"rendered":"https:\/\/www.hediyepazar.com\/?product=3lu-matkap-ucu-firca-seti-derinlemesine-temizlik-tum-yuzeylerle-uyumlu"},"modified":"2026-05-06T07:04:18","modified_gmt":"2026-05-06T10:04:18","slug":"3lu-matkap-ucu-firca-seti-derinlemesine-temizlik-tum-yuzeylerle-uyumlu","status":"publish","type":"product","link":"https:\/\/www.hediyepazar.com\/?product=3lu-matkap-ucu-firca-seti-derinlemesine-temizlik-tum-yuzeylerle-uyumlu","title":{"rendered":"3\u2019l\u00fc Matkap Ucu F\u0131r\u00e7a Seti \u2013 Derinlemesine Temizlik T\u00fcm Y\u00fczeylerle Uyumlu"},"content":{"rendered":"<p>Ev temizli\u011finde profesyonel sonu\u00e7lar almak art\u0131k \u00e7ok daha kolay!Bu 3\u2019l\u00fc matkap ucu f\u0131r\u00e7a seti, matkab\u0131n\u0131z\u0131n g\u00fcc\u00fcn\u00fc etkili bir temizlik performans\u0131na d\u00f6n\u00fc\u015ft\u00fcr\u00fcr.Kablolu veya ak\u00fcl\u00fc t\u00fcm matkap modelleriyle uyumlu olan set, dar alanlara ve zorlu lekelerin oldu\u011fu y\u00fczeylere kolayca ula\u015farak derinlemesine temizlik sa\u011flar.Dayan\u0131kl\u0131 k\u0131ll\u0131 yap\u0131s\u0131, y\u00fczeye zarar vermeden g\u00fc\u00e7l\u00fc bir ovalama etkisi sunar.Banyo fayanslar\u0131, lavabo, k\u00fcvet, mutfak tezgah\u0131, ocak, f\u0131r\u0131n, jant, mermer, seramik, hal\u0131 ve zemin gibi bir\u00e7ok alanda kullan\u0131labilir.Elle yap\u0131lan temizliklerde ula\u015f\u0131lmas\u0131 zor b\u00f6lgeleri kolayca temizlemenizi sa\u011flayarak zaman ve emek tasarrufu sunar.Set i\u00e7erisinde farkl\u0131 boyutlarda 3 adet f\u0131r\u00e7a ba\u015fl\u0131\u011f\u0131 bulunur:K\u00fc\u00e7\u00fck f\u0131r\u00e7a: k\u00f6\u015fe ve dar alanlar i\u00e7in idealdir.Orta boy f\u0131r\u00e7a: lavabo, fayans aras\u0131 ve y\u00fczey temizli\u011fi i\u00e7in uygundur.Geni\u015f f\u0131r\u00e7a: zemin, ara\u00e7 jant\u0131 ve geni\u015f y\u00fczeylerde y\u00fcksek verim sa\u011flar.Y\u00fcksek devirde d\u00f6nen matkap g\u00fcc\u00fc sayesinde, en inat\u00e7\u0131 kirler bile saniyeler i\u00e7inde \u00e7\u0131kar.Ev temizli\u011finde, ara\u00e7 bak\u0131m\u0131nda veya d\u0131\u015f mekan y\u00fczeylerinde hijyenik bir sonu\u00e7 elde etmek isteyen herkes i\u00e7in m\u00fckemmel bir yard\u0131mc\u0131d\u0131r.Dayan\u0131kl\u0131 malzeme yap\u0131s\u0131 sayesinde uzun s\u00fcre g\u00fcvenle kullan\u0131labilir.<\/p>\n","protected":false},"excerpt":{"rendered":"<p>Ev temizli\u011finde profesyonel sonu\u00e7lar almak art\u0131k \u00e7ok daha kolay!Bu 3\u2019l\u00fc matkap ucu f\u0131r\u00e7a seti, matkab\u0131n\u0131z\u0131n g\u00fcc\u00fcn\u00fc etkili bir temizlik performans\u0131na d\u00f6n\u00fc\u015ft\u00fcr\u00fcr.Kablolu veya ak\u00fcl\u00fc t\u00fcm matkap modelleriyle uyumlu olan set, dar alanlara ve zorlu lekelerin oldu\u011fu y\u00fczeylere kolayca ula\u015farak derinlemesine temizlik sa\u011flar.Dayan\u0131kl\u0131 k\u0131ll\u0131 yap\u0131s\u0131, y\u00fczeye zarar vermeden g\u00fc\u00e7l\u00fc bir ovalama etkisi sunar.Banyo fayanslar\u0131, lavabo, k\u00fcvet, mutfak&#8230;<\/p>\n","protected":false},"featured_media":121341,"comment_status":"open","ping_status":"closed","template":"","meta":{"_kad_post_transparent":"","_kad_post_title":"","_kad_post_layout":"","_kad_post_sidebar_id":"","_kad_post_content_style":"","_kad_post_vertical_padding":"","_kad_post_feature":"","_kad_post_feature_position":"","_kad_post_header":false,"_kad_post_footer":false,"_kad_post_classname":""},"product_brand":[],"product_cat":[15053],"product_tag":[],"class_list":{"0":"post-121342","1":"product","2":"type-product","3":"status-publish","4":"has-post-thumbnail","6":"product_cat-oto-bakim-seti-oto-bakim-seti-2","8":"first","9":"instock","10":"purchasable","11":"product-type-simple","12":"entry","13":"content-bg","14":"loop-entry"},"_links":{"self":[{"href":"https:\/\/www.hediyepazar.com\/index.php?rest_route=\/wp\/v2\/product\/121342","targetHints":{"allow":["GET"]}}],"collection":[{"href":"https:\/\/www.hediyepazar.com\/index.php?rest_route=\/wp\/v2\/product"}],"about":[{"href":"https:\/\/www.hediyepazar.com\/index.php?rest_route=\/wp\/v2\/types\/product"}],"replies":[{"embeddable":true,"href":"https:\/\/www.hediyepazar.com\/index.php?rest_route=%2Fwp%2Fv2%2Fcomments&post=121342"}],"wp:featuredmedia":[{"embeddable":true,"href":"https:\/\/www.hediyepazar.com\/index.php?rest_route=\/wp\/v2\/media\/121341"}],"wp:attachment":[{"href":"https:\/\/www.hediyepazar.com\/index.php?rest_route=%2Fwp%2Fv2%2Fmedia&parent=121342"}],"wp:term":[{"taxonomy":"product_brand","embeddable":true,"href":"https:\/\/www.hediyepazar.com\/index.php?rest_route=%2Fwp%2Fv2%2Fproduct_brand&post=121342"},{"taxonomy":"product_cat","embeddable":true,"href":"https:\/\/www.hediyepazar.com\/index.php?rest_route=%2Fwp%2Fv2%2Fproduct_cat&post=121342"},{"taxonomy":"product_tag","embeddable":true,"href":"https:\/\/www.hediyepazar.com\/index.php?rest_route=%2Fwp%2Fv2%2Fproduct_tag&post=121342"}],"curies":[{"name":"wp","href":"https:\/\/api.w.org\/{rel}","templated":true}]}}