{"id":121350,"date":"2026-05-06T07:06:36","date_gmt":"2026-05-06T10:06:36","guid":{"rendered":"https:\/\/www.hediyepazar.com\/?product=48v-kablosuz-yikama-makinesi-2-pil-kopuk-tanki-ve-ayarlanabilir"},"modified":"2026-05-06T07:06:36","modified_gmt":"2026-05-06T10:06:36","slug":"48v-kablosuz-yikama-makinesi-2-pil-kopuk-tanki-ve-ayarlanabilir","status":"publish","type":"product","link":"https:\/\/www.hediyepazar.com\/?product=48v-kablosuz-yikama-makinesi-2-pil-kopuk-tanki-ve-ayarlanabilir","title":{"rendered":"48V Kablosuz Y\u0131kama Makinesi \u2013 2 Pil K\u00f6p\u00fck Tank\u0131 ve Ayarlanabilir"},"content":{"rendered":"<p>Profesyonel temizlik art\u0131k \u00e7ok daha kolay!Bu 48V kablosuz bas\u0131n\u00e7l\u0131 y\u0131kama makinesi, y\u00fcksek performansl\u0131 bak\u0131r motoru sayesinde ara\u00e7, bah\u00e7e ve ev temizli\u011finde m\u00fckemmel sonu\u00e7lar verir.Kablolardan kurtulun; yaln\u0131zca birka\u00e7 dakika i\u00e7inde g\u00fc\u00e7l\u00fc su bas\u0131nc\u0131yla her y\u00fczeyi p\u0131r\u0131l p\u0131r\u0131l hale getirin.20000 RPM motor h\u0131z\u0131, inat\u00e7\u0131 kirleri bile k\u0131sa s\u00fcrede temizler.Ayr\u0131ca 0\u00b0 ve 40\u00b0 a\u00e7\u0131l\u0131 iki farkl\u0131 nozulu, su p\u00fcsk\u00fcrtme a\u00e7\u0131s\u0131n\u0131 y\u00fczeye g\u00f6re ayarlaman\u0131z\u0131 sa\u011flar.K\u00f6p\u00fck haznesi sayesinde ara\u00e7 y\u0131karken profesyonel k\u00f6p\u00fck etkisi elde edilir.Dahili 5 metrelik su hortumu, kovadan veya do\u011frudan su kayna\u011f\u0131ndan kolayca su \u00e7ekmenizi sa\u011flar.1\/4 in\u00e7 h\u0131zl\u0131 ba\u011flant\u0131 sistemi, ba\u015fl\u0131k de\u011fi\u015fimlerini saniyeler i\u00e7inde ger\u00e7ekle\u015ftirmenizi m\u00fcmk\u00fcn k\u0131lar.Uzun al\u00fcminyum uzatma borusu, y\u00fcksek y\u00fczeylere ula\u015fmay\u0131 kolayla\u015ft\u0131r\u0131r.Ergonomik tutma kolu, kullan\u0131m s\u0131ras\u0131nda konfor sa\u011flar.\u00dcr\u00fcn setinde: 2 adet 48V pil, \u015farj cihaz\u0131, 0\u00b0 ve 40\u00b0 nozullar, 5M hortum, k\u00f6p\u00fck \u015fi\u015fesi, paslanmaz \u00e7elik uzatma \u00e7ubu\u011fu ve kullan\u0131m k\u0131lavuzu bulunur.Yakla\u015f\u0131k 50 dakikal\u0131k \u00e7al\u0131\u015fma s\u00fcresiyle hem g\u00fc\u00e7l\u00fc hem uzun \u00f6m\u00fcrl\u00fc bir temizlik deneyimi sunar.Bu ta\u015f\u0131nabilir y\u0131kama makinesi; ara\u00e7 y\u0131kamadan bah\u00e7e sulamaya, motosikletten kamp ekipman\u0131na kadar her alanda kullanabilece\u011finiz \u00e7ok y\u00f6nl\u00fc bir temizlik \u00e7\u00f6z\u00fcm\u00fcd\u00fcr.<\/p>\n","protected":false},"excerpt":{"rendered":"<p>Profesyonel temizlik art\u0131k \u00e7ok daha kolay!Bu 48V kablosuz bas\u0131n\u00e7l\u0131 y\u0131kama makinesi, y\u00fcksek performansl\u0131 bak\u0131r motoru sayesinde ara\u00e7, bah\u00e7e ve ev temizli\u011finde m\u00fckemmel sonu\u00e7lar verir.Kablolardan kurtulun; yaln\u0131zca birka\u00e7 dakika i\u00e7inde g\u00fc\u00e7l\u00fc su bas\u0131nc\u0131yla her y\u00fczeyi p\u0131r\u0131l p\u0131r\u0131l hale getirin.20000 RPM motor h\u0131z\u0131, inat\u00e7\u0131 kirleri bile k\u0131sa s\u00fcrede temizler.Ayr\u0131ca 0\u00b0 ve 40\u00b0 a\u00e7\u0131l\u0131 iki farkl\u0131 nozulu, su&#8230;<\/p>\n","protected":false},"featured_media":121349,"comment_status":"open","ping_status":"closed","template":"","meta":{"_kad_post_transparent":"","_kad_post_title":"","_kad_post_layout":"","_kad_post_sidebar_id":"","_kad_post_content_style":"","_kad_post_vertical_padding":"","_kad_post_feature":"","_kad_post_feature_position":"","_kad_post_header":false,"_kad_post_footer":false,"_kad_post_classname":""},"product_brand":[],"product_cat":[14971],"product_tag":[],"class_list":{"0":"post-121350","1":"product","2":"type-product","3":"status-publish","4":"has-post-thumbnail","6":"product_cat-yuksek-basincli-yikama-makinesi-yuksek-basincli-yikama-makinesi","8":"first","9":"instock","10":"purchasable","11":"product-type-simple","12":"entry","13":"content-bg","14":"loop-entry"},"_links":{"self":[{"href":"https:\/\/www.hediyepazar.com\/index.php?rest_route=\/wp\/v2\/product\/121350","targetHints":{"allow":["GET"]}}],"collection":[{"href":"https:\/\/www.hediyepazar.com\/index.php?rest_route=\/wp\/v2\/product"}],"about":[{"href":"https:\/\/www.hediyepazar.com\/index.php?rest_route=\/wp\/v2\/types\/product"}],"replies":[{"embeddable":true,"href":"https:\/\/www.hediyepazar.com\/index.php?rest_route=%2Fwp%2Fv2%2Fcomments&post=121350"}],"wp:featuredmedia":[{"embeddable":true,"href":"https:\/\/www.hediyepazar.com\/index.php?rest_route=\/wp\/v2\/media\/121349"}],"wp:attachment":[{"href":"https:\/\/www.hediyepazar.com\/index.php?rest_route=%2Fwp%2Fv2%2Fmedia&parent=121350"}],"wp:term":[{"taxonomy":"product_brand","embeddable":true,"href":"https:\/\/www.hediyepazar.com\/index.php?rest_route=%2Fwp%2Fv2%2Fproduct_brand&post=121350"},{"taxonomy":"product_cat","embeddable":true,"href":"https:\/\/www.hediyepazar.com\/index.php?rest_route=%2Fwp%2Fv2%2Fproduct_cat&post=121350"},{"taxonomy":"product_tag","embeddable":true,"href":"https:\/\/www.hediyepazar.com\/index.php?rest_route=%2Fwp%2Fv2%2Fproduct_tag&post=121350"}],"curies":[{"name":"wp","href":"https:\/\/api.w.org\/{rel}","templated":true}]}}