{"id":121405,"date":"2026-05-06T07:16:00","date_gmt":"2026-05-06T10:16:00","guid":{"rendered":"https:\/\/www.hediyepazar.com\/?product=bluetooth-kablosuz-gamepad-tv-pc-telefon-uyumlulugu-kolay-baglantili"},"modified":"2026-05-06T07:16:00","modified_gmt":"2026-05-06T10:16:00","slug":"bluetooth-kablosuz-gamepad-tv-pc-telefon-uyumlulugu-kolay-baglantili","status":"publish","type":"product","link":"https:\/\/www.hediyepazar.com\/?product=bluetooth-kablosuz-gamepad-tv-pc-telefon-uyumlulugu-kolay-baglantili","title":{"rendered":"Bluetooth Kablosuz Gamepad TV PC Telefon Uyumlulu\u011fu Kolay Ba\u011flant\u0131l\u0131"},"content":{"rendered":"<p>Bu kablosuz Bluetooth gamepad, oyun deneyimini \u00f6zg\u00fcr ve rahat hale getirmek isteyen kullan\u0131c\u0131lar i\u00e7in \u00f6zel olarak tasarlanm\u0131\u015f ergonomik bir oyun kontrol cihaz\u0131d\u0131r. Kablosuz ba\u011flant\u0131 teknolojisi sayesinde Bluetooth \u00f6zelli\u011fi bulunan televizyon, bilgisayar ve cep telefonlar\u0131yla kolayca e\u015fle\u015fir. Kablo k\u0131s\u0131tlamas\u0131 olmadan geni\u015f hareket alan\u0131 sa\u011flar ve oyun s\u0131ras\u0131nda daha konforlu bir kullan\u0131m sunar. Hem mobil hem PC hem de TV \u00fczerinden oyun oynamay\u0131 seven kullan\u0131c\u0131lar i\u00e7in ideal bir \u00e7\u00f6z\u00fcmd\u00fcr.Gamepad\u2019in kurulumu son derece basittir. Kutunun i\u00e7inde yer alan kullan\u0131m k\u0131lavuzu, ad\u0131m ad\u0131m ba\u011flant\u0131 talimatlar\u0131 i\u00e7erir ve teknik bilgi gerektirmeden kolay kurulum sa\u011flar. Sadece cihaz\u0131n\u0131z\u0131n Bluetooth\u2019unu a\u00e7arak gamepad\u2019i e\u015fle\u015ftirmeniz yeterlidir. Ba\u011flant\u0131 kararl\u0131 ve h\u0131zl\u0131d\u0131r, bu da oyun oynarken gecikme olmadan daha ak\u0131c\u0131 bir performans elde etmenizi m\u00fcmk\u00fcn k\u0131lar.\u00d6nemli bir detay olarak, gamepad ayn\u0131 anda yaln\u0131zca tek bir cihaza ba\u011flanabilir. Yani iki ayr\u0131 gamepad ile e\u015fle\u015fme ya da ayn\u0131 anda iki cihaza ba\u011flanma deste\u011fi yoktur. Bu \u00f6zellik, tek oyunculu oyunlar ya da mobil oyunlarda maksimum uyumluluk sunar.Gamepad ergonomik yap\u0131s\u0131yla uzun s\u00fcreli kullan\u0131mlarda bile elinizi yormaz. Tu\u015f yerle\u015fimi, oyunlarda en \u00e7ok kullan\u0131lan komutlara h\u0131zl\u0131 eri\u015fim sa\u011flayacak \u015fekilde tasarlanm\u0131\u015ft\u0131r. Hassas tu\u015f reaksiyonlar\u0131 sayesinde FPS, spor, yar\u0131\u015f ve macera t\u00fcr\u00fcndeki oyunlarda y\u00fcksek performans sunar.\u015earjl\u0131 yap\u0131s\u0131 sayesinde kablo olmadan saatlerce kullan\u0131m imk\u00e2n\u0131 sunar. Hafif ve kompakt tasar\u0131m\u0131, ta\u015f\u0131may\u0131 kolayla\u015ft\u0131r\u0131r. B\u00f6ylece evde, seyahatte, d\u0131\u015far\u0131da veya arkada\u015f ortam\u0131nda diledi\u011finiz yerde oyun oynamaya devam edebilirsiniz.Bluetooth teknolojisi ile geni\u015f cihaz uyumlulu\u011fu sunan bu kablosuz gamepad; kablo derdini ortadan kald\u0131ran, ta\u015f\u0131nabilir, ergonomik ve pratik bir oyun kumandas\u0131 arayan herkes i\u00e7in m\u00fckemmel bir tercihtir.<\/p>\n","protected":false},"excerpt":{"rendered":"<p>Bu kablosuz Bluetooth gamepad, oyun deneyimini \u00f6zg\u00fcr ve rahat hale getirmek isteyen kullan\u0131c\u0131lar i\u00e7in \u00f6zel olarak tasarlanm\u0131\u015f ergonomik bir oyun kontrol cihaz\u0131d\u0131r. Kablosuz ba\u011flant\u0131 teknolojisi sayesinde Bluetooth \u00f6zelli\u011fi bulunan televizyon, bilgisayar ve cep telefonlar\u0131yla kolayca e\u015fle\u015fir. Kablo k\u0131s\u0131tlamas\u0131 olmadan geni\u015f hareket alan\u0131 sa\u011flar ve oyun s\u0131ras\u0131nda daha konforlu bir kullan\u0131m sunar. Hem mobil hem PC&#8230;<\/p>\n","protected":false},"featured_media":121404,"comment_status":"open","ping_status":"closed","template":"","meta":{"_kad_post_transparent":"","_kad_post_title":"","_kad_post_layout":"","_kad_post_sidebar_id":"","_kad_post_content_style":"","_kad_post_vertical_padding":"","_kad_post_feature":"","_kad_post_feature_position":"","_kad_post_header":false,"_kad_post_footer":false,"_kad_post_classname":""},"product_brand":[],"product_cat":[14961],"product_tag":[],"class_list":{"0":"post-121405","1":"product","2":"type-product","3":"status-publish","4":"has-post-thumbnail","6":"product_cat-oyun-konsolu-oyun-konsolu","8":"first","9":"instock","10":"purchasable","11":"product-type-simple","12":"entry","13":"content-bg","14":"loop-entry"},"_links":{"self":[{"href":"https:\/\/www.hediyepazar.com\/index.php?rest_route=\/wp\/v2\/product\/121405","targetHints":{"allow":["GET"]}}],"collection":[{"href":"https:\/\/www.hediyepazar.com\/index.php?rest_route=\/wp\/v2\/product"}],"about":[{"href":"https:\/\/www.hediyepazar.com\/index.php?rest_route=\/wp\/v2\/types\/product"}],"replies":[{"embeddable":true,"href":"https:\/\/www.hediyepazar.com\/index.php?rest_route=%2Fwp%2Fv2%2Fcomments&post=121405"}],"wp:featuredmedia":[{"embeddable":true,"href":"https:\/\/www.hediyepazar.com\/index.php?rest_route=\/wp\/v2\/media\/121404"}],"wp:attachment":[{"href":"https:\/\/www.hediyepazar.com\/index.php?rest_route=%2Fwp%2Fv2%2Fmedia&parent=121405"}],"wp:term":[{"taxonomy":"product_brand","embeddable":true,"href":"https:\/\/www.hediyepazar.com\/index.php?rest_route=%2Fwp%2Fv2%2Fproduct_brand&post=121405"},{"taxonomy":"product_cat","embeddable":true,"href":"https:\/\/www.hediyepazar.com\/index.php?rest_route=%2Fwp%2Fv2%2Fproduct_cat&post=121405"},{"taxonomy":"product_tag","embeddable":true,"href":"https:\/\/www.hediyepazar.com\/index.php?rest_route=%2Fwp%2Fv2%2Fproduct_tag&post=121405"}],"curies":[{"name":"wp","href":"https:\/\/api.w.org\/{rel}","templated":true}]}}