{"id":121415,"date":"2026-05-06T07:18:06","date_gmt":"2026-05-06T10:18:06","guid":{"rendered":"https:\/\/www.hediyepazar.com\/?product=50-cihaz-destekli-300mbps-kablosuz-sinyal-guclendirici-rj45-kablolu-kullanim"},"modified":"2026-05-06T07:18:06","modified_gmt":"2026-05-06T10:18:06","slug":"50-cihaz-destekli-300mbps-kablosuz-sinyal-guclendirici-rj45-kablolu-kullanim","status":"publish","type":"product","link":"https:\/\/www.hediyepazar.com\/?product=50-cihaz-destekli-300mbps-kablosuz-sinyal-guclendirici-rj45-kablolu-kullanim","title":{"rendered":"50 Cihaz Destekli 300Mbps Kablosuz Sinyal G\u00fc\u00e7lendirici RJ45 Kablolu Kullan\u0131m"},"content":{"rendered":"<p>Bu y\u00fcksek performansl\u0131 300Mbps WiFi repeater, zay\u0131f sinyal problemi ya\u015fayan b\u00f6lgelerde interneti g\u00fc\u00e7lendirerek daha geni\u015f bir kapsama alan\u0131 olu\u015fturmak i\u00e7in \u00f6zel olarak geli\u015ftirilmi\u015ftir. 4 adet 3dBi anteni sayesinde g\u00fc\u00e7l\u00fc \u00e7ekim sa\u011flar ve 300 m\u00b2\u2019ye kadar kapal\u0131 alanlarda verimli \u015fekilde \u00e7al\u0131\u015f\u0131r. Bu sayede modemden uzak odalarda ya da kal\u0131n duvarlar\u0131n bulundu\u011fu ortamlarda bile internet h\u0131z\u0131 ve ba\u011flant\u0131 stabilitesi korunur.Repeater, kablosuz olarak 300Mbps h\u0131z sunarken, Ethernet portu \u00fczerinden 100Mbps kablolu ba\u011flant\u0131 sa\u011flar. Bu \u00e7ift yap\u0131l\u0131 kullan\u0131m, hem kablosuz geni\u015fletme hem de kablolu modem ba\u011flant\u0131s\u0131 isteyen kullan\u0131c\u0131lar i\u00e7in b\u00fcy\u00fck bir esneklik sa\u011flar. Ayn\u0131 anda 50 farkl\u0131 cihaz\u0131n ba\u011flanabilmesi, cihaz\u0131 kalabal\u0131k evler, k\u00fc\u00e7\u00fck i\u015fletmeler, kafeler ve yo\u011fun kullan\u0131c\u0131 trafi\u011fi olan ortamlar i\u00e7in ideal hale getirir.Cihaz, g\u00fcvenlik a\u00e7\u0131s\u0131ndan en g\u00fcncel teknoloji olan WPA3 protokol\u00fc ile korunmaktad\u0131r. Bu g\u00fcvenlik standard\u0131, kablosuz a\u011f\u0131n\u0131z\u0131 \u015fifreleme ve veri koruma a\u00e7\u0131s\u0131ndan \u00e7ok daha g\u00fcvenli hale getirir. B\u00f6ylece hem ki\u015fisel hem kurumsal verileriniz daha g\u00fcvende olur.Kurulumu olduk\u00e7a kolayd\u0131r. Direkt prize tak\u0131labilen pratik tasar\u0131m\u0131 sayesinde ek kablo karma\u015fas\u0131 olu\u015fturmaz. Dileyen kullan\u0131c\u0131lar i\u00e7in paket i\u00e7inde RJ45\u2013RJ45 Ethernet kablosu mevcuttur; bu kablo ile kablolu ba\u011flant\u0131 yap\u0131labilir. Hem h\u0131zl\u0131 hem temiz bir kurulum deneyimi sunar.Cihaz, y\u00f6nlendiricinize istemci olarak ba\u011flanarak mevcut sinyali al\u0131r ve farkl\u0131 odalara daha g\u00fc\u00e7l\u00fc \u015fekilde aktar\u0131r. R\u00f6le deste\u011fi sayesinde sinyal kesintileri azal\u0131r, geni\u015f bir alan boyunca ayn\u0131 g\u00fc\u00e7te WiFi yay\u0131n\u0131 elde edilir. Bu teknoloji sayesinde evinizdeki \u00f6l\u00fc noktalar tamamen ortadan kalkar.Y\u00fcksek \u00e7ekim kapasitesi, geni\u015f kapsama alan\u0131, WPA3 g\u00fcvenli\u011fi ve \u00e7oklu cihaz deste\u011fi ile bu repeater, WiFi problemlerini \u00e7\u00f6zmek isteyen kullan\u0131c\u0131lar i\u00e7in en g\u00fc\u00e7l\u00fc ve modern \u00e7\u00f6z\u00fcmlerden biridir.<\/p>\n","protected":false},"excerpt":{"rendered":"<p>Bu y\u00fcksek performansl\u0131 300Mbps WiFi repeater, zay\u0131f sinyal problemi ya\u015fayan b\u00f6lgelerde interneti g\u00fc\u00e7lendirerek daha geni\u015f bir kapsama alan\u0131 olu\u015fturmak i\u00e7in \u00f6zel olarak geli\u015ftirilmi\u015ftir. 4 adet 3dBi anteni sayesinde g\u00fc\u00e7l\u00fc \u00e7ekim sa\u011flar ve 300 m\u00b2\u2019ye kadar kapal\u0131 alanlarda verimli \u015fekilde \u00e7al\u0131\u015f\u0131r. Bu sayede modemden uzak odalarda ya da kal\u0131n duvarlar\u0131n bulundu\u011fu ortamlarda bile internet h\u0131z\u0131 ve&#8230;<\/p>\n","protected":false},"featured_media":121414,"comment_status":"open","ping_status":"closed","template":"","meta":{"_kad_post_transparent":"","_kad_post_title":"","_kad_post_layout":"","_kad_post_sidebar_id":"","_kad_post_content_style":"","_kad_post_vertical_padding":"","_kad_post_feature":"","_kad_post_feature_position":"","_kad_post_header":false,"_kad_post_footer":false,"_kad_post_classname":""},"product_brand":[],"product_cat":[14989],"product_tag":[],"class_list":{"0":"post-121415","1":"product","2":"type-product","3":"status-publish","4":"has-post-thumbnail","6":"product_cat-wireless-adaptor-wireless-adaptor","8":"first","9":"instock","10":"purchasable","11":"product-type-simple","12":"entry","13":"content-bg","14":"loop-entry"},"_links":{"self":[{"href":"https:\/\/www.hediyepazar.com\/index.php?rest_route=\/wp\/v2\/product\/121415","targetHints":{"allow":["GET"]}}],"collection":[{"href":"https:\/\/www.hediyepazar.com\/index.php?rest_route=\/wp\/v2\/product"}],"about":[{"href":"https:\/\/www.hediyepazar.com\/index.php?rest_route=\/wp\/v2\/types\/product"}],"replies":[{"embeddable":true,"href":"https:\/\/www.hediyepazar.com\/index.php?rest_route=%2Fwp%2Fv2%2Fcomments&post=121415"}],"wp:featuredmedia":[{"embeddable":true,"href":"https:\/\/www.hediyepazar.com\/index.php?rest_route=\/wp\/v2\/media\/121414"}],"wp:attachment":[{"href":"https:\/\/www.hediyepazar.com\/index.php?rest_route=%2Fwp%2Fv2%2Fmedia&parent=121415"}],"wp:term":[{"taxonomy":"product_brand","embeddable":true,"href":"https:\/\/www.hediyepazar.com\/index.php?rest_route=%2Fwp%2Fv2%2Fproduct_brand&post=121415"},{"taxonomy":"product_cat","embeddable":true,"href":"https:\/\/www.hediyepazar.com\/index.php?rest_route=%2Fwp%2Fv2%2Fproduct_cat&post=121415"},{"taxonomy":"product_tag","embeddable":true,"href":"https:\/\/www.hediyepazar.com\/index.php?rest_route=%2Fwp%2Fv2%2Fproduct_tag&post=121415"}],"curies":[{"name":"wp","href":"https:\/\/api.w.org\/{rel}","templated":true}]}}