{"id":121433,"date":"2026-05-06T07:19:13","date_gmt":"2026-05-06T10:19:13","guid":{"rendered":"https:\/\/www.hediyepazar.com\/?product=kahve-ve-baharat-ogutucu-otomatik-mekanizmali-dayanikli-celik"},"modified":"2026-05-06T07:19:13","modified_gmt":"2026-05-06T10:19:13","slug":"kahve-ve-baharat-ogutucu-otomatik-mekanizmali-dayanikli-celik","status":"publish","type":"product","link":"https:\/\/www.hediyepazar.com\/?product=kahve-ve-baharat-ogutucu-otomatik-mekanizmali-dayanikli-celik","title":{"rendered":"Kahve ve Baharat \u00d6\u011f\u00fct\u00fcc\u00fc Otomatik Mekanizmal\u0131 Dayan\u0131kl\u0131 \u00c7elik"},"content":{"rendered":"<p>Bu otomatik kahve ve baharat \u00f6\u011f\u00fct\u00fcc\u00fc, paslanmaz \u00e7elik malzemesi ve g\u00fc\u00e7l\u00fc motoruyla mutfakta \u00fcst\u00fcn performans sunmak i\u00e7in tasarlanm\u0131\u015ft\u0131r. Dayan\u0131kl\u0131 \u00e7elik g\u00f6vdesi sayesinde darbelere, \u00e7izilmelere ve s\u0131cakl\u0131k de\u011fi\u015fimlerine kar\u015f\u0131 y\u00fcksek diren\u00e7 g\u00f6sterir. Bu dayan\u0131kl\u0131l\u0131k uzun \u00f6m\u00fcrl\u00fc kullan\u0131m sa\u011flar, b\u00f6ylece cihaz\u0131n\u0131z\u0131 y\u0131llarca g\u00fcvenle kullanabilirsiniz.Otomatik mekanik \u00e7al\u0131\u015fma sistemi, \u00f6\u011f\u00fctme i\u015flemini tek tu\u015fla zahmetsiz bir hale getirir. Kahve \u00e7ekirdekleri, karabiber, kimyon, ki\u015fni\u015f, kaya tuzu veya kuru bitkiler gibi bir\u00e7ok malzemeyi saniyeler i\u00e7inde ince bir formda \u00f6\u011f\u00fctebilir. G\u00fc\u00e7l\u00fc \u00e7elik b\u0131\u00e7aklar\u0131n keskinli\u011fi \u00f6\u011f\u00fctme s\u0131ras\u0131nda y\u00fcksek verimlilik sa\u011flar. \u00dcr\u00fcnle birlikte verilen yedek b\u0131\u00e7ak hediyesi sayesinde y\u0131llarca b\u0131\u00e7ak yenileme maliyeti olmadan cihaz\u0131 kullanabilirsiniz.Kolay temizlenebilir tasar\u0131m\u0131, g\u00fcnl\u00fck kullan\u0131mda b\u00fcy\u00fck avantaj sa\u011flar. \u0130\u00e7 haznenin p\u00fcr\u00fczs\u00fcz y\u00fczeyi silinerek temizlenebilir veya \u00e7\u0131kar\u0131labilir yap\u0131ya sahipse sudan ge\u00e7irilebilir. Bu temizlik kolayl\u0131\u011f\u0131 hijyenik kullan\u0131m sunar ve cihaz\u0131n performans\u0131n\u0131 uzun s\u00fcre korur.Modern ve \u015f\u0131k tasar\u0131m\u0131 mutfaklara estetik bir dokunu\u015f katar. Kompakt yap\u0131s\u0131 sayesinde fazla yer kaplamaz ve tezg\u00e2h \u00fczerinde d\u00fczenli bir g\u00f6r\u00fcn\u00fcm sa\u011flar. Kaymaz taban\u0131 sayesinde kullan\u0131m s\u0131ras\u0131nda cihaz sabit durur ve g\u00fcvenli bir \u00f6\u011f\u00fctme i\u015flemi ger\u00e7ekle\u015fir.Kahve tutkunlar\u0131 i\u00e7in taze \u00e7ekilmi\u015f kahve deneyimini m\u00fcmk\u00fcn k\u0131lar; yemek yaparken do\u011fal baharat aromas\u0131n\u0131 koruyan taze \u00f6\u011f\u00fct\u00fclm\u00fc\u015f baharatlar elde etmenizi sa\u011flar. G\u00fc\u00e7l\u00fc motoru, dayan\u0131kl\u0131 yap\u0131s\u0131 ve pratik kullan\u0131m\u0131yla bu otomatik kahve ve baharat \u00f6\u011f\u00fct\u00fcc\u00fc mutfakta hem konfor hem verimlilik arayan herkes i\u00e7in ideal bir \u00e7\u00f6z\u00fcmd\u00fcr.<\/p>\n","protected":false},"excerpt":{"rendered":"<p>Bu otomatik kahve ve baharat \u00f6\u011f\u00fct\u00fcc\u00fc, paslanmaz \u00e7elik malzemesi ve g\u00fc\u00e7l\u00fc motoruyla mutfakta \u00fcst\u00fcn performans sunmak i\u00e7in tasarlanm\u0131\u015ft\u0131r. Dayan\u0131kl\u0131 \u00e7elik g\u00f6vdesi sayesinde darbelere, \u00e7izilmelere ve s\u0131cakl\u0131k de\u011fi\u015fimlerine kar\u015f\u0131 y\u00fcksek diren\u00e7 g\u00f6sterir. Bu dayan\u0131kl\u0131l\u0131k uzun \u00f6m\u00fcrl\u00fc kullan\u0131m sa\u011flar, b\u00f6ylece cihaz\u0131n\u0131z\u0131 y\u0131llarca g\u00fcvenle kullanabilirsiniz.Otomatik mekanik \u00e7al\u0131\u015fma sistemi, \u00f6\u011f\u00fctme i\u015flemini tek tu\u015fla zahmetsiz bir hale getirir. Kahve \u00e7ekirdekleri,&#8230;<\/p>\n","protected":false},"featured_media":121432,"comment_status":"open","ping_status":"closed","template":"","meta":{"_kad_post_transparent":"","_kad_post_title":"","_kad_post_layout":"","_kad_post_sidebar_id":"","_kad_post_content_style":"","_kad_post_vertical_padding":"","_kad_post_feature":"","_kad_post_feature_position":"","_kad_post_header":false,"_kad_post_footer":false,"_kad_post_classname":""},"product_brand":[],"product_cat":[15016],"product_tag":[],"class_list":{"0":"post-121433","1":"product","2":"type-product","3":"status-publish","4":"has-post-thumbnail","6":"product_cat-baharat-ogutucu-baharat-ogutucu-2","8":"first","9":"instock","10":"purchasable","11":"product-type-simple","12":"entry","13":"content-bg","14":"loop-entry"},"_links":{"self":[{"href":"https:\/\/www.hediyepazar.com\/index.php?rest_route=\/wp\/v2\/product\/121433","targetHints":{"allow":["GET"]}}],"collection":[{"href":"https:\/\/www.hediyepazar.com\/index.php?rest_route=\/wp\/v2\/product"}],"about":[{"href":"https:\/\/www.hediyepazar.com\/index.php?rest_route=\/wp\/v2\/types\/product"}],"replies":[{"embeddable":true,"href":"https:\/\/www.hediyepazar.com\/index.php?rest_route=%2Fwp%2Fv2%2Fcomments&post=121433"}],"wp:featuredmedia":[{"embeddable":true,"href":"https:\/\/www.hediyepazar.com\/index.php?rest_route=\/wp\/v2\/media\/121432"}],"wp:attachment":[{"href":"https:\/\/www.hediyepazar.com\/index.php?rest_route=%2Fwp%2Fv2%2Fmedia&parent=121433"}],"wp:term":[{"taxonomy":"product_brand","embeddable":true,"href":"https:\/\/www.hediyepazar.com\/index.php?rest_route=%2Fwp%2Fv2%2Fproduct_brand&post=121433"},{"taxonomy":"product_cat","embeddable":true,"href":"https:\/\/www.hediyepazar.com\/index.php?rest_route=%2Fwp%2Fv2%2Fproduct_cat&post=121433"},{"taxonomy":"product_tag","embeddable":true,"href":"https:\/\/www.hediyepazar.com\/index.php?rest_route=%2Fwp%2Fv2%2Fproduct_tag&post=121433"}],"curies":[{"name":"wp","href":"https:\/\/api.w.org\/{rel}","templated":true}]}}