{"id":121445,"date":"2026-05-06T07:20:59","date_gmt":"2026-05-06T10:20:59","guid":{"rendered":"https:\/\/www.hediyepazar.com\/?product=tam-kablosuz-oyuncu-kulakligi-5-0-bluetooth-led-kontrollu"},"modified":"2026-05-06T07:20:59","modified_gmt":"2026-05-06T10:20:59","slug":"tam-kablosuz-oyuncu-kulakligi-5-0-bluetooth-led-kontrollu","status":"publish","type":"product","link":"https:\/\/www.hediyepazar.com\/?product=tam-kablosuz-oyuncu-kulakligi-5-0-bluetooth-led-kontrollu","title":{"rendered":"Tam Kablosuz Oyuncu Kulakl\u0131\u011f\u0131 5.0 Bluetooth LED Kontroll\u00fc"},"content":{"rendered":"<p>Tam Kablosuz Bluetooth Kulakl\u0131k, kablo kullan\u0131m\u0131na ihtiya\u00e7 duymadan \u00f6zg\u00fcr bir m\u00fczik ve oyun deneyimi ya\u015famak isteyenler i\u00e7in tasarlanm\u0131\u015ft\u0131r. Tam kablosuz yap\u0131s\u0131 sayesinde kablo dola\u015fmas\u0131, y\u0131pranma veya kopma problemi ortadan kalkar. Bluetooth 5.0 teknolojisi, h\u0131zl\u0131 e\u015fle\u015fme ve kararl\u0131 ba\u011flant\u0131 sunarak g\u00fcnl\u00fck kullan\u0131mda maksimum verim sa\u011flar. Kulakl\u0131k, IOS ve Android cihazlarla uyumludur.12 mm dinamik s\u00fcr\u00fcc\u00fcleri g\u00fc\u00e7l\u00fc ses performans\u0131 sunarken, stereo \u00e7\u0131k\u0131\u015f\u0131 sayesinde daha derin bas, temiz orta tonlar ve net tizler elde edebilirsiniz. 20 Hz \u2013 20 kHz frekans aral\u0131\u011f\u0131, kulakl\u0131klar\u0131n geni\u015f bir ses aral\u0131\u011f\u0131 sunmas\u0131n\u0131 sa\u011flar. Pasif g\u00fcr\u00fclt\u00fc \u00f6nleme \u00f6zelli\u011fi d\u0131\u015f ortam seslerini engelleyerek kullan\u0131c\u0131ya daha izole, odakl\u0131 ve kaliteli bir dinleme deneyimi ya\u015fat\u0131r.Tek \u015farjla 4 saat kesintisiz kullan\u0131m sunan K55 Ally kulakl\u0131k, 400 mAh \u015farj kutusu sayesinde birden fazla kez \u015farj edilebilir. 120 saat bekleme s\u00fcresiyle uzun s\u00fcre boyunca enerji kayb\u0131 ya\u015famadan kullanabilirsiniz. Kulakl\u0131k 45 dakikada, \u015farj kutusu ise 1.2 saatte tamamen \u015farj olur. Type-C \u015farj giri\u015fi ise h\u0131zl\u0131 ve pratik \u015farj imk\u00e2n\u0131 sa\u011flar.Kulakl\u0131k \u00fczerinde yer alan kontrol paneli sayesinde aramalar\u0131 yan\u0131tlayabilir, m\u00fczikleri duraklatabilir, \u015fark\u0131 de\u011fi\u015ftirebilir ve ses ayar\u0131 yapabilirsiniz. LED \u0131\u015f\u0131klar\u0131 kulakl\u0131\u011fa modern bir g\u00f6r\u00fcn\u00fcm kazand\u0131r\u0131rken kullan\u0131m s\u0131ras\u0131nda \u015f\u0131k bir atmosfer olu\u015fturur. Dahili mikrofon, g\u00f6r\u00fc\u015fmelerde d\u0131\u015f sesleri minimize ederek net ileti\u015fim sa\u011flar.10 metre \u00e7ekim mesafesi ile evde, i\u015fte veya spor yaparken \u00f6zg\u00fcrce kullan\u0131m imk\u00e2n\u0131 sunar. Hafif ve ergonomik tasar\u0131m\u0131 kula\u011fa tam oturur ve uzun s\u00fcre kullan\u0131mda rahats\u0131z etmez. K55 Ally, oyun, m\u00fczik, film ve g\u00fcnl\u00fck kullan\u0131m i\u00e7in g\u00fc\u00e7l\u00fc performans sunan tam kablosuz bir kulakl\u0131k \u00e7\u00f6z\u00fcm\u00fcd\u00fcr.<\/p>\n","protected":false},"excerpt":{"rendered":"<p>Tam Kablosuz Bluetooth Kulakl\u0131k, kablo kullan\u0131m\u0131na ihtiya\u00e7 duymadan \u00f6zg\u00fcr bir m\u00fczik ve oyun deneyimi ya\u015famak isteyenler i\u00e7in tasarlanm\u0131\u015ft\u0131r. Tam kablosuz yap\u0131s\u0131 sayesinde kablo dola\u015fmas\u0131, y\u0131pranma veya kopma problemi ortadan kalkar. Bluetooth 5.0 teknolojisi, h\u0131zl\u0131 e\u015fle\u015fme ve kararl\u0131 ba\u011flant\u0131 sunarak g\u00fcnl\u00fck kullan\u0131mda maksimum verim sa\u011flar. Kulakl\u0131k, IOS ve Android cihazlarla uyumludur.12 mm dinamik s\u00fcr\u00fcc\u00fcleri g\u00fc\u00e7l\u00fc ses&#8230;<\/p>\n","protected":false},"featured_media":121444,"comment_status":"open","ping_status":"closed","template":"","meta":{"_kad_post_transparent":"","_kad_post_title":"","_kad_post_layout":"","_kad_post_sidebar_id":"","_kad_post_content_style":"","_kad_post_vertical_padding":"","_kad_post_feature":"","_kad_post_feature_position":"","_kad_post_header":false,"_kad_post_footer":false,"_kad_post_classname":""},"product_brand":[],"product_cat":[14957],"product_tag":[],"class_list":{"0":"post-121445","1":"product","2":"type-product","3":"status-publish","4":"has-post-thumbnail","6":"product_cat-kablosuz-kulaklik-kablosuz-kulaklik","8":"first","9":"instock","10":"purchasable","11":"product-type-simple","12":"entry","13":"content-bg","14":"loop-entry"},"_links":{"self":[{"href":"https:\/\/www.hediyepazar.com\/index.php?rest_route=\/wp\/v2\/product\/121445","targetHints":{"allow":["GET"]}}],"collection":[{"href":"https:\/\/www.hediyepazar.com\/index.php?rest_route=\/wp\/v2\/product"}],"about":[{"href":"https:\/\/www.hediyepazar.com\/index.php?rest_route=\/wp\/v2\/types\/product"}],"replies":[{"embeddable":true,"href":"https:\/\/www.hediyepazar.com\/index.php?rest_route=%2Fwp%2Fv2%2Fcomments&post=121445"}],"wp:featuredmedia":[{"embeddable":true,"href":"https:\/\/www.hediyepazar.com\/index.php?rest_route=\/wp\/v2\/media\/121444"}],"wp:attachment":[{"href":"https:\/\/www.hediyepazar.com\/index.php?rest_route=%2Fwp%2Fv2%2Fmedia&parent=121445"}],"wp:term":[{"taxonomy":"product_brand","embeddable":true,"href":"https:\/\/www.hediyepazar.com\/index.php?rest_route=%2Fwp%2Fv2%2Fproduct_brand&post=121445"},{"taxonomy":"product_cat","embeddable":true,"href":"https:\/\/www.hediyepazar.com\/index.php?rest_route=%2Fwp%2Fv2%2Fproduct_cat&post=121445"},{"taxonomy":"product_tag","embeddable":true,"href":"https:\/\/www.hediyepazar.com\/index.php?rest_route=%2Fwp%2Fv2%2Fproduct_tag&post=121445"}],"curies":[{"name":"wp","href":"https:\/\/api.w.org\/{rel}","templated":true}]}}