{"id":121447,"date":"2026-05-06T07:21:06","date_gmt":"2026-05-06T10:21:06","guid":{"rendered":"https:\/\/www.hediyepazar.com\/?product=gaming-bluetooth-kulaklik-pasif-gurultu-onlemeli-12mm-suruculu"},"modified":"2026-05-06T07:21:06","modified_gmt":"2026-05-06T10:21:06","slug":"gaming-bluetooth-kulaklik-pasif-gurultu-onlemeli-12mm-suruculu","status":"publish","type":"product","link":"https:\/\/www.hediyepazar.com\/?product=gaming-bluetooth-kulaklik-pasif-gurultu-onlemeli-12mm-suruculu","title":{"rendered":"Gaming Bluetooth Kulakl\u0131k Pasif G\u00fcr\u00fclt\u00fc \u00d6nlemeli 12mm S\u00fcr\u00fcc\u00fcl\u00fc"},"content":{"rendered":"<p>K55 Ally Gaming Bluetooth Kulakl\u0131k, modern tasar\u0131m\u0131, g\u00fc\u00e7l\u00fc ses performans\u0131 ve tam kablosuz ba\u011flant\u0131 konforuyla g\u00fcnl\u00fck kullan\u0131m\u0131n\u0131z\u0131 daha pratik hale getirir. Bluetooth 5.0 teknolojisi sayesinde cihazlarla h\u0131zl\u0131, kararl\u0131 ve kesintisiz e\u015fle\u015fme sa\u011flar. Kablolara ihtiya\u00e7 duymadan tam bir \u00f6zg\u00fcrl\u00fck sunar. Kulakl\u0131klar\u0131 kutudan \u00e7\u0131kard\u0131\u011f\u0131n\u0131z anda otomatik olarak ba\u011flant\u0131 kurarak saniyeler i\u00e7inde kullan\u0131m i\u00e7in haz\u0131r hale gelir.12 mm dinamik s\u00fcr\u00fcc\u00fcleri g\u00fc\u00e7l\u00fc ve dengeli bir ses \u00fcretimi sunar. Net vokaller, g\u00fc\u00e7l\u00fc baslar ve temiz tizlerle hem m\u00fczik hem oyun hem de film deneyimini profesyonel seviyeye ta\u015f\u0131r. 105 dB hassasiyet seviyesi ve 20 Hz &#8211; 20 kHz frekans aral\u0131\u011f\u0131 geni\u015f bir ses sahnesi olu\u015fturur. Pasif g\u00fcr\u00fclt\u00fc \u00f6nleme teknolojisi sayesinde d\u0131\u015f sesler engellenir, kulakl\u0131\u011fa gelen ses daha net ve odaklanm\u0131\u015f hale gelir.Kulakl\u0131\u011f\u0131n 40 mAh pil kapasitesi 4 saate kadar kesintisiz kullan\u0131m sa\u011flarken 400 mAh \u015farj kutusu kulakl\u0131klar\u0131 defalarca \u015farj edebilmenize olanak tan\u0131r. 120 saatlik bekleme s\u00fcresi, cihaz\u0131 uzun s\u00fcre kullanmayaca\u011f\u0131n\u0131z durumlarda bile enerjinin yeterli olmas\u0131n\u0131 sa\u011flar. Type-C \u015farj giri\u015fi modern h\u0131zl\u0131 \u015farj deste\u011fi sunar. Kulakl\u0131k 45 dakikada, \u015farj kutusu ise 1.2 saatte tamamen \u015farj olur.Kontrol paneline sahip dokunmatik y\u00fczey, \u015fark\u0131lar\u0131 de\u011fi\u015ftirme, aramalar\u0131 yan\u0131tlamama ve ses kontrol\u00fc gibi i\u015flemleri cihaz\u0131n\u0131za dokunmadan kolayca yapman\u0131za imk\u00e2n tan\u0131r. LED \u0131\u015f\u0131kland\u0131rma, kulakl\u0131\u011fa hem estetik hem modern bir g\u00f6r\u00fcn\u00fcm katar. Dahili mikrofon, g\u00f6r\u00fc\u015fmelerde net bir ses aktar\u0131m\u0131 sa\u011flar.10 metre Bluetooth \u00e7ekim mesafesi, evde veya d\u0131\u015far\u0131da kesintisiz kullan\u0131m sunar. IOS ve Android cihazlarla uyumlulu\u011fu, K55 Ally\u2019i \u00e7ok y\u00f6nl\u00fc bir kulakl\u0131k haline getirir. Oyun, spor, i\u015f, m\u00fczik ve g\u00fcnl\u00fck kullan\u0131mda m\u00fckemmel performans g\u00f6steren bir kulakl\u0131kt\u0131r.<\/p>\n","protected":false},"excerpt":{"rendered":"<p>K55 Ally Gaming Bluetooth Kulakl\u0131k, modern tasar\u0131m\u0131, g\u00fc\u00e7l\u00fc ses performans\u0131 ve tam kablosuz ba\u011flant\u0131 konforuyla g\u00fcnl\u00fck kullan\u0131m\u0131n\u0131z\u0131 daha pratik hale getirir. Bluetooth 5.0 teknolojisi sayesinde cihazlarla h\u0131zl\u0131, kararl\u0131 ve kesintisiz e\u015fle\u015fme sa\u011flar. Kablolara ihtiya\u00e7 duymadan tam bir \u00f6zg\u00fcrl\u00fck sunar. Kulakl\u0131klar\u0131 kutudan \u00e7\u0131kard\u0131\u011f\u0131n\u0131z anda otomatik olarak ba\u011flant\u0131 kurarak saniyeler i\u00e7inde kullan\u0131m i\u00e7in haz\u0131r hale gelir.12 mm&#8230;<\/p>\n","protected":false},"featured_media":121446,"comment_status":"open","ping_status":"closed","template":"","meta":{"_kad_post_transparent":"","_kad_post_title":"","_kad_post_layout":"","_kad_post_sidebar_id":"","_kad_post_content_style":"","_kad_post_vertical_padding":"","_kad_post_feature":"","_kad_post_feature_position":"","_kad_post_header":false,"_kad_post_footer":false,"_kad_post_classname":""},"product_brand":[],"product_cat":[14957],"product_tag":[],"class_list":{"0":"post-121447","1":"product","2":"type-product","3":"status-publish","4":"has-post-thumbnail","6":"product_cat-kablosuz-kulaklik-kablosuz-kulaklik","8":"first","9":"instock","10":"purchasable","11":"product-type-simple","12":"entry","13":"content-bg","14":"loop-entry"},"_links":{"self":[{"href":"https:\/\/www.hediyepazar.com\/index.php?rest_route=\/wp\/v2\/product\/121447","targetHints":{"allow":["GET"]}}],"collection":[{"href":"https:\/\/www.hediyepazar.com\/index.php?rest_route=\/wp\/v2\/product"}],"about":[{"href":"https:\/\/www.hediyepazar.com\/index.php?rest_route=\/wp\/v2\/types\/product"}],"replies":[{"embeddable":true,"href":"https:\/\/www.hediyepazar.com\/index.php?rest_route=%2Fwp%2Fv2%2Fcomments&post=121447"}],"wp:featuredmedia":[{"embeddable":true,"href":"https:\/\/www.hediyepazar.com\/index.php?rest_route=\/wp\/v2\/media\/121446"}],"wp:attachment":[{"href":"https:\/\/www.hediyepazar.com\/index.php?rest_route=%2Fwp%2Fv2%2Fmedia&parent=121447"}],"wp:term":[{"taxonomy":"product_brand","embeddable":true,"href":"https:\/\/www.hediyepazar.com\/index.php?rest_route=%2Fwp%2Fv2%2Fproduct_brand&post=121447"},{"taxonomy":"product_cat","embeddable":true,"href":"https:\/\/www.hediyepazar.com\/index.php?rest_route=%2Fwp%2Fv2%2Fproduct_cat&post=121447"},{"taxonomy":"product_tag","embeddable":true,"href":"https:\/\/www.hediyepazar.com\/index.php?rest_route=%2Fwp%2Fv2%2Fproduct_tag&post=121447"}],"curies":[{"name":"wp","href":"https:\/\/api.w.org\/{rel}","templated":true}]}}