{"id":121471,"date":"2026-05-06T07:23:22","date_gmt":"2026-05-06T10:23:22","guid":{"rendered":"https:\/\/www.hediyepazar.com\/?product=profesyonel-2200w-fon-makinesi-soguk-sicak-uflemeli-iki-kademeli"},"modified":"2026-05-06T07:23:22","modified_gmt":"2026-05-06T10:23:22","slug":"profesyonel-2200w-fon-makinesi-soguk-sicak-uflemeli-iki-kademeli","status":"publish","type":"product","link":"https:\/\/www.hediyepazar.com\/?product=profesyonel-2200w-fon-makinesi-soguk-sicak-uflemeli-iki-kademeli","title":{"rendered":"Profesyonel 2200W F\u00f6n Makinesi So\u011fuk S\u0131cak \u00dcflemeli \u0130ki Kademeli"},"content":{"rendered":"<p>2200 Watt AC motorlu Profesyonel Sa\u00e7 Kurutma Makinesi, g\u00fc\u00e7l\u00fc hava ak\u0131m\u0131 ve uzun \u00f6m\u00fcrl\u00fc yap\u0131s\u0131yla sa\u00e7 kurutma ve \u015fekillendirme deneyiminizi \u00fcst seviyeye ta\u015f\u0131r. Profesyonel kuaf\u00f6rlerde kullan\u0131lan motor teknolojisi sayesinde h\u0131zl\u0131 ve y\u00fcksek performansl\u0131 \u00fcfleme sa\u011flar. \u0130ki kademeli h\u0131z ayar\u0131 ile sa\u00e7 tipinize ve ihtiyac\u0131n\u0131za g\u00f6re hava ak\u0131m\u0131n\u0131 kolayca ayarlayabilirsiniz. S\u0131cak ve so\u011fuk \u00fcfleme \u00f6zellikleri sayesinde hem k\u0131sa s\u00fcrede sa\u00e7 kurutabilir hem de yapt\u0131\u011f\u0131n\u0131z f\u00f6n i\u015flemini sabitleyebilirsiniz.Cihaz\u0131n ergonomik tasar\u0131m\u0131 kullan\u0131m s\u0131ras\u0131nda maksimum konfor sa\u011flar. Hafif g\u00f6vde yap\u0131s\u0131 sayesinde el yorulmas\u0131n\u0131 engeller ve uzun s\u00fcreli kullan\u0131mlarda bile rahatl\u0131k sunar. Hem ev hem profesyonel kullan\u0131m i\u00e7in uygun olan bu sa\u00e7 kurutma makinesi, ta\u015f\u0131nabilir yap\u0131s\u0131yla s\u0131k seyahat eden kullan\u0131c\u0131lar i\u00e7in de idealdir. G\u00f6vdesi y\u00fcksek kaliteli malzemelerden \u00fcretildi\u011fi i\u00e7in y\u0131llar boyunca dayan\u0131kl\u0131l\u0131\u011f\u0131n\u0131 korur.Profesyonel dar a\u011f\u0131zl\u0131 ba\u015fl\u0131k aparat\u0131 sayesinde hava ak\u0131\u015f\u0131n\u0131 tek noktaya odaklayarak daha etkili \u015fekillendirme sa\u011flar. Bu \u00f6zellik \u00f6zellikle d\u00fczle\u015ftirme, hacim verme ve kabar\u0131kl\u0131\u011f\u0131 azaltma i\u015flemlerinde \u00f6nemli avantaj sunar. G\u00fc\u00e7l\u00fc ve s\u00fcrekli hava ak\u0131m\u0131 sa\u00e7 tellerini daha parlak, canl\u0131 ve hacimli g\u00f6r\u00fcn\u00fcme kavu\u015fturur.So\u011fuk \u00fcfleme fonksiyonu sa\u00e7 \u015feklinizi sabitleyerek uzun s\u00fcre kal\u0131c\u0131 sonu\u00e7lar elde etmenizi sa\u011flar. M\u00fckemmel bir f\u00f6n deneyimi sunan bu cihaz, \u0131s\u0131 kontrol\u00fc sayesinde sa\u00e7\u0131n y\u0131pranmas\u0131n\u0131 engeller ve sa\u011fl\u0131kl\u0131 \u015fekillendirme sa\u011flar. Motorunun sessiz \u00e7al\u0131\u015fmas\u0131 sayesinde kullan\u0131m s\u0131ras\u0131nda konforu art\u0131r\u0131r. 2200W g\u00fcc\u00fcndeki bu profesyonel sa\u00e7 kurutma makinesi, h\u0131z, g\u00fc\u00e7 ve ergonomiyi bir arada sunan ideal bir se\u00e7enektir.<\/p>\n","protected":false},"excerpt":{"rendered":"<p>2200 Watt AC motorlu Profesyonel Sa\u00e7 Kurutma Makinesi, g\u00fc\u00e7l\u00fc hava ak\u0131m\u0131 ve uzun \u00f6m\u00fcrl\u00fc yap\u0131s\u0131yla sa\u00e7 kurutma ve \u015fekillendirme deneyiminizi \u00fcst seviyeye ta\u015f\u0131r. Profesyonel kuaf\u00f6rlerde kullan\u0131lan motor teknolojisi sayesinde h\u0131zl\u0131 ve y\u00fcksek performansl\u0131 \u00fcfleme sa\u011flar. \u0130ki kademeli h\u0131z ayar\u0131 ile sa\u00e7 tipinize ve ihtiyac\u0131n\u0131za g\u00f6re hava ak\u0131m\u0131n\u0131 kolayca ayarlayabilirsiniz. S\u0131cak ve so\u011fuk \u00fcfleme \u00f6zellikleri sayesinde&#8230;<\/p>\n","protected":false},"featured_media":121470,"comment_status":"open","ping_status":"closed","template":"","meta":{"_kad_post_transparent":"","_kad_post_title":"","_kad_post_layout":"","_kad_post_sidebar_id":"","_kad_post_content_style":"","_kad_post_vertical_padding":"","_kad_post_feature":"","_kad_post_feature_position":"","_kad_post_header":false,"_kad_post_footer":false,"_kad_post_classname":""},"product_brand":[],"product_cat":[15023],"product_tag":[],"class_list":{"0":"post-121471","1":"product","2":"type-product","3":"status-publish","4":"has-post-thumbnail","6":"product_cat-sac-kurutma-makinesi-sac-kurutma-makinesi","8":"first","9":"instock","10":"purchasable","11":"product-type-simple","12":"entry","13":"content-bg","14":"loop-entry"},"_links":{"self":[{"href":"https:\/\/www.hediyepazar.com\/index.php?rest_route=\/wp\/v2\/product\/121471","targetHints":{"allow":["GET"]}}],"collection":[{"href":"https:\/\/www.hediyepazar.com\/index.php?rest_route=\/wp\/v2\/product"}],"about":[{"href":"https:\/\/www.hediyepazar.com\/index.php?rest_route=\/wp\/v2\/types\/product"}],"replies":[{"embeddable":true,"href":"https:\/\/www.hediyepazar.com\/index.php?rest_route=%2Fwp%2Fv2%2Fcomments&post=121471"}],"wp:featuredmedia":[{"embeddable":true,"href":"https:\/\/www.hediyepazar.com\/index.php?rest_route=\/wp\/v2\/media\/121470"}],"wp:attachment":[{"href":"https:\/\/www.hediyepazar.com\/index.php?rest_route=%2Fwp%2Fv2%2Fmedia&parent=121471"}],"wp:term":[{"taxonomy":"product_brand","embeddable":true,"href":"https:\/\/www.hediyepazar.com\/index.php?rest_route=%2Fwp%2Fv2%2Fproduct_brand&post=121471"},{"taxonomy":"product_cat","embeddable":true,"href":"https:\/\/www.hediyepazar.com\/index.php?rest_route=%2Fwp%2Fv2%2Fproduct_cat&post=121471"},{"taxonomy":"product_tag","embeddable":true,"href":"https:\/\/www.hediyepazar.com\/index.php?rest_route=%2Fwp%2Fv2%2Fproduct_tag&post=121471"}],"curies":[{"name":"wp","href":"https:\/\/api.w.org\/{rel}","templated":true}]}}