{"id":121499,"date":"2026-05-06T07:28:14","date_gmt":"2026-05-06T10:28:14","guid":{"rendered":"https:\/\/www.hediyepazar.com\/?product=tasinabilir-akilli-hava-kompresoru-yuksek-basinc-kapasiteli"},"modified":"2026-05-06T07:28:14","modified_gmt":"2026-05-06T10:28:14","slug":"tasinabilir-akilli-hava-kompresoru-yuksek-basinc-kapasiteli","status":"publish","type":"product","link":"https:\/\/www.hediyepazar.com\/?product=tasinabilir-akilli-hava-kompresoru-yuksek-basinc-kapasiteli","title":{"rendered":"Ta\u015f\u0131nabilir Ak\u0131ll\u0131 Hava Kompres\u00f6r\u00fc Y\u00fcksek Bas\u0131n\u00e7 Kapasiteli"},"content":{"rendered":"<p>Ta\u015f\u0131nabilir Ak\u0131ll\u0131 Hava Kompres\u00f6r\u00fc, g\u00fc\u00e7l\u00fc motoru ve y\u00fcksek performans\u0131 ile her arac\u0131n ihtiya\u00e7 duydu\u011fu kompakt bir \u00e7\u00f6z\u00fcm sunar. 150 PSI bas\u0131n\u00e7 kapasitesi sayesinde otomobil, motosiklet ve bisiklet lastiklerinin yan\u0131 s\u0131ra toplar, \u015fi\u015fme yataklar ve kamp ekipmanlar\u0131 i\u00e7in de rahatl\u0131kla kullan\u0131labilir. Hem \u015fehir i\u00e7i kullan\u0131mlarda hem de uzun yolculuklarda s\u00fcr\u00fcc\u00fclere g\u00fcven veren bu cihaz, acil durumlarda pratik bir \u00e7\u00f6z\u00fcm sa\u011flar.Dijital ekran\u0131 sayesinde PSI, BAR ve KPA gibi farkl\u0131 bas\u0131n\u00e7 birimlerini kolayca g\u00f6r\u00fcnt\u00fcleyebilir, bas\u0131n\u00e7 verilerini milimetrik do\u011frulukla takip edebilirsiniz. \u00d6nceden belirlenen bas\u0131n\u00e7 de\u011ferine ula\u015f\u0131ld\u0131\u011f\u0131nda otomatik kapanma \u00f6zelli\u011fi devreye girer ve hem lasti\u011fin zarar g\u00f6rmesini engeller hem de enerji tasarrufu sa\u011flar. Bu \u00f6zelli\u011fi sayesinde deneyimsiz kullan\u0131c\u0131lar bile rahat\u00e7a kullanabilir.6000 mAh y\u00fcksek kapasiteli bataryas\u0131, tek \u015farjla d\u00f6rt otomobil lasti\u011fini \u015fi\u015firebilecek kadar g\u00fc\u00e7l\u00fcd\u00fcr. Type-C h\u0131zl\u0131 \u015farj teknolojisi ile k\u0131sa s\u00fcrede tamamen \u015farj olabilir. Ek olarak, ara\u00e7 \u00e7akmakl\u0131\u011f\u0131 ile de \u00e7al\u0131\u015ft\u0131r\u0131labilir olmas\u0131 kullan\u0131m alan\u0131n\u0131 geni\u015fletir. \u00dczerinde bulunan LED ayd\u0131nlatma, gece yolculuklar\u0131nda veya karanl\u0131k ortamlarda i\u015flem yapmay\u0131 kolayla\u015ft\u0131r\u0131rken, SOS modu acil durumlarda g\u00f6r\u00fcn\u00fcrl\u00fc\u011f\u00fcn\u00fcz\u00fc art\u0131r\u0131r.Kompakt ve hafif tasar\u0131m\u0131 sayesinde ara\u00e7 i\u00e7erisinde \u00e7ok az yer kaplar. El \u00e7antan\u0131za, motosiklet \u00e7antan\u0131za veya kamp \u00e7antan\u0131za kolayca yerle\u015ftirebilirsiniz. Sa\u011flam d\u0131\u015f g\u00f6vdesi uzun s\u00fcreli kullan\u0131m i\u00e7in dayan\u0131kl\u0131l\u0131k sunarken modern tasar\u0131m\u0131 ile dikkat \u00e7eker. Aktif bir ya\u015fam s\u00fcren s\u00fcr\u00fcc\u00fcler, kamp\u00e7\u0131lar ve bisiklet tutkunlar\u0131 i\u00e7in vazge\u00e7ilmez bir yard\u0131mc\u0131d\u0131r.<\/p>\n","protected":false},"excerpt":{"rendered":"<p>Ta\u015f\u0131nabilir Ak\u0131ll\u0131 Hava Kompres\u00f6r\u00fc, g\u00fc\u00e7l\u00fc motoru ve y\u00fcksek performans\u0131 ile her arac\u0131n ihtiya\u00e7 duydu\u011fu kompakt bir \u00e7\u00f6z\u00fcm sunar. 150 PSI bas\u0131n\u00e7 kapasitesi sayesinde otomobil, motosiklet ve bisiklet lastiklerinin yan\u0131 s\u0131ra toplar, \u015fi\u015fme yataklar ve kamp ekipmanlar\u0131 i\u00e7in de rahatl\u0131kla kullan\u0131labilir. Hem \u015fehir i\u00e7i kullan\u0131mlarda hem de uzun yolculuklarda s\u00fcr\u00fcc\u00fclere g\u00fcven veren bu cihaz, acil durumlarda&#8230;<\/p>\n","protected":false},"featured_media":121498,"comment_status":"open","ping_status":"closed","template":"","meta":{"_kad_post_transparent":"","_kad_post_title":"","_kad_post_layout":"","_kad_post_sidebar_id":"","_kad_post_content_style":"","_kad_post_vertical_padding":"","_kad_post_feature":"","_kad_post_feature_position":"","_kad_post_header":false,"_kad_post_footer":false,"_kad_post_classname":""},"product_brand":[],"product_cat":[15053],"product_tag":[],"class_list":{"0":"post-121499","1":"product","2":"type-product","3":"status-publish","4":"has-post-thumbnail","6":"product_cat-oto-bakim-seti-oto-bakim-seti-2","8":"first","9":"instock","10":"purchasable","11":"product-type-simple","12":"entry","13":"content-bg","14":"loop-entry"},"_links":{"self":[{"href":"https:\/\/www.hediyepazar.com\/index.php?rest_route=\/wp\/v2\/product\/121499","targetHints":{"allow":["GET"]}}],"collection":[{"href":"https:\/\/www.hediyepazar.com\/index.php?rest_route=\/wp\/v2\/product"}],"about":[{"href":"https:\/\/www.hediyepazar.com\/index.php?rest_route=\/wp\/v2\/types\/product"}],"replies":[{"embeddable":true,"href":"https:\/\/www.hediyepazar.com\/index.php?rest_route=%2Fwp%2Fv2%2Fcomments&post=121499"}],"wp:featuredmedia":[{"embeddable":true,"href":"https:\/\/www.hediyepazar.com\/index.php?rest_route=\/wp\/v2\/media\/121498"}],"wp:attachment":[{"href":"https:\/\/www.hediyepazar.com\/index.php?rest_route=%2Fwp%2Fv2%2Fmedia&parent=121499"}],"wp:term":[{"taxonomy":"product_brand","embeddable":true,"href":"https:\/\/www.hediyepazar.com\/index.php?rest_route=%2Fwp%2Fv2%2Fproduct_brand&post=121499"},{"taxonomy":"product_cat","embeddable":true,"href":"https:\/\/www.hediyepazar.com\/index.php?rest_route=%2Fwp%2Fv2%2Fproduct_cat&post=121499"},{"taxonomy":"product_tag","embeddable":true,"href":"https:\/\/www.hediyepazar.com\/index.php?rest_route=%2Fwp%2Fv2%2Fproduct_tag&post=121499"}],"curies":[{"name":"wp","href":"https:\/\/api.w.org\/{rel}","templated":true}]}}