{"id":121509,"date":"2026-05-06T07:29:14","date_gmt":"2026-05-06T10:29:14","guid":{"rendered":"https:\/\/www.hediyepazar.com\/?product=bluetooth-akilli-bileklik-spor-modlu-kalp-atis-takipli-uyku-analizli"},"modified":"2026-05-06T07:29:14","modified_gmt":"2026-05-06T10:29:14","slug":"bluetooth-akilli-bileklik-spor-modlu-kalp-atis-takipli-uyku-analizli","status":"publish","type":"product","link":"https:\/\/www.hediyepazar.com\/?product=bluetooth-akilli-bileklik-spor-modlu-kalp-atis-takipli-uyku-analizli","title":{"rendered":"Bluetooth Ak\u0131ll\u0131 Bileklik Spor Modlu Kalp At\u0131\u015f Takipli Uyku Analizli"},"content":{"rendered":"<p>Bu ak\u0131ll\u0131 bileklik, hem spor hem sa\u011fl\u0131k hem de g\u00fcnl\u00fck kullan\u0131m i\u00e7in tasarlanm\u0131\u015f \u00e7ok y\u00f6nl\u00fc bir teknolojik aksesuard\u0131r. Kompakt 0.96 in\u00e7 ekran\u0131 sayesinde t\u00fcm veriler daha net ve okunabilir \u015fekilde g\u00f6r\u00fcnt\u00fclenir. Bluetooth 4.0 ba\u011flant\u0131s\u0131 ile Android ve iOS cihazlarla h\u0131zl\u0131 ve stabil e\u015fle\u015fme sa\u011flayarak pratik bir kullan\u0131m sunar.Bileklik, sa\u011fl\u0131k takibi konusunda g\u00fc\u00e7l\u00fc sens\u00f6rlerle donat\u0131lm\u0131\u015ft\u0131r. 24 saat kalp at\u0131\u015f h\u0131z\u0131 takibi, g\u00fcn i\u00e7indeki nab\u0131z de\u011fi\u015fimlerinizi takip ederek daha bilin\u00e7li bir ya\u015fam tarz\u0131 olu\u015fturman\u0131za yard\u0131mc\u0131 olur. Kan bas\u0131nc\u0131 \u00f6l\u00e7\u00fcm \u00f6zelli\u011fi, anl\u0131k de\u011ferlerinizi kolayca g\u00f6rmenizi sa\u011flar. Uyku analizi sistemi; hafif uyku, derin uyku ve toplam uyku s\u00fcresini \u00f6l\u00e7erek uyku kalite raporu sunar.Ad\u0131m sayar ve kalori hesaplay\u0131c\u0131 g\u00fcnl\u00fck hareket miktar\u0131n\u0131z\u0131 \u00f6l\u00e7erek hedeflerinizi takip etmenize imk\u00e2n tan\u0131r. Sedanter hat\u0131rlatma \u00f6zelli\u011fi hareketsiz kald\u0131\u011f\u0131n\u0131z anlarda sizi uyararak daha aktif bir ya\u015fam d\u00fczeni olu\u015fturur. Spor modlar\u0131 y\u00fcr\u00fcy\u00fc\u015f, ko\u015fu ve farkl\u0131 aktivitelerde do\u011fru veri takibi sa\u011flar.Ak\u0131ll\u0131 bildirim sistemi gelen \u00e7a\u011fr\u0131lar, mesajlar ve uygulama bildirimlerini bile\u011finizde g\u00f6r\u00fcnt\u00fcleyerek telefonunuzu s\u00fcrekli kontrol etme ihtiyac\u0131n\u0131 ortadan kald\u0131r\u0131r. Uzaktan kamera kontrol\u00fc foto\u011fraf \u00e7ekmeyi kolayla\u015ft\u0131r\u0131r; m\u00fczik kontrol\u00fc ise spor yaparken veya y\u00fcr\u00fcrken telefon kullanmadan par\u00e7a de\u011fi\u015ftirmenizi sa\u011flar.IP67 su dayan\u0131m\u0131 sayesinde ya\u011fmurda, spor s\u0131ras\u0131nda veya g\u00fcnl\u00fck hayattaki su s\u0131\u00e7ramalar\u0131nda g\u00fcvenle kullan\u0131labilir. USB \u015farj \u00f6zelli\u011fi sayesinde kolay ta\u015f\u0131nabilir ve her ortamda \u015farj edilebilir.Estetik, hafif ve dayan\u0131kl\u0131 yap\u0131s\u0131yla teknoloji ile sa\u011fl\u0131\u011f\u0131 bir arada sunan bu ak\u0131ll\u0131 bileklik, g\u00fcn\u00fcn her an\u0131nda yan\u0131n\u0131zda ideal bir yard\u0131mc\u0131d\u0131r.<\/p>\n","protected":false},"excerpt":{"rendered":"<p>Bu ak\u0131ll\u0131 bileklik, hem spor hem sa\u011fl\u0131k hem de g\u00fcnl\u00fck kullan\u0131m i\u00e7in tasarlanm\u0131\u015f \u00e7ok y\u00f6nl\u00fc bir teknolojik aksesuard\u0131r. Kompakt 0.96 in\u00e7 ekran\u0131 sayesinde t\u00fcm veriler daha net ve okunabilir \u015fekilde g\u00f6r\u00fcnt\u00fclenir. Bluetooth 4.0 ba\u011flant\u0131s\u0131 ile Android ve iOS cihazlarla h\u0131zl\u0131 ve stabil e\u015fle\u015fme sa\u011flayarak pratik bir kullan\u0131m sunar.Bileklik, sa\u011fl\u0131k takibi konusunda g\u00fc\u00e7l\u00fc sens\u00f6rlerle donat\u0131lm\u0131\u015ft\u0131r. 24&#8230;<\/p>\n","protected":false},"featured_media":121508,"comment_status":"open","ping_status":"closed","template":"","meta":{"_kad_post_transparent":"","_kad_post_title":"","_kad_post_layout":"","_kad_post_sidebar_id":"","_kad_post_content_style":"","_kad_post_vertical_padding":"","_kad_post_feature":"","_kad_post_feature_position":"","_kad_post_header":false,"_kad_post_footer":false,"_kad_post_classname":""},"product_brand":[],"product_cat":[14935],"product_tag":[],"class_list":{"0":"post-121509","1":"product","2":"type-product","3":"status-publish","4":"has-post-thumbnail","6":"product_cat-akilli-saatler-akilli-saatler","8":"first","9":"instock","10":"purchasable","11":"product-type-simple","12":"entry","13":"content-bg","14":"loop-entry"},"_links":{"self":[{"href":"https:\/\/www.hediyepazar.com\/index.php?rest_route=\/wp\/v2\/product\/121509","targetHints":{"allow":["GET"]}}],"collection":[{"href":"https:\/\/www.hediyepazar.com\/index.php?rest_route=\/wp\/v2\/product"}],"about":[{"href":"https:\/\/www.hediyepazar.com\/index.php?rest_route=\/wp\/v2\/types\/product"}],"replies":[{"embeddable":true,"href":"https:\/\/www.hediyepazar.com\/index.php?rest_route=%2Fwp%2Fv2%2Fcomments&post=121509"}],"wp:featuredmedia":[{"embeddable":true,"href":"https:\/\/www.hediyepazar.com\/index.php?rest_route=\/wp\/v2\/media\/121508"}],"wp:attachment":[{"href":"https:\/\/www.hediyepazar.com\/index.php?rest_route=%2Fwp%2Fv2%2Fmedia&parent=121509"}],"wp:term":[{"taxonomy":"product_brand","embeddable":true,"href":"https:\/\/www.hediyepazar.com\/index.php?rest_route=%2Fwp%2Fv2%2Fproduct_brand&post=121509"},{"taxonomy":"product_cat","embeddable":true,"href":"https:\/\/www.hediyepazar.com\/index.php?rest_route=%2Fwp%2Fv2%2Fproduct_cat&post=121509"},{"taxonomy":"product_tag","embeddable":true,"href":"https:\/\/www.hediyepazar.com\/index.php?rest_route=%2Fwp%2Fv2%2Fproduct_tag&post=121509"}],"curies":[{"name":"wp","href":"https:\/\/api.w.org\/{rel}","templated":true}]}}