{"id":121519,"date":"2026-05-06T07:31:14","date_gmt":"2026-05-06T10:31:14","guid":{"rendered":"https:\/\/www.hediyepazar.com\/?product=tws-kablosuz-kulaklik-sarj-kutulu-20-saat-kullanim-konforlu"},"modified":"2026-05-06T07:31:14","modified_gmt":"2026-05-06T10:31:14","slug":"tws-kablosuz-kulaklik-sarj-kutulu-20-saat-kullanim-konforlu","status":"publish","type":"product","link":"https:\/\/www.hediyepazar.com\/?product=tws-kablosuz-kulaklik-sarj-kutulu-20-saat-kullanim-konforlu","title":{"rendered":"TWS Kablosuz Kulakl\u0131k \u015earj Kutulu 20 Saat Kullan\u0131m Konforlu"},"content":{"rendered":"<p>M10 Kablosuz Bluetooth Kulakl\u0131k, kompakt tasar\u0131m\u0131 ve g\u00fc\u00e7l\u00fc teknik \u00f6zellikleriyle kullan\u0131c\u0131ya hem konfor hem de y\u00fcksek performans sunan bir TWS kulakl\u0131k modelidir. Bluetooth 5.1 teknolojisine sahip olmas\u0131, ba\u011flant\u0131n\u0131n kararl\u0131, h\u0131zl\u0131 ve d\u00fc\u015f\u00fck gecikmeli olmas\u0131n\u0131 sa\u011flar. M\u00fczik dinleme, video izleme ve telefonla konu\u015fma gibi t\u00fcm i\u015flemleri daha kaliteli hale getirir.Kulakl\u0131k, derin bas ve net tizlere sahip g\u00fc\u00e7l\u00fc bir ses sistemiyle donat\u0131lm\u0131\u015ft\u0131r. M\u00fczik t\u00fcr\u00fc fark etmeksizin tatmin edici bir performans sunarken, \u00f6zellikle bass a\u011f\u0131rl\u0131kl\u0131 \u015fark\u0131larda yo\u011fun bir g\u00fc\u00e7 hissi verir. Oyun oynarken gecikmeyi minimuma indiren ba\u011flant\u0131 h\u0131z\u0131 sayesinde sesler senkronize gelir ve kullan\u0131c\u0131ya avantaj sa\u011flar.G\u00fcr\u00fclt\u00fc engelleme \u00f6zelli\u011fi d\u0131\u015f ortam g\u00fcr\u00fclt\u00fcs\u00fcn\u00fc azaltarak hem m\u00fczik deneyimini iyile\u015ftirir hem de telefon g\u00f6r\u00fc\u015fmelerinde daha net bir ses duyulmas\u0131n\u0131 sa\u011flar. G\u00fcr\u00fclt\u00fcl\u00fc kalabal\u0131k ortamlarda ileti\u015fim kurmay\u0131 kolayla\u015ft\u0131r\u0131r. Kulak i\u00e7i silikon yap\u0131s\u0131, ses izolasyonunu g\u00fc\u00e7lendirerek d\u0131\u015f seslerin etkisini en aza indirir.Pil performans\u0131 g\u00fcnl\u00fck kullan\u0131m i\u00e7in olduk\u00e7a uygundur. 5 saate kadar tekli kullan\u0131m sunan M10 kulakl\u0131\u011f\u0131, \u015farj kutusu ile birlikte toplamda 20 saate kadar kullanmak m\u00fcmk\u00fcnd\u00fcr. \u015earj kutusunun hafif tasar\u0131m\u0131 cebinizde veya \u00e7antan\u0131zda ta\u015f\u0131may\u0131 kolayla\u015ft\u0131r\u0131r. 1.5 saatlik k\u0131sa \u015farj s\u00fcresi sayesinde her an kullan\u0131ma haz\u0131rd\u0131r.Kulak yap\u0131s\u0131na uyum sa\u011flayan ergonomik formu, kula\u011fa tam oturarak uzun s\u00fcreli kullan\u0131mda dahi a\u011fr\u0131 olu\u015fmas\u0131n\u0131 \u00f6nler. Hafif yap\u0131s\u0131 sayesinde spor, y\u00fcr\u00fcy\u00fc\u015f ve g\u00fcnl\u00fck aktivitelerde rahatl\u0131kla kullan\u0131labilir. 10 metre \u00e7ekim mesafesi ile kablosuz kullan\u0131m \u00f6zg\u00fcrl\u00fc\u011f\u00fc sunar.\u015e\u0131k tasar\u0131m\u0131, g\u00fc\u00e7l\u00fc ses performans\u0131 ve ergonomik yap\u0131s\u0131yla M10 Bluetooth Kulakl\u0131k; hem stil hem performans arayan kullan\u0131c\u0131lar i\u00e7in m\u00fckemmel bir tercihtir.<\/p>\n","protected":false},"excerpt":{"rendered":"<p>M10 Kablosuz Bluetooth Kulakl\u0131k, kompakt tasar\u0131m\u0131 ve g\u00fc\u00e7l\u00fc teknik \u00f6zellikleriyle kullan\u0131c\u0131ya hem konfor hem de y\u00fcksek performans sunan bir TWS kulakl\u0131k modelidir. Bluetooth 5.1 teknolojisine sahip olmas\u0131, ba\u011flant\u0131n\u0131n kararl\u0131, h\u0131zl\u0131 ve d\u00fc\u015f\u00fck gecikmeli olmas\u0131n\u0131 sa\u011flar. M\u00fczik dinleme, video izleme ve telefonla konu\u015fma gibi t\u00fcm i\u015flemleri daha kaliteli hale getirir.Kulakl\u0131k, derin bas ve net tizlere sahip&#8230;<\/p>\n","protected":false},"featured_media":121518,"comment_status":"open","ping_status":"closed","template":"","meta":{"_kad_post_transparent":"","_kad_post_title":"","_kad_post_layout":"","_kad_post_sidebar_id":"","_kad_post_content_style":"","_kad_post_vertical_padding":"","_kad_post_feature":"","_kad_post_feature_position":"","_kad_post_header":false,"_kad_post_footer":false,"_kad_post_classname":""},"product_brand":[],"product_cat":[14957],"product_tag":[],"class_list":{"0":"post-121519","1":"product","2":"type-product","3":"status-publish","4":"has-post-thumbnail","6":"product_cat-kablosuz-kulaklik-kablosuz-kulaklik","8":"first","9":"instock","10":"purchasable","11":"product-type-simple","12":"entry","13":"content-bg","14":"loop-entry"},"_links":{"self":[{"href":"https:\/\/www.hediyepazar.com\/index.php?rest_route=\/wp\/v2\/product\/121519","targetHints":{"allow":["GET"]}}],"collection":[{"href":"https:\/\/www.hediyepazar.com\/index.php?rest_route=\/wp\/v2\/product"}],"about":[{"href":"https:\/\/www.hediyepazar.com\/index.php?rest_route=\/wp\/v2\/types\/product"}],"replies":[{"embeddable":true,"href":"https:\/\/www.hediyepazar.com\/index.php?rest_route=%2Fwp%2Fv2%2Fcomments&post=121519"}],"wp:featuredmedia":[{"embeddable":true,"href":"https:\/\/www.hediyepazar.com\/index.php?rest_route=\/wp\/v2\/media\/121518"}],"wp:attachment":[{"href":"https:\/\/www.hediyepazar.com\/index.php?rest_route=%2Fwp%2Fv2%2Fmedia&parent=121519"}],"wp:term":[{"taxonomy":"product_brand","embeddable":true,"href":"https:\/\/www.hediyepazar.com\/index.php?rest_route=%2Fwp%2Fv2%2Fproduct_brand&post=121519"},{"taxonomy":"product_cat","embeddable":true,"href":"https:\/\/www.hediyepazar.com\/index.php?rest_route=%2Fwp%2Fv2%2Fproduct_cat&post=121519"},{"taxonomy":"product_tag","embeddable":true,"href":"https:\/\/www.hediyepazar.com\/index.php?rest_route=%2Fwp%2Fv2%2Fproduct_tag&post=121519"}],"curies":[{"name":"wp","href":"https:\/\/api.w.org\/{rel}","templated":true}]}}