{"id":121529,"date":"2026-05-06T07:32:14","date_gmt":"2026-05-06T10:32:14","guid":{"rendered":"https:\/\/www.hediyepazar.com\/?product=kristal-tuy-alici-epilator-kremsiz-kullanim-yuz-ve-vucut-icin"},"modified":"2026-05-06T07:32:14","modified_gmt":"2026-05-06T10:32:14","slug":"kristal-tuy-alici-epilator-kremsiz-kullanim-yuz-ve-vucut-icin","status":"publish","type":"product","link":"https:\/\/www.hediyepazar.com\/?product=kristal-tuy-alici-epilator-kremsiz-kullanim-yuz-ve-vucut-icin","title":{"rendered":"Kristal T\u00fcy Al\u0131c\u0131 Epilat\u00f6r Kremsiz Kullan\u0131m Y\u00fcz ve V\u00fccut \u0130\u00e7in"},"content":{"rendered":"<p>Kristal T\u00fcy Al\u0131c\u0131 Epilat\u00f6r, cilt bak\u0131m rutininizi kolayla\u015ft\u0131rmak ve t\u00fcy alma i\u015flemini pratik hale getirmek i\u00e7in geli\u015ftirilmi\u015f yenilik\u00e7i bir \u00fcr\u00fcnd\u00fcr. Kremsiz, tra\u015f k\u00f6p\u00fcks\u00fcz ve jelsiz kullan\u0131m sunan bu aparat, sadece tek bir cihazla p\u00fcr\u00fczs\u00fcz bir cilt elde etmenizi sa\u011flar. Y\u00fcz, kol, bacak, el ve bikini b\u00f6lgesi gibi v\u00fccudun bir\u00e7ok noktas\u0131nda rahatl\u0131kla kullan\u0131labilir. Haftada 2\u20133 kez d\u00fczenli kullan\u0131mda cildin daha yumu\u015fak ve p\u00fcr\u00fczs\u00fcz g\u00f6r\u00fcnmesine yard\u0131mc\u0131 olur.Uygulama \u00f6ncesinde t\u00fcy al\u0131nacak b\u00f6lgenin \u0131l\u0131k su ile y\u0131kanmas\u0131 \u00f6nerilir. Bu i\u015flem g\u00f6zenekleri a\u00e7arak t\u00fcy alma s\u00fcrecini daha kolay ve etkili hale getirir. Kristal y\u00fczeyli epilat\u00f6r\u00fcn\u00fcz\u00fc dairesel hareketlerle uygulad\u0131\u011f\u0131n\u0131zda t\u00fcylerin zahmetsizce temizlendi\u011fini g\u00f6rebilirsiniz. \u00dcr\u00fcn, yaln\u0131zca t\u00fcyleri almakla kalmaz; ayn\u0131 zamanda topuklarda ve dirseklerde olu\u015fan \u00f6l\u00fc derilerin giderilmesine de yard\u0131mc\u0131 olur. Bu y\u00f6n\u00fcyle hem t\u00fcy alma hem peeling etkisi sunan \u00e7ok y\u00f6nl\u00fc bir bak\u0131m aparat\u0131d\u0131r.Kullan\u0131m sonras\u0131 epilat\u00f6r\u00fcn\u00fcz\u00fc su ile durulaman\u0131z yeterlidir. \u0130\u015flem yap\u0131lan b\u00f6lgeye nemlendirici krem veya losyon uygulamak, cildin daha h\u0131zl\u0131 yat\u0131\u015fmas\u0131n\u0131 sa\u011flar ve yumu\u015fakl\u0131\u011f\u0131 art\u0131r\u0131r. Metal i\u00e7ermeyen kristal y\u00fczeyi sayesinde cilde zarar vermez ve tahri\u015fi minimuma indirir.Ta\u015f\u0131nabilir, hafif ve kompakt yap\u0131s\u0131 sayesinde seyahatlerde, tatillerde veya g\u00fcnl\u00fck kullan\u0131mda yan\u0131n\u0131zda rahatl\u0131kla ta\u015f\u0131yabilirsiniz. Tek bir \u00fcr\u00fcnle bir\u00e7ok b\u00f6lgenin bak\u0131m\u0131n\u0131 yapabilmek hem ekonomik hem de pratik bir \u00e7\u00f6z\u00fcm sunar.D\u00fczenli kullan\u0131mda cilt tonunu e\u015fitlemeye yard\u0131mc\u0131 olan bu kristal epilat\u00f6r, t\u00fcy alma i\u015flemini ac\u0131s\u0131z ve zahmetsiz bir deneyime d\u00f6n\u00fc\u015ft\u00fcr\u00fcr.<\/p>\n","protected":false},"excerpt":{"rendered":"<p>Kristal T\u00fcy Al\u0131c\u0131 Epilat\u00f6r, cilt bak\u0131m rutininizi kolayla\u015ft\u0131rmak ve t\u00fcy alma i\u015flemini pratik hale getirmek i\u00e7in geli\u015ftirilmi\u015f yenilik\u00e7i bir \u00fcr\u00fcnd\u00fcr. Kremsiz, tra\u015f k\u00f6p\u00fcks\u00fcz ve jelsiz kullan\u0131m sunan bu aparat, sadece tek bir cihazla p\u00fcr\u00fczs\u00fcz bir cilt elde etmenizi sa\u011flar. Y\u00fcz, kol, bacak, el ve bikini b\u00f6lgesi gibi v\u00fccudun bir\u00e7ok noktas\u0131nda rahatl\u0131kla kullan\u0131labilir. Haftada 2\u20133 kez&#8230;<\/p>\n","protected":false},"featured_media":121528,"comment_status":"open","ping_status":"closed","template":"","meta":{"_kad_post_transparent":"","_kad_post_title":"","_kad_post_layout":"","_kad_post_sidebar_id":"","_kad_post_content_style":"","_kad_post_vertical_padding":"","_kad_post_feature":"","_kad_post_feature_position":"","_kad_post_header":false,"_kad_post_footer":false,"_kad_post_classname":""},"product_brand":[],"product_cat":[14919],"product_tag":[],"class_list":{"0":"post-121529","1":"product","2":"type-product","3":"status-publish","4":"has-post-thumbnail","6":"product_cat-epilator-epilator","8":"first","9":"instock","10":"purchasable","11":"product-type-simple","12":"entry","13":"content-bg","14":"loop-entry"},"_links":{"self":[{"href":"https:\/\/www.hediyepazar.com\/index.php?rest_route=\/wp\/v2\/product\/121529","targetHints":{"allow":["GET"]}}],"collection":[{"href":"https:\/\/www.hediyepazar.com\/index.php?rest_route=\/wp\/v2\/product"}],"about":[{"href":"https:\/\/www.hediyepazar.com\/index.php?rest_route=\/wp\/v2\/types\/product"}],"replies":[{"embeddable":true,"href":"https:\/\/www.hediyepazar.com\/index.php?rest_route=%2Fwp%2Fv2%2Fcomments&post=121529"}],"wp:featuredmedia":[{"embeddable":true,"href":"https:\/\/www.hediyepazar.com\/index.php?rest_route=\/wp\/v2\/media\/121528"}],"wp:attachment":[{"href":"https:\/\/www.hediyepazar.com\/index.php?rest_route=%2Fwp%2Fv2%2Fmedia&parent=121529"}],"wp:term":[{"taxonomy":"product_brand","embeddable":true,"href":"https:\/\/www.hediyepazar.com\/index.php?rest_route=%2Fwp%2Fv2%2Fproduct_brand&post=121529"},{"taxonomy":"product_cat","embeddable":true,"href":"https:\/\/www.hediyepazar.com\/index.php?rest_route=%2Fwp%2Fv2%2Fproduct_cat&post=121529"},{"taxonomy":"product_tag","embeddable":true,"href":"https:\/\/www.hediyepazar.com\/index.php?rest_route=%2Fwp%2Fv2%2Fproduct_tag&post=121529"}],"curies":[{"name":"wp","href":"https:\/\/api.w.org\/{rel}","templated":true}]}}