{"id":121537,"date":"2026-05-06T07:33:10","date_gmt":"2026-05-06T10:33:10","guid":{"rendered":"https:\/\/www.hediyepazar.com\/?product=kablosuz-karaoke-mikrofon-usb-aux-destekli-parti-ve-eglence-icin"},"modified":"2026-05-06T07:33:10","modified_gmt":"2026-05-06T10:33:10","slug":"kablosuz-karaoke-mikrofon-usb-aux-destekli-parti-ve-eglence-icin","status":"publish","type":"product","link":"https:\/\/www.hediyepazar.com\/?product=kablosuz-karaoke-mikrofon-usb-aux-destekli-parti-ve-eglence-icin","title":{"rendered":"Kablosuz Karaoke Mikrofon USB AUX Destekli Parti ve E\u011flence \u0130\u00e7in"},"content":{"rendered":"<p>Bu kablosuz karaoke mikrofonu, her ortam\u0131 saniyeler i\u00e7inde e\u011flence merkezine d\u00f6n\u00fc\u015ft\u00fcren \u00e7ok y\u00f6nl\u00fc bir m\u00fczik deneyimi sunar. USB ve AUX giri\u015flerine sahip olmas\u0131, farkl\u0131 cihazlarla uyumlu \u00e7al\u0131\u015fmas\u0131n\u0131 sa\u011flar. Bluetooth ba\u011flant\u0131s\u0131 ise kablosuz \u00f6zg\u00fcrl\u00fck sunarak telefon veya tablet \u00fczerinden m\u00fczik \u00e7almay\u0131 kolayla\u015ft\u0131r\u0131r. Kablo olmadan rahat\u00e7a hareket edebilir, sahnedeymi\u015f gibi \u00f6zg\u00fcrce \u015fark\u0131 s\u00f6yleyebilirsiniz.Y\u00fcksek ses kalitesi ve etkileyici yank\u0131 efektleri sayesinde vokal performans\u0131n\u0131z \u00e7ok daha g\u00fc\u00e7l\u00fc duyulur. Echo efekti ile sesiniz daha dolgun ve profesyonel bir hale gelir. \u00c7ocuklar, yeti\u015fkinler, aile bireyleri veya arkada\u015f gruplar\u0131 taraf\u0131ndan keyifle kullan\u0131labilecek bu mikrofon; do\u011fum g\u00fcn\u00fc, parti, e\u011flence geceleri, ev aktiviteleri ve a\u00e7\u0131k hava etkinliklerinde m\u00fckemmel bir se\u00e7imdir.Dahili \u015farj edilebilir bataryas\u0131 uzun s\u00fcreli kullan\u0131m sa\u011flar. Saatlerce kesintisiz \u00e7al\u0131\u015farak e\u011flencenin kald\u0131\u011f\u0131 yerden devam etmesini m\u00fcmk\u00fcn k\u0131lar. \u015earj esnas\u0131nda bile kullan\u0131labilir olmas\u0131, kullan\u0131c\u0131ya b\u00fcy\u00fck bir hareket alan\u0131 sa\u011flar. Mikrofon g\u00f6vdesinin ergonomik yap\u0131s\u0131 elde rahat tutu\u015f sunar, uzun s\u00fcreli kullan\u0131mda yormaz.\u00d6l\u00e7\u00fcleri 25 x 9,5 x 8,5 cm olan kompakt tasar\u0131m, ta\u015f\u0131ma kolayl\u0131\u011f\u0131 sa\u011flar. Tatillerde, pikniklerde veya d\u0131\u015f mekan etkinliklerinde \u00e7antan\u0131za at\u0131p g\u00f6t\u00fcrebilece\u011finiz kadar portatiftir. Ayr\u0131ca e\u011flenceli g\u00f6r\u00fcnt\u00fcs\u00fc, \u015f\u0131k tasar\u0131m\u0131 ve \u00e7ok fonksiyonlu yap\u0131s\u0131yla hediye olarak da olduk\u00e7a ilgi \u00e7eker.Karaoke keyfini ev ortam\u0131na ta\u015f\u0131mak isteyenler i\u00e7in ideal olan bu mikrofon; geni\u015f ba\u011flant\u0131 se\u00e7enekleri, y\u00fcksek ses performans\u0131 ve uzun pil \u00f6mr\u00fc ile e\u011flenceyi her an yan\u0131n\u0131zda ta\u015f\u0131man\u0131za olanak tan\u0131r. Hem \u00e7ocuklar hem yeti\u015fkinler i\u00e7in m\u00fczik dolu anlar sunan harika bir \u00e7\u00f6z\u00fcmd\u00fcr.<\/p>\n","protected":false},"excerpt":{"rendered":"<p>Bu kablosuz karaoke mikrofonu, her ortam\u0131 saniyeler i\u00e7inde e\u011flence merkezine d\u00f6n\u00fc\u015ft\u00fcren \u00e7ok y\u00f6nl\u00fc bir m\u00fczik deneyimi sunar. USB ve AUX giri\u015flerine sahip olmas\u0131, farkl\u0131 cihazlarla uyumlu \u00e7al\u0131\u015fmas\u0131n\u0131 sa\u011flar. Bluetooth ba\u011flant\u0131s\u0131 ise kablosuz \u00f6zg\u00fcrl\u00fck sunarak telefon veya tablet \u00fczerinden m\u00fczik \u00e7almay\u0131 kolayla\u015ft\u0131r\u0131r. Kablo olmadan rahat\u00e7a hareket edebilir, sahnedeymi\u015f gibi \u00f6zg\u00fcrce \u015fark\u0131 s\u00f6yleyebilirsiniz.Y\u00fcksek ses kalitesi ve etkileyici&#8230;<\/p>\n","protected":false},"featured_media":121536,"comment_status":"open","ping_status":"closed","template":"","meta":{"_kad_post_transparent":"","_kad_post_title":"","_kad_post_layout":"","_kad_post_sidebar_id":"","_kad_post_content_style":"","_kad_post_vertical_padding":"","_kad_post_feature":"","_kad_post_feature_position":"","_kad_post_header":false,"_kad_post_footer":false,"_kad_post_classname":""},"product_brand":[],"product_cat":[14911],"product_tag":[],"class_list":{"0":"post-121537","1":"product","2":"type-product","3":"status-publish","4":"has-post-thumbnail","6":"product_cat-kablosuz-hoparlor-kablosuz-hoparlor","8":"first","9":"instock","10":"purchasable","11":"product-type-simple","12":"entry","13":"content-bg","14":"loop-entry"},"_links":{"self":[{"href":"https:\/\/www.hediyepazar.com\/index.php?rest_route=\/wp\/v2\/product\/121537","targetHints":{"allow":["GET"]}}],"collection":[{"href":"https:\/\/www.hediyepazar.com\/index.php?rest_route=\/wp\/v2\/product"}],"about":[{"href":"https:\/\/www.hediyepazar.com\/index.php?rest_route=\/wp\/v2\/types\/product"}],"replies":[{"embeddable":true,"href":"https:\/\/www.hediyepazar.com\/index.php?rest_route=%2Fwp%2Fv2%2Fcomments&post=121537"}],"wp:featuredmedia":[{"embeddable":true,"href":"https:\/\/www.hediyepazar.com\/index.php?rest_route=\/wp\/v2\/media\/121536"}],"wp:attachment":[{"href":"https:\/\/www.hediyepazar.com\/index.php?rest_route=%2Fwp%2Fv2%2Fmedia&parent=121537"}],"wp:term":[{"taxonomy":"product_brand","embeddable":true,"href":"https:\/\/www.hediyepazar.com\/index.php?rest_route=%2Fwp%2Fv2%2Fproduct_brand&post=121537"},{"taxonomy":"product_cat","embeddable":true,"href":"https:\/\/www.hediyepazar.com\/index.php?rest_route=%2Fwp%2Fv2%2Fproduct_cat&post=121537"},{"taxonomy":"product_tag","embeddable":true,"href":"https:\/\/www.hediyepazar.com\/index.php?rest_route=%2Fwp%2Fv2%2Fproduct_tag&post=121537"}],"curies":[{"name":"wp","href":"https:\/\/api.w.org\/{rel}","templated":true}]}}