{"id":121565,"date":"2026-05-06T07:36:07","date_gmt":"2026-05-06T10:36:07","guid":{"rendered":"https:\/\/www.hediyepazar.com\/?product=telefon-video-cekim-kiti-led-aydinlatma-mikrofon-tripodlu-tam-set"},"modified":"2026-05-06T07:36:07","modified_gmt":"2026-05-06T10:36:07","slug":"telefon-video-cekim-kiti-led-aydinlatma-mikrofon-tripodlu-tam-set","status":"publish","type":"product","link":"https:\/\/www.hediyepazar.com\/?product=telefon-video-cekim-kiti-led-aydinlatma-mikrofon-tripodlu-tam-set","title":{"rendered":"Telefon Video \u00c7ekim Kiti LED Ayd\u0131nlatma Mikrofon Tripodlu Tam Set"},"content":{"rendered":"<p>Bu \u00e7ok y\u00f6nl\u00fc video \u00e7ekim kiti, i\u00e7erik \u00fcreticilerinin t\u00fcm ihtiya\u00e7lar\u0131n\u0131 tek bir sette birle\u015ftirerek kusursuz \u00e7ekim deneyimi sunar. G\u00fcnl\u00fck vlog \u00e7ekimlerinden r\u00f6portajlara, e\u011fitim videolar\u0131ndan sosyal medya i\u00e7eriklerine kadar bir\u00e7ok \u00e7ekim t\u00fcr\u00fc i\u00e7in ideal bir \u00e7\u00f6z\u00fcmd\u00fcr. Set, mini tripod, LED \u0131\u015f\u0131k, harici mikrofon ve Bluetooth uzaktan kumanda gibi \u00e7ekim kalitesini belirleyen temel bile\u015fenlere sahiptir.Mini tripod, telefonunuzu sabitleyerek titre\u015fimlerden kaynaklanan kalite kayb\u0131n\u0131 ortadan kald\u0131r\u0131r. Ayarlanabilir yap\u0131s\u0131 sayesinde istedi\u011finiz a\u00e7\u0131y\u0131 rahatl\u0131kla yakalayabilirsiniz. Hafif ve ergonomik tasar\u0131m\u0131, ta\u015f\u0131nabilirli\u011fi art\u0131r\u0131r ve her ortamda kolay kullan\u0131m sa\u011flar.LED \u0131\u015f\u0131k, g\u00f6r\u00fcnt\u00fc kalitesini do\u011frudan etkileyen en \u00f6nemli unsurlardan biridir. Bu sette yer alan LED \u0131\u015f\u0131k, d\u00fc\u015f\u00fck \u0131\u015f\u0131kl\u0131 ortamlarda bile etkili ayd\u0131nlatma sunarak profesyonel g\u00f6r\u00fcn\u00fcml\u00fc videolar \u00e7ekmenizi sa\u011flar. Parlakl\u0131k seviyesinin ayarlanabilir olmas\u0131, \u00e7ekim ortam\u0131na en uygun \u0131\u015f\u0131\u011f\u0131 elde etmenizi kolayla\u015ft\u0131r\u0131r.Harici mikrofon ise videolar\u0131n ses kalitesini belirgin \u015fekilde art\u0131r\u0131r. Arka plan g\u00fcr\u00fclt\u00fcs\u00fcn\u00fc azaltarak konu\u015fmalar\u0131n \u00e7ok daha net \u015fekilde izleyiciye ula\u015fmas\u0131n\u0131 sa\u011flar. \u00d6zellikle d\u0131\u015f mek\u00e2n \u00e7ekimlerinde, kapal\u0131 alanlarda ve r\u00f6portajlarda b\u00fcy\u00fck kolayl\u0131k sa\u011flar.Bluetooth uzaktan kumanda, \u00e7ekim s\u00fcrecinizi daha ba\u011f\u0131ms\u0131z ve rahat hale getirir. Tek dokunu\u015fla kay\u0131t ba\u015flatman\u0131za imk\u00e2n tan\u0131rken, tripod \u00fczerinde sabit duran telefonunuza yakla\u015fma ihtiyac\u0131n\u0131 ortadan kald\u0131r\u0131r.T\u00fcm bu bile\u015fenler birle\u015fti\u011finde, bu video \u00e7ekim kiti hem amat\u00f6r hem profesyonel kullan\u0131c\u0131lar i\u00e7in mobil bir st\u00fcdyo deneyimi sunar. Kolay kullan\u0131m, y\u00fcksek kalite ve ta\u015f\u0131nabilirlik sayesinde i\u00e7erik \u00fcretiminizi bir \u00fcst seviyeye ta\u015f\u0131r.<\/p>\n","protected":false},"excerpt":{"rendered":"<p>Bu \u00e7ok y\u00f6nl\u00fc video \u00e7ekim kiti, i\u00e7erik \u00fcreticilerinin t\u00fcm ihtiya\u00e7lar\u0131n\u0131 tek bir sette birle\u015ftirerek kusursuz \u00e7ekim deneyimi sunar. G\u00fcnl\u00fck vlog \u00e7ekimlerinden r\u00f6portajlara, e\u011fitim videolar\u0131ndan sosyal medya i\u00e7eriklerine kadar bir\u00e7ok \u00e7ekim t\u00fcr\u00fc i\u00e7in ideal bir \u00e7\u00f6z\u00fcmd\u00fcr. Set, mini tripod, LED \u0131\u015f\u0131k, harici mikrofon ve Bluetooth uzaktan kumanda gibi \u00e7ekim kalitesini belirleyen temel bile\u015fenlere sahiptir.Mini tripod, telefonunuzu&#8230;<\/p>\n","protected":false},"featured_media":121564,"comment_status":"open","ping_status":"closed","template":"","meta":{"_kad_post_transparent":"","_kad_post_title":"","_kad_post_layout":"","_kad_post_sidebar_id":"","_kad_post_content_style":"","_kad_post_vertical_padding":"","_kad_post_feature":"","_kad_post_feature_position":"","_kad_post_header":false,"_kad_post_footer":false,"_kad_post_classname":""},"product_brand":[],"product_cat":[15025],"product_tag":[],"class_list":{"0":"post-121565","1":"product","2":"type-product","3":"status-publish","4":"has-post-thumbnail","6":"product_cat-foto-ve-kamera-aksesuari-foto-ve-kamera-aksesuari","8":"first","9":"instock","10":"purchasable","11":"product-type-simple","12":"entry","13":"content-bg","14":"loop-entry"},"_links":{"self":[{"href":"https:\/\/www.hediyepazar.com\/index.php?rest_route=\/wp\/v2\/product\/121565","targetHints":{"allow":["GET"]}}],"collection":[{"href":"https:\/\/www.hediyepazar.com\/index.php?rest_route=\/wp\/v2\/product"}],"about":[{"href":"https:\/\/www.hediyepazar.com\/index.php?rest_route=\/wp\/v2\/types\/product"}],"replies":[{"embeddable":true,"href":"https:\/\/www.hediyepazar.com\/index.php?rest_route=%2Fwp%2Fv2%2Fcomments&post=121565"}],"wp:featuredmedia":[{"embeddable":true,"href":"https:\/\/www.hediyepazar.com\/index.php?rest_route=\/wp\/v2\/media\/121564"}],"wp:attachment":[{"href":"https:\/\/www.hediyepazar.com\/index.php?rest_route=%2Fwp%2Fv2%2Fmedia&parent=121565"}],"wp:term":[{"taxonomy":"product_brand","embeddable":true,"href":"https:\/\/www.hediyepazar.com\/index.php?rest_route=%2Fwp%2Fv2%2Fproduct_brand&post=121565"},{"taxonomy":"product_cat","embeddable":true,"href":"https:\/\/www.hediyepazar.com\/index.php?rest_route=%2Fwp%2Fv2%2Fproduct_cat&post=121565"},{"taxonomy":"product_tag","embeddable":true,"href":"https:\/\/www.hediyepazar.com\/index.php?rest_route=%2Fwp%2Fv2%2Fproduct_tag&post=121565"}],"curies":[{"name":"wp","href":"https:\/\/api.w.org\/{rel}","templated":true}]}}