{"id":121581,"date":"2026-05-06T07:37:19","date_gmt":"2026-05-06T10:37:19","guid":{"rendered":"https:\/\/www.hediyepazar.com\/?product=solar-bahce-lambasi-100-led-hareket-sensorlu-gunes-enerjili-aydinlatma"},"modified":"2026-05-06T07:37:19","modified_gmt":"2026-05-06T10:37:19","slug":"solar-bahce-lambasi-100-led-hareket-sensorlu-gunes-enerjili-aydinlatma","status":"publish","type":"product","link":"https:\/\/www.hediyepazar.com\/?product=solar-bahce-lambasi-100-led-hareket-sensorlu-gunes-enerjili-aydinlatma","title":{"rendered":"Solar Bah\u00e7e Lambas\u0131 100 LED Hareket Sens\u00f6rl\u00fc G\u00fcne\u015f Enerjili Ayd\u0131nlatma"},"content":{"rendered":"<p>Bu g\u00fcne\u015f enerjili solar bah\u00e7e ayd\u0131nlatma lambas\u0131, \u00e7evre dostu enerji \u00fcretimi ve pratik kullan\u0131m \u00f6zellikleriyle d\u0131\u015f mekan ihtiya\u00e7lar\u0131na modern bir \u00e7\u00f6z\u00fcm sunar. G\u00fcne\u015f paneli sayesinde g\u00fcn boyunca g\u00fcne\u015f \u0131\u015f\u0131\u011f\u0131n\u0131 depolar ve gece oldu\u011funda sens\u00f6r\u00fc sayesinde otomatik olarak devreye girer. B\u00f6ylece hem enerji tasarrufu sa\u011flar hem de elektrik maliyetlerini ortadan kald\u0131r\u0131r. Kablo gerektirmeyen yap\u0131s\u0131 sayesinde montaj\u0131 son derece kolayd\u0131r; bah\u00e7e, balkon, teras, otopark, garaj giri\u015fi veya duvar gibi pek \u00e7ok alanda pratik bir \u015fekilde kullan\u0131labilir.\u00dcr\u00fcn, 100 LED\u2019li g\u00fc\u00e7l\u00fc ayd\u0131nlatma sistemi ile geni\u015f bir alan\u0131 homojen \u015fekilde ayd\u0131nlat\u0131r. Hareket alg\u0131lama \u00f6zelli\u011fi sayesinde yaln\u0131zca ihtiya\u00e7 duyuldu\u011funda yanar ve bu \u00f6zellik hem enerji tasarrufu sa\u011flar hem de g\u00fcvenli\u011fi art\u0131r\u0131r. Hareket alg\u0131land\u0131\u011f\u0131nda otomatik olarak y\u00fcksek \u0131\u015f\u0131k moduna ge\u00e7er ve belirli bir s\u00fcre sonra tekrar d\u00fc\u015f\u00fck moda d\u00f6ner. Bu, hem gece g\u00f6r\u00fc\u015f\u00fcn\u00fc art\u0131r\u0131r hem de d\u0131\u015f mekanlarda g\u00fcvenlik ama\u00e7l\u0131 kullan\u0131mda b\u00fcy\u00fck avantaj sa\u011flar.Modern ve \u015f\u0131k tasar\u0131m\u0131, d\u0131\u015f mekan dekorasyonuna estetik bir g\u00f6r\u00fcn\u00fcm kazand\u0131r\u0131r. Dayan\u0131kl\u0131 malzeme yap\u0131s\u0131 sayesinde ya\u011fmur, r\u00fczgar, toz gibi d\u0131\u015f etkenlere kar\u015f\u0131 y\u00fcksek dayan\u0131kl\u0131l\u0131k g\u00f6sterir. Bu da \u00fcr\u00fcn\u00fc y\u0131l boyunca g\u00fcvenle kullanman\u0131za imkan tan\u0131r.Kolay montaj imkan\u0131 sunan solar lamba, herhangi bir elektrik ba\u011flant\u0131s\u0131na ihtiya\u00e7 duymadan yaln\u0131zca birka\u00e7 vida ile duvara sabitlenebilir. Tamamen g\u00fcne\u015f enerjisiyle \u00e7al\u0131\u015ft\u0131\u011f\u0131 i\u00e7in \u00e7evreye zarar vermeyen ve uzun \u00f6m\u00fcrl\u00fc bir kullan\u0131m sunan bu solar bah\u00e7e lambas\u0131, hem estetik hem fonksiyonel bir d\u0131\u015f mekan ayd\u0131nlatma \u00e7\u00f6z\u00fcm\u00fcd\u00fcr.<\/p>\n","protected":false},"excerpt":{"rendered":"<p>Bu g\u00fcne\u015f enerjili solar bah\u00e7e ayd\u0131nlatma lambas\u0131, \u00e7evre dostu enerji \u00fcretimi ve pratik kullan\u0131m \u00f6zellikleriyle d\u0131\u015f mekan ihtiya\u00e7lar\u0131na modern bir \u00e7\u00f6z\u00fcm sunar. G\u00fcne\u015f paneli sayesinde g\u00fcn boyunca g\u00fcne\u015f \u0131\u015f\u0131\u011f\u0131n\u0131 depolar ve gece oldu\u011funda sens\u00f6r\u00fc sayesinde otomatik olarak devreye girer. B\u00f6ylece hem enerji tasarrufu sa\u011flar hem de elektrik maliyetlerini ortadan kald\u0131r\u0131r. Kablo gerektirmeyen yap\u0131s\u0131 sayesinde montaj\u0131&#8230;<\/p>\n","protected":false},"featured_media":121580,"comment_status":"open","ping_status":"closed","template":"","meta":{"_kad_post_transparent":"","_kad_post_title":"","_kad_post_layout":"","_kad_post_sidebar_id":"","_kad_post_content_style":"","_kad_post_vertical_padding":"","_kad_post_feature":"","_kad_post_feature_position":"","_kad_post_header":false,"_kad_post_footer":false,"_kad_post_classname":""},"product_brand":[],"product_cat":[14946],"product_tag":[],"class_list":{"0":"post-121581","1":"product","2":"type-product","3":"status-publish","4":"has-post-thumbnail","6":"product_cat-bahce-aydinlatmasi-bahce-aydinlatmasi","8":"first","9":"instock","10":"purchasable","11":"product-type-simple","12":"entry","13":"content-bg","14":"loop-entry"},"_links":{"self":[{"href":"https:\/\/www.hediyepazar.com\/index.php?rest_route=\/wp\/v2\/product\/121581","targetHints":{"allow":["GET"]}}],"collection":[{"href":"https:\/\/www.hediyepazar.com\/index.php?rest_route=\/wp\/v2\/product"}],"about":[{"href":"https:\/\/www.hediyepazar.com\/index.php?rest_route=\/wp\/v2\/types\/product"}],"replies":[{"embeddable":true,"href":"https:\/\/www.hediyepazar.com\/index.php?rest_route=%2Fwp%2Fv2%2Fcomments&post=121581"}],"wp:featuredmedia":[{"embeddable":true,"href":"https:\/\/www.hediyepazar.com\/index.php?rest_route=\/wp\/v2\/media\/121580"}],"wp:attachment":[{"href":"https:\/\/www.hediyepazar.com\/index.php?rest_route=%2Fwp%2Fv2%2Fmedia&parent=121581"}],"wp:term":[{"taxonomy":"product_brand","embeddable":true,"href":"https:\/\/www.hediyepazar.com\/index.php?rest_route=%2Fwp%2Fv2%2Fproduct_brand&post=121581"},{"taxonomy":"product_cat","embeddable":true,"href":"https:\/\/www.hediyepazar.com\/index.php?rest_route=%2Fwp%2Fv2%2Fproduct_cat&post=121581"},{"taxonomy":"product_tag","embeddable":true,"href":"https:\/\/www.hediyepazar.com\/index.php?rest_route=%2Fwp%2Fv2%2Fproduct_tag&post=121581"}],"curies":[{"name":"wp","href":"https:\/\/api.w.org\/{rel}","templated":true}]}}