{"id":121641,"date":"2026-05-06T07:47:16","date_gmt":"2026-05-06T10:47:16","guid":{"rendered":"https:\/\/www.hediyepazar.com\/?product=bn01-ucucu-yag-uyumlu-renkli-led-isikli-nemlendirici"},"modified":"2026-05-06T07:47:16","modified_gmt":"2026-05-06T10:47:16","slug":"bn01-ucucu-yag-uyumlu-renkli-led-isikli-nemlendirici","status":"publish","type":"product","link":"https:\/\/www.hediyepazar.com\/?product=bn01-ucucu-yag-uyumlu-renkli-led-isikli-nemlendirici","title":{"rendered":"BN01 U\u00e7ucu Ya\u011f Uyumlu Renkli LED I\u015f\u0131kl\u0131 Nemlendirici"},"content":{"rendered":"<p>Ultrasonik teknoloji ile \u00e7al\u0131\u015fan 550ML hava nemlendirici, havay\u0131 sessiz ve etkili bir \u015fekilde nemlendirir. \u00d6zellikle kuru iklimlerde veya k\u0131\u015f aylar\u0131nda kullan\u0131ld\u0131\u011f\u0131nda cildin nemlenmesine, bo\u011faz kurulu\u011funun azalmas\u0131na ve daha sa\u011fl\u0131kl\u0131 bir solunum ortam\u0131 yarat\u0131lmas\u0131na yard\u0131mc\u0131 olur.U\u00e7ucu ya\u011f dif\u00fcz\u00f6r\u00fc olarak da kullan\u0131labilen cihaz, evinizin havas\u0131na do\u011fal kokular ekler. LED \u0131\u015f\u0131k se\u00e7enekleri ile huzurlu bir ortam olu\u015fturur. Enerji verimlili\u011fi ve \u015f\u0131k tasar\u0131m\u0131 sayesinde hem i\u015flevsel hem de dekoratif bir \u00fcr\u00fcnd\u00fcr.<\/p>\n","protected":false},"excerpt":{"rendered":"<p>Ultrasonik teknoloji ile \u00e7al\u0131\u015fan 550ML hava nemlendirici, havay\u0131 sessiz ve etkili bir \u015fekilde nemlendirir. \u00d6zellikle kuru iklimlerde veya k\u0131\u015f aylar\u0131nda kullan\u0131ld\u0131\u011f\u0131nda cildin nemlenmesine, bo\u011faz kurulu\u011funun azalmas\u0131na ve daha sa\u011fl\u0131kl\u0131 bir solunum ortam\u0131 yarat\u0131lmas\u0131na yard\u0131mc\u0131 olur.U\u00e7ucu ya\u011f dif\u00fcz\u00f6r\u00fc olarak da kullan\u0131labilen cihaz, evinizin havas\u0131na do\u011fal kokular ekler. LED \u0131\u015f\u0131k se\u00e7enekleri ile huzurlu bir ortam olu\u015fturur. Enerji&#8230;<\/p>\n","protected":false},"featured_media":121640,"comment_status":"open","ping_status":"closed","template":"","meta":{"_kad_post_transparent":"","_kad_post_title":"","_kad_post_layout":"","_kad_post_sidebar_id":"","_kad_post_content_style":"","_kad_post_vertical_padding":"","_kad_post_feature":"","_kad_post_feature_position":"","_kad_post_header":false,"_kad_post_footer":false,"_kad_post_classname":""},"product_brand":[],"product_cat":[14965],"product_tag":[],"class_list":{"0":"post-121641","1":"product","2":"type-product","3":"status-publish","4":"has-post-thumbnail","6":"product_cat-hava-nemlendirici-hava-nemlendirici","8":"first","9":"instock","10":"purchasable","11":"product-type-simple","12":"entry","13":"content-bg","14":"loop-entry"},"_links":{"self":[{"href":"https:\/\/www.hediyepazar.com\/index.php?rest_route=\/wp\/v2\/product\/121641","targetHints":{"allow":["GET"]}}],"collection":[{"href":"https:\/\/www.hediyepazar.com\/index.php?rest_route=\/wp\/v2\/product"}],"about":[{"href":"https:\/\/www.hediyepazar.com\/index.php?rest_route=\/wp\/v2\/types\/product"}],"replies":[{"embeddable":true,"href":"https:\/\/www.hediyepazar.com\/index.php?rest_route=%2Fwp%2Fv2%2Fcomments&post=121641"}],"wp:featuredmedia":[{"embeddable":true,"href":"https:\/\/www.hediyepazar.com\/index.php?rest_route=\/wp\/v2\/media\/121640"}],"wp:attachment":[{"href":"https:\/\/www.hediyepazar.com\/index.php?rest_route=%2Fwp%2Fv2%2Fmedia&parent=121641"}],"wp:term":[{"taxonomy":"product_brand","embeddable":true,"href":"https:\/\/www.hediyepazar.com\/index.php?rest_route=%2Fwp%2Fv2%2Fproduct_brand&post=121641"},{"taxonomy":"product_cat","embeddable":true,"href":"https:\/\/www.hediyepazar.com\/index.php?rest_route=%2Fwp%2Fv2%2Fproduct_cat&post=121641"},{"taxonomy":"product_tag","embeddable":true,"href":"https:\/\/www.hediyepazar.com\/index.php?rest_route=%2Fwp%2Fv2%2Fproduct_tag&post=121641"}],"curies":[{"name":"wp","href":"https:\/\/api.w.org\/{rel}","templated":true}]}}