{"id":121655,"date":"2026-05-06T07:49:10","date_gmt":"2026-05-06T10:49:10","guid":{"rendered":"https:\/\/www.hediyepazar.com\/?product=usb-sarjli-manyetik-karistirici-kupa-otomatik-karistirma-paslanmaz-celik"},"modified":"2026-05-06T07:49:10","modified_gmt":"2026-05-06T10:49:10","slug":"usb-sarjli-manyetik-karistirici-kupa-otomatik-karistirma-paslanmaz-celik","status":"publish","type":"product","link":"https:\/\/www.hediyepazar.com\/?product=usb-sarjli-manyetik-karistirici-kupa-otomatik-karistirma-paslanmaz-celik","title":{"rendered":"USB \u015earjl\u0131 Manyetik Kar\u0131\u015ft\u0131r\u0131c\u0131 Kupa Otomatik Kar\u0131\u015ft\u0131rma Paslanmaz \u00c7elik"},"content":{"rendered":"<p>G\u00fcnl\u00fck hayat\u0131n h\u0131z\u0131na yeti\u015fmek i\u00e7in pratik \u00e7\u00f6z\u00fcmler arayanlar\u0131n favorisi olacak bu USB \u015farjl\u0131 manyetik kar\u0131\u015ft\u0131r\u0131c\u0131 kupa, modern tasar\u0131m\u0131 ve g\u00fc\u00e7l\u00fc kar\u0131\u015ft\u0131rma teknolojisiyle i\u00e7ecek haz\u0131rlamay\u0131 son derece kolay hale getirir. Kahve, \u00e7ay, s\u00fct, s\u0131cak \u00e7ikolata, kakao, protein shake ve aromal\u0131 i\u00e7ecekler gibi bir\u00e7ok kar\u0131\u015f\u0131m\u0131 saniyeler i\u00e7inde homojen hale getirir. Tek bir tu\u015fla otomatik olarak d\u00f6nen manyetik kar\u0131\u015ft\u0131r\u0131c\u0131 sistemi, i\u00e7ece\u011finizi ka\u015f\u0131k kullanmadan, zahmetsiz bir \u015fekilde haz\u0131rlaman\u0131za olanak tan\u0131r.Kupa, yaln\u0131zca 1.5 saat i\u00e7inde tamamen \u015farj olan uzun \u00f6m\u00fcrl\u00fc bir batarya ile donat\u0131lm\u0131\u015ft\u0131r. Bu sayede \u00fcr\u00fcn\u00fc s\u00fcrekli pil de\u011fi\u015ftirmeye ihtiya\u00e7 duymadan rahatl\u0131kla kullanabilirsiniz. USB ile \u015farj edilebilmesi, \u00fcr\u00fcn\u00fc evde, ofiste, ara\u00e7 i\u00e7inde, okulda, spor salonunda veya seyahatlerde kullan\u0131m i\u00e7in ideal hale getirir. Minimal enerjiyle maksimum performans sa\u011flayan bu sistem, hem ekonomik hem de \u00e7evre dostudur.\u0130\u00e7 k\u0131sm\u0131nda yer alan paslanmaz \u00e7elik astar, s\u0131cak ve so\u011fuk i\u00e7ecekler i\u00e7in g\u00fcvenli ve dayan\u0131kl\u0131 bir kullan\u0131m sunar. D\u0131\u015f g\u00f6vde ise g\u0131da s\u0131n\u0131f\u0131 ABS malzeme ile g\u00fc\u00e7lendirilmi\u015f olup sa\u011fl\u0131kl\u0131 bir i\u00e7im deneyimi sa\u011flar. \u00c7ift katmanl\u0131 yap\u0131 sayesinde s\u0131cak i\u00e7eceklerde d\u0131\u015f y\u00fczey \u0131s\u0131nmaz ve el yakmadan rahat kullan\u0131m sunar.Kupan\u0131n \u00e7al\u0131\u015ft\u0131\u011f\u0131 manyetik fiziksel kar\u0131\u015ft\u0131rma prensibi, toz i\u00e7eceklerin tamamen \u00e7\u00f6z\u00fcnmesini sa\u011flar. Protein tozu, kahve gran\u00fclleri, \u015feker, s\u00fct tozu gibi bile\u015fenler birka\u00e7 saniye i\u00e7erisinde e\u015fit \u015fekilde kar\u0131\u015f\u0131r. Sessiz \u00e7al\u0131\u015fma teknolojisi sabah ofiste, evde veya yolculukta kimseyi rahats\u0131z etmeden kullan\u0131m sa\u011flar.Temizli\u011fi de son derece pratiktir\u2014motor \u00fcnitesi ve kapa\u011f\u0131 hari\u00e7 olmak \u00fczere kupa k\u0131sm\u0131n\u0131 su alt\u0131nda h\u0131zl\u0131ca durulamak yeterlidir. Bula\u015f\u0131k makinesinde y\u0131kama \u00f6nerilmez, bu sayede \u00fcr\u00fcn\u00fcn motor yap\u0131s\u0131 korunur. Hafif ve kompakt tasar\u0131m\u0131, \u00e7antada kolay ta\u015f\u0131nabilirlik sa\u011flar.Hem \u015f\u0131k tasar\u0131m\u0131 hem de fonksiyonel g\u00fcc\u00fcyle bu otomatik kar\u0131\u015ft\u0131r\u0131c\u0131 kupa, pratikli\u011fi seven herkes i\u00e7in ideal bir \u00fcr\u00fcnd\u00fcr. Kendiniz i\u00e7in alabilir veya kahve tutkunu dostlar\u0131n\u0131za modern bir hediye olarak tercih edebilirsiniz.<\/p>\n","protected":false},"excerpt":{"rendered":"<p>G\u00fcnl\u00fck hayat\u0131n h\u0131z\u0131na yeti\u015fmek i\u00e7in pratik \u00e7\u00f6z\u00fcmler arayanlar\u0131n favorisi olacak bu USB \u015farjl\u0131 manyetik kar\u0131\u015ft\u0131r\u0131c\u0131 kupa, modern tasar\u0131m\u0131 ve g\u00fc\u00e7l\u00fc kar\u0131\u015ft\u0131rma teknolojisiyle i\u00e7ecek haz\u0131rlamay\u0131 son derece kolay hale getirir. Kahve, \u00e7ay, s\u00fct, s\u0131cak \u00e7ikolata, kakao, protein shake ve aromal\u0131 i\u00e7ecekler gibi bir\u00e7ok kar\u0131\u015f\u0131m\u0131 saniyeler i\u00e7inde homojen hale getirir. Tek bir tu\u015fla otomatik olarak d\u00f6nen manyetik&#8230;<\/p>\n","protected":false},"featured_media":121654,"comment_status":"open","ping_status":"closed","template":"","meta":{"_kad_post_transparent":"","_kad_post_title":"","_kad_post_layout":"","_kad_post_sidebar_id":"","_kad_post_content_style":"","_kad_post_vertical_padding":"","_kad_post_feature":"","_kad_post_feature_position":"","_kad_post_header":false,"_kad_post_footer":false,"_kad_post_classname":""},"product_brand":[],"product_cat":[15014],"product_tag":[],"class_list":{"0":"post-121655","1":"product","2":"type-product","3":"status-publish","4":"has-post-thumbnail","6":"product_cat-mug-mug","8":"first","9":"instock","10":"purchasable","11":"product-type-simple","12":"entry","13":"content-bg","14":"loop-entry"},"_links":{"self":[{"href":"https:\/\/www.hediyepazar.com\/index.php?rest_route=\/wp\/v2\/product\/121655","targetHints":{"allow":["GET"]}}],"collection":[{"href":"https:\/\/www.hediyepazar.com\/index.php?rest_route=\/wp\/v2\/product"}],"about":[{"href":"https:\/\/www.hediyepazar.com\/index.php?rest_route=\/wp\/v2\/types\/product"}],"replies":[{"embeddable":true,"href":"https:\/\/www.hediyepazar.com\/index.php?rest_route=%2Fwp%2Fv2%2Fcomments&post=121655"}],"wp:featuredmedia":[{"embeddable":true,"href":"https:\/\/www.hediyepazar.com\/index.php?rest_route=\/wp\/v2\/media\/121654"}],"wp:attachment":[{"href":"https:\/\/www.hediyepazar.com\/index.php?rest_route=%2Fwp%2Fv2%2Fmedia&parent=121655"}],"wp:term":[{"taxonomy":"product_brand","embeddable":true,"href":"https:\/\/www.hediyepazar.com\/index.php?rest_route=%2Fwp%2Fv2%2Fproduct_brand&post=121655"},{"taxonomy":"product_cat","embeddable":true,"href":"https:\/\/www.hediyepazar.com\/index.php?rest_route=%2Fwp%2Fv2%2Fproduct_cat&post=121655"},{"taxonomy":"product_tag","embeddable":true,"href":"https:\/\/www.hediyepazar.com\/index.php?rest_route=%2Fwp%2Fv2%2Fproduct_tag&post=121655"}],"curies":[{"name":"wp","href":"https:\/\/api.w.org\/{rel}","templated":true}]}}