{"id":121679,"date":"2026-05-06T07:51:59","date_gmt":"2026-05-06T10:51:59","guid":{"rendered":"https:\/\/www.hediyepazar.com\/?product=akilli-projeksiyon-cihazi-hdmi-usb-baglantili-tasinabilir-enerji-tasarruflu"},"modified":"2026-05-06T07:51:59","modified_gmt":"2026-05-06T10:51:59","slug":"akilli-projeksiyon-cihazi-hdmi-usb-baglantili-tasinabilir-enerji-tasarruflu","status":"publish","type":"product","link":"https:\/\/www.hediyepazar.com\/?product=akilli-projeksiyon-cihazi-hdmi-usb-baglantili-tasinabilir-enerji-tasarruflu","title":{"rendered":"Ak\u0131ll\u0131 Projeksiyon Cihaz\u0131 HDMI USB Ba\u011flant\u0131l\u0131 Ta\u015f\u0131nabilir Enerji Tasarruflu"},"content":{"rendered":"<p>Bu ak\u0131ll\u0131 projeksiyon cihaz\u0131, y\u00fcksek performansl\u0131 i\u015flemcisi sayesinde yaln\u0131zca film, dizi veya sunumlar i\u00e7in de\u011fil; ayn\u0131 zamanda oyun performans\u0131 i\u00e7in de ideal bir deneyim sunar. Oyun oynarken b\u00fcy\u00fck ekranda daha etkileyici bir g\u00f6r\u00fcnt\u00fc elde etmek isteyen kullan\u0131c\u0131lar i\u00e7in \u00fcretilen bu cihaz, gecikme s\u00fcresini minimuma indirerek oyun keyfini kesintisiz hale getirir. \u0130ster tek ba\u015f\u0131n\u0131za ister arkada\u015flar\u0131n\u0131zla birlikte b\u00fcy\u00fck ekran\u0131n sundu\u011fu geni\u015f g\u00f6r\u00fc\u015f a\u00e7\u0131s\u0131nda oyun oynamak, cihaz\u0131n performans\u0131n\u0131 \u00e7ok daha keyifli hale getirir.Cihaz, geni\u015f uyumluluk sa\u011flayan HDMI, USB ve di\u011fer ba\u011flant\u0131 se\u00e7enekleri ile bilgisayar, oyun konsolu, TV kutusu, tablet ve harici depolama ayg\u0131tlar\u0131 gibi pek \u00e7ok cihaza kolayca ba\u011flanabilir. HDMI giri\u015fi y\u00fcksek \u00e7\u00f6z\u00fcn\u00fcrl\u00fckl\u00fc video aktar\u0131m\u0131n\u0131 kusursuz \u015fekilde ger\u00e7ekle\u015ftirirken USB ba\u011flant\u0131s\u0131 film, m\u00fczik veya sunum dosyalar\u0131n\u0131 direkt \u00e7al\u0131\u015ft\u0131rma imk\u00e2n\u0131 sunar. \u00c7ok y\u00f6nl\u00fc ba\u011flant\u0131 yap\u0131s\u0131 sayesinde kullan\u0131c\u0131lar ek bir adapt\u00f6re ihtiya\u00e7 duymadan cihazlar\u0131n\u0131 kolayca projeksiyona ba\u011flayabilir.Projeksiyon cihaz\u0131, enerji tasarruflu lamba teknolojisi ile donat\u0131lm\u0131\u015ft\u0131r. Bu \u00f6zel \u0131\u015f\u0131k kayna\u011f\u0131, uzun kullan\u0131m \u00f6mr\u00fcne sahip olup d\u00fc\u015f\u00fck g\u00fc\u00e7 t\u00fcketimi ile daha ekonomik bir kullan\u0131m sunar. Hem enerji maliyetlerinizi d\u00fc\u015f\u00fcr\u00fcr hem de uzun s\u00fcre lamba de\u011fi\u015fimi gerektirmeden projeksiyon keyfini s\u00fcrmenizi sa\u011flar.Kompakt ve son derece hafif tasar\u0131m\u0131, projeksiyon cihaz\u0131n\u0131 ta\u015f\u0131nabilir hale getirir. B\u00f6ylece sadece ev i\u00e7inde de\u011fil, i\u015f yerinde, seyahatte, kampta veya bah\u00e7ede de rahatl\u0131kla kullanabilirsiniz. Bu ta\u015f\u0131ma kolayl\u0131\u011f\u0131, cihaz\u0131 yaln\u0131zca sabit bir elektronik \u00fcr\u00fcn de\u011fil, ayn\u0131 zamanda mobil bir e\u011flence ve \u00e7al\u0131\u015fma \u00e7\u00f6z\u00fcm\u00fc haline getirir.Her ortamda net g\u00f6r\u00fcnt\u00fc kalitesi sunmak \u00fczere tasarlanan bu ak\u0131ll\u0131 projeksiyon cihaz\u0131, hem ev sinemas\u0131 olu\u015fturmak isteyen kullan\u0131c\u0131lar hem de oyun, sunum veya d\u0131\u015f mek\u00e2nda film izlemek isteyenler i\u00e7in m\u00fckemmel bir se\u00e7imdir.<\/p>\n","protected":false},"excerpt":{"rendered":"<p>Bu ak\u0131ll\u0131 projeksiyon cihaz\u0131, y\u00fcksek performansl\u0131 i\u015flemcisi sayesinde yaln\u0131zca film, dizi veya sunumlar i\u00e7in de\u011fil; ayn\u0131 zamanda oyun performans\u0131 i\u00e7in de ideal bir deneyim sunar. Oyun oynarken b\u00fcy\u00fck ekranda daha etkileyici bir g\u00f6r\u00fcnt\u00fc elde etmek isteyen kullan\u0131c\u0131lar i\u00e7in \u00fcretilen bu cihaz, gecikme s\u00fcresini minimuma indirerek oyun keyfini kesintisiz hale getirir. \u0130ster tek ba\u015f\u0131n\u0131za ister arkada\u015flar\u0131n\u0131zla&#8230;<\/p>\n","protected":false},"featured_media":121678,"comment_status":"open","ping_status":"closed","template":"","meta":{"_kad_post_transparent":"","_kad_post_title":"","_kad_post_layout":"","_kad_post_sidebar_id":"","_kad_post_content_style":"","_kad_post_vertical_padding":"","_kad_post_feature":"","_kad_post_feature_position":"","_kad_post_header":false,"_kad_post_footer":false,"_kad_post_classname":""},"product_brand":[],"product_cat":[14905],"product_tag":[],"class_list":{"0":"post-121679","1":"product","2":"type-product","3":"status-publish","4":"has-post-thumbnail","6":"product_cat-projeksiyon-projeksiyon","8":"first","9":"instock","10":"purchasable","11":"product-type-simple","12":"entry","13":"content-bg","14":"loop-entry"},"_links":{"self":[{"href":"https:\/\/www.hediyepazar.com\/index.php?rest_route=\/wp\/v2\/product\/121679","targetHints":{"allow":["GET"]}}],"collection":[{"href":"https:\/\/www.hediyepazar.com\/index.php?rest_route=\/wp\/v2\/product"}],"about":[{"href":"https:\/\/www.hediyepazar.com\/index.php?rest_route=\/wp\/v2\/types\/product"}],"replies":[{"embeddable":true,"href":"https:\/\/www.hediyepazar.com\/index.php?rest_route=%2Fwp%2Fv2%2Fcomments&post=121679"}],"wp:featuredmedia":[{"embeddable":true,"href":"https:\/\/www.hediyepazar.com\/index.php?rest_route=\/wp\/v2\/media\/121678"}],"wp:attachment":[{"href":"https:\/\/www.hediyepazar.com\/index.php?rest_route=%2Fwp%2Fv2%2Fmedia&parent=121679"}],"wp:term":[{"taxonomy":"product_brand","embeddable":true,"href":"https:\/\/www.hediyepazar.com\/index.php?rest_route=%2Fwp%2Fv2%2Fproduct_brand&post=121679"},{"taxonomy":"product_cat","embeddable":true,"href":"https:\/\/www.hediyepazar.com\/index.php?rest_route=%2Fwp%2Fv2%2Fproduct_cat&post=121679"},{"taxonomy":"product_tag","embeddable":true,"href":"https:\/\/www.hediyepazar.com\/index.php?rest_route=%2Fwp%2Fv2%2Fproduct_tag&post=121679"}],"curies":[{"name":"wp","href":"https:\/\/api.w.org\/{rel}","templated":true}]}}