{"id":121711,"date":"2026-05-06T07:55:05","date_gmt":"2026-05-06T10:55:05","guid":{"rendered":"https:\/\/www.hediyepazar.com\/?product=titresim-sensorlu-alarmli-motosiklet-disk-kilidi-14mm-celik-cift-kilitleme"},"modified":"2026-05-06T07:55:05","modified_gmt":"2026-05-06T10:55:05","slug":"titresim-sensorlu-alarmli-motosiklet-disk-kilidi-14mm-celik-cift-kilitleme","status":"publish","type":"product","link":"https:\/\/www.hediyepazar.com\/?product=titresim-sensorlu-alarmli-motosiklet-disk-kilidi-14mm-celik-cift-kilitleme","title":{"rendered":"Titre\u015fim Sens\u00f6rl\u00fc Alarml\u0131 Motosiklet Disk Kilidi 14mm \u00c7elik \u00c7ift Kilitleme"},"content":{"rendered":"<p>Motosikletinizi d\u0131\u015far\u0131da g\u00fcvenle b\u0131rakmak art\u0131k \u00e7ok daha kolay! Bu alarml\u0131 disk fren kilidi, titre\u015fim ve darbe alg\u0131layan ak\u0131ll\u0131 sens\u00f6r\u00fc sayesinde h\u0131rs\u0131zl\u0131k giri\u015fimlerini an\u0131nda fark eder ve 110 dB\u2019lik g\u00fc\u00e7l\u00fc alarm\u0131 aktif hale getirir. Alarm\u0131n y\u00fcksek desibeli, h\u0131rs\u0131zl\u0131\u011f\u0131 engelleyerek \u00e7evrede g\u00fc\u00e7l\u00fc bir uyar\u0131 etkisi olu\u015fturur. Kilit darbe ald\u0131\u011f\u0131nda \u00f6nce k\u0131sa bir uyar\u0131 sesi \u00e7\u0131kar\u0131r, devam eden sars\u0131nt\u0131larda tam g\u00fcc\u00fcnde alarm \u00e7almaya ba\u015flar.\u00dcr\u00fcn, dayan\u0131kl\u0131l\u0131k a\u00e7\u0131s\u0131ndan premium seviyede malzemelerle \u00fcretilmi\u015ftir. Sert ala\u015f\u0131m g\u00f6vde, darbelere kar\u015f\u0131 diren\u00e7 g\u00f6sterirken \u00e7elik \u00e7ift kilitleme pimleri k\u0131r\u0131lmaya kar\u015f\u0131 ekstra g\u00fcvenlik sa\u011flar. Bu sa\u011flam yap\u0131 sayesinde h\u0131rs\u0131zlar\u0131n kilidi zorlamas\u0131 olduk\u00e7a zordur. Su ge\u00e7irmez tasar\u0131m\u0131, ya\u011fmurlu havalarda bile sorunsuz kullan\u0131m sa\u011flar. Paslanmaz metal y\u00fczey uzun s\u00fcre kullan\u0131mda deformasyon olu\u015fmas\u0131n\u0131 engeller.Disk kilidi, 7 mm kal\u0131nl\u0131\u011f\u0131ndaki t\u00fcm disk frenlerle uyumludur ve geni\u015f bir kullan\u0131m alan\u0131 sunar. Motosikletler, scooterlar, bisikletler, elektrikli motosikletler gibi bir\u00e7ok ara\u00e7 i\u00e7in kullan\u0131labilir. Harley, Honda, Yamaha, KTM, Suzuki, BMW ve Kawasaki gibi markalarla full uyumludur. Kompakt boyutu sayesinde \u00e7antan\u0131za atabilir, sele alt\u0131na koyabilir veya yan\u0131n\u0131zda ta\u015f\u0131yabilirsiniz.Paket i\u00e7eri\u011fi olduk\u00e7a zengindir. 1,5 metrelik alarm kablosu, fark\u0131ndal\u0131k yaratmak i\u00e7in idealdir. Bu kabloyu gidona takarak hem g\u00f6rsel uyar\u0131 sa\u011flar hem de kilidi \u00e7\u0131karmay\u0131 unutmam\u0131\u015f olursunuz. Ayr\u0131ca bir adet saklama \u00e7antas\u0131 ve alyan anahtar kutu i\u00e7eri\u011fine dahildir. Kullan\u0131c\u0131 dostu tasar\u0131m\u0131 sayesinde kilit, silindirine basarak saniyeler i\u00e7inde devreye al\u0131nabilir.K\u0131sacas\u0131, bu alarml\u0131 disk fren kilidi; dayan\u0131kl\u0131l\u0131\u011f\u0131, y\u00fcksek alarm g\u00fcc\u00fc, geni\u015f uyumluluk kapasitesi ve kolay kullan\u0131m\u0131yla motosiklet, bisiklet veya scooter sahiplerinin mutlaka sahip olmas\u0131 gereken bir g\u00fcvenlik ekipman\u0131d\u0131r. A\u00e7\u0131k alanda park edenler i\u00e7in son derece etkili bir h\u0131rs\u0131zl\u0131k \u00f6nleme \u00e7\u00f6z\u00fcm\u00fcd\u00fcr.<\/p>\n","protected":false},"excerpt":{"rendered":"<p>Motosikletinizi d\u0131\u015far\u0131da g\u00fcvenle b\u0131rakmak art\u0131k \u00e7ok daha kolay! Bu alarml\u0131 disk fren kilidi, titre\u015fim ve darbe alg\u0131layan ak\u0131ll\u0131 sens\u00f6r\u00fc sayesinde h\u0131rs\u0131zl\u0131k giri\u015fimlerini an\u0131nda fark eder ve 110 dB\u2019lik g\u00fc\u00e7l\u00fc alarm\u0131 aktif hale getirir. Alarm\u0131n y\u00fcksek desibeli, h\u0131rs\u0131zl\u0131\u011f\u0131 engelleyerek \u00e7evrede g\u00fc\u00e7l\u00fc bir uyar\u0131 etkisi olu\u015fturur. Kilit darbe ald\u0131\u011f\u0131nda \u00f6nce k\u0131sa bir uyar\u0131 sesi \u00e7\u0131kar\u0131r, devam eden&#8230;<\/p>\n","protected":false},"featured_media":121710,"comment_status":"open","ping_status":"closed","template":"","meta":{"_kad_post_transparent":"","_kad_post_title":"","_kad_post_layout":"","_kad_post_sidebar_id":"","_kad_post_content_style":"","_kad_post_vertical_padding":"","_kad_post_feature":"","_kad_post_feature_position":"","_kad_post_header":false,"_kad_post_footer":false,"_kad_post_classname":""},"product_brand":[],"product_cat":[14985],"product_tag":[],"class_list":{"0":"post-121711","1":"product","2":"type-product","3":"status-publish","4":"has-post-thumbnail","6":"product_cat-akilli-guvenlik-urunu-akilli-guvenlik-urunu","8":"first","9":"instock","10":"purchasable","11":"product-type-simple","12":"entry","13":"content-bg","14":"loop-entry"},"_links":{"self":[{"href":"https:\/\/www.hediyepazar.com\/index.php?rest_route=\/wp\/v2\/product\/121711","targetHints":{"allow":["GET"]}}],"collection":[{"href":"https:\/\/www.hediyepazar.com\/index.php?rest_route=\/wp\/v2\/product"}],"about":[{"href":"https:\/\/www.hediyepazar.com\/index.php?rest_route=\/wp\/v2\/types\/product"}],"replies":[{"embeddable":true,"href":"https:\/\/www.hediyepazar.com\/index.php?rest_route=%2Fwp%2Fv2%2Fcomments&post=121711"}],"wp:featuredmedia":[{"embeddable":true,"href":"https:\/\/www.hediyepazar.com\/index.php?rest_route=\/wp\/v2\/media\/121710"}],"wp:attachment":[{"href":"https:\/\/www.hediyepazar.com\/index.php?rest_route=%2Fwp%2Fv2%2Fmedia&parent=121711"}],"wp:term":[{"taxonomy":"product_brand","embeddable":true,"href":"https:\/\/www.hediyepazar.com\/index.php?rest_route=%2Fwp%2Fv2%2Fproduct_brand&post=121711"},{"taxonomy":"product_cat","embeddable":true,"href":"https:\/\/www.hediyepazar.com\/index.php?rest_route=%2Fwp%2Fv2%2Fproduct_cat&post=121711"},{"taxonomy":"product_tag","embeddable":true,"href":"https:\/\/www.hediyepazar.com\/index.php?rest_route=%2Fwp%2Fv2%2Fproduct_tag&post=121711"}],"curies":[{"name":"wp","href":"https:\/\/api.w.org\/{rel}","templated":true}]}}