{"id":121823,"date":"2026-05-06T08:11:01","date_gmt":"2026-05-06T11:11:01","guid":{"rendered":"https:\/\/www.hediyepazar.com\/?product=tasinabilir-usb-sarjli-mini-smoothie-blender-380ml-celik-bicakli-portatif"},"modified":"2026-05-06T08:11:01","modified_gmt":"2026-05-06T11:11:01","slug":"tasinabilir-usb-sarjli-mini-smoothie-blender-380ml-celik-bicakli-portatif","status":"publish","type":"product","link":"https:\/\/www.hediyepazar.com\/?product=tasinabilir-usb-sarjli-mini-smoothie-blender-380ml-celik-bicakli-portatif","title":{"rendered":"Ta\u015f\u0131nabilir USB \u015earjl\u0131 Mini Smoothie Blender 380ml \u00c7elik B\u0131\u00e7akl\u0131 Portatif"},"content":{"rendered":"<p>Sa\u011fl\u0131kl\u0131 i\u00e7eceklerinizi g\u00fcn\u00fcn her an\u0131nda pratik bir \u015fekilde haz\u0131rlaman\u0131z\u0131 sa\u011flayan 380 ml ta\u015f\u0131nabilir \u015farjl\u0131 smoothie blender, modern ya\u015fam\u0131n en b\u00fcy\u00fck yard\u0131mc\u0131lar\u0131ndan biridir. \u00c7al\u0131\u015fma temposu yo\u011fun olanlar, sporcular, anneler ve g\u00fcn i\u00e7inde taze i\u00e7ecek t\u00fcketmeyi seven herkes i\u00e7in \u00f6zel olarak tasarlanm\u0131\u015ft\u0131r. Hafif ve kompakt yap\u0131s\u0131 sayesinde spor \u00e7antas\u0131na, el \u00e7antas\u0131na, s\u0131rt \u00e7antas\u0131na ya da araban\u0131n bardakl\u0131\u011f\u0131na kolayca s\u0131\u011far. Bu sayede dilerseniz ofiste, dilerseniz okulda, seyahatte ya da spor salonunda saniyeler i\u00e7inde taze i\u00e7ece\u011finizi haz\u0131rlayabilirsiniz.Cihaz\u0131n 380 ml geni\u015f haznesi g\u00fcnl\u00fck kullan\u0131m i\u00e7in ideal kapasite sunarken, 304 paslanmaz \u00e7elik b\u0131\u00e7aklar\u0131 y\u00fcksek motor g\u00fcc\u00fcyle birle\u015ferek meyve, sebze, buz ve di\u011fer sert malzemeleri rahatl\u0131kla par\u00e7alar. 22000 RPM motor h\u0131z\u0131 sayesinde dakikalar de\u011fil, saniyeler i\u00e7inde i\u00e7ece\u011finizi haz\u0131rlars\u0131n\u0131z. Bu h\u0131z, smoothie\u2019lerin daha homojen olmas\u0131n\u0131 ve tanelerin tamamen par\u00e7alanmas\u0131n\u0131 sa\u011flar.Cihaz\u0131n en \u00f6nemli g\u00fcvenlik \u00f6zelli\u011fi, \u00e7ift bas\u0131\u015f ile \u00e7al\u0131\u015fma sistemidir. Tek bas\u0131\u015fla \u00e7al\u0131\u015fmaz, bu da \u00e7antada ya da elde yanl\u0131\u015fl\u0131kla a\u00e7\u0131lmas\u0131n\u0131 engeller. Alt taban\u0131 do\u011fru \u015fekilde oturmad\u0131\u011f\u0131nda yan\u0131p s\u00f6nen \u0131\u015f\u0131k ile uyar\u0131 verir. \u00dcstelik s\u0131cak s\u0131v\u0131 kullan\u0131m\u0131 \u00f6nerilmez, 49 derecenin \u00fczerindeki s\u0131v\u0131lar cihaz\u0131n\u0131za zarar verebilir.2000mAh batarya kapasitesi, tek \u015farjla 10\u201312 kullan\u0131m sunar. 3 saatte tamamen dolar ve USB \u00fczerinden powerbank, bilgisayar, adapt\u00f6r veya ara\u00e7 i\u00e7i \u015farjla her yerde \u015farj edilebilir. Temizli\u011fi de olduk\u00e7a pratik olup hazneye su ve birka\u00e7 damla deterjan ekleyerek blender\u0131 \u00e7al\u0131\u015ft\u0131rman\u0131z yeterlidir.G\u00fcnl\u00fck ya\u015famda sa\u011fl\u0131kl\u0131 ve h\u0131zl\u0131 \u00f6\u011f\u00fcnler haz\u0131rlamak i\u00e7in tasarlanan bu ta\u015f\u0131nabilir mini blender, hem smoothie hem shake hem de bebek mamas\u0131 haz\u0131rlamak i\u00e7in ideal bir \u00e7\u00f6z\u00fcmd\u00fcr.<\/p>\n","protected":false},"excerpt":{"rendered":"<p>Sa\u011fl\u0131kl\u0131 i\u00e7eceklerinizi g\u00fcn\u00fcn her an\u0131nda pratik bir \u015fekilde haz\u0131rlaman\u0131z\u0131 sa\u011flayan 380 ml ta\u015f\u0131nabilir \u015farjl\u0131 smoothie blender, modern ya\u015fam\u0131n en b\u00fcy\u00fck yard\u0131mc\u0131lar\u0131ndan biridir. \u00c7al\u0131\u015fma temposu yo\u011fun olanlar, sporcular, anneler ve g\u00fcn i\u00e7inde taze i\u00e7ecek t\u00fcketmeyi seven herkes i\u00e7in \u00f6zel olarak tasarlanm\u0131\u015ft\u0131r. Hafif ve kompakt yap\u0131s\u0131 sayesinde spor \u00e7antas\u0131na, el \u00e7antas\u0131na, s\u0131rt \u00e7antas\u0131na ya da araban\u0131n bardakl\u0131\u011f\u0131na&#8230;<\/p>\n","protected":false},"featured_media":121822,"comment_status":"open","ping_status":"closed","template":"","meta":{"_kad_post_transparent":"","_kad_post_title":"","_kad_post_layout":"","_kad_post_sidebar_id":"","_kad_post_content_style":"","_kad_post_vertical_padding":"","_kad_post_feature":"","_kad_post_feature_position":"","_kad_post_header":false,"_kad_post_footer":false,"_kad_post_classname":""},"product_brand":[],"product_cat":[14959],"product_tag":[],"class_list":{"0":"post-121823","1":"product","2":"type-product","3":"status-publish","4":"has-post-thumbnail","6":"product_cat-blender-blender","8":"first","9":"instock","10":"purchasable","11":"product-type-simple","12":"entry","13":"content-bg","14":"loop-entry"},"_links":{"self":[{"href":"https:\/\/www.hediyepazar.com\/index.php?rest_route=\/wp\/v2\/product\/121823","targetHints":{"allow":["GET"]}}],"collection":[{"href":"https:\/\/www.hediyepazar.com\/index.php?rest_route=\/wp\/v2\/product"}],"about":[{"href":"https:\/\/www.hediyepazar.com\/index.php?rest_route=\/wp\/v2\/types\/product"}],"replies":[{"embeddable":true,"href":"https:\/\/www.hediyepazar.com\/index.php?rest_route=%2Fwp%2Fv2%2Fcomments&post=121823"}],"wp:featuredmedia":[{"embeddable":true,"href":"https:\/\/www.hediyepazar.com\/index.php?rest_route=\/wp\/v2\/media\/121822"}],"wp:attachment":[{"href":"https:\/\/www.hediyepazar.com\/index.php?rest_route=%2Fwp%2Fv2%2Fmedia&parent=121823"}],"wp:term":[{"taxonomy":"product_brand","embeddable":true,"href":"https:\/\/www.hediyepazar.com\/index.php?rest_route=%2Fwp%2Fv2%2Fproduct_brand&post=121823"},{"taxonomy":"product_cat","embeddable":true,"href":"https:\/\/www.hediyepazar.com\/index.php?rest_route=%2Fwp%2Fv2%2Fproduct_cat&post=121823"},{"taxonomy":"product_tag","embeddable":true,"href":"https:\/\/www.hediyepazar.com\/index.php?rest_route=%2Fwp%2Fv2%2Fproduct_tag&post=121823"}],"curies":[{"name":"wp","href":"https:\/\/api.w.org\/{rel}","templated":true}]}}