{"id":121847,"date":"2026-05-06T08:13:06","date_gmt":"2026-05-06T11:13:06","guid":{"rendered":"https:\/\/www.hediyepazar.com\/?product=kafa-lambasi-led-fener-pratik-tasinabilir-ayarlanabilir-usb-sarjli-3"},"modified":"2026-05-06T08:13:06","modified_gmt":"2026-05-06T11:13:06","slug":"kafa-lambasi-led-fener-pratik-tasinabilir-ayarlanabilir-usb-sarjli-3","status":"publish","type":"product","link":"https:\/\/www.hediyepazar.com\/?product=kafa-lambasi-led-fener-pratik-tasinabilir-ayarlanabilir-usb-sarjli-3","title":{"rendered":"Kafa Lambas\u0131 Led Fener Pratik Ta\u015f\u0131nabilir Ayarlanabilir USB \u015earjl\u0131"},"content":{"rendered":"<p>Profesyonel ve g\u00fcnl\u00fck kullan\u0131ma uygun olan bu LED kafa lambas\u0131, g\u00fc\u00e7l\u00fc \u0131\u015f\u0131k performans\u0131 ve ergonomik tasar\u0131m\u0131 ile \u00f6n plana \u00e7\u0131kmaktad\u0131r. XPE95LM LED, odakl\u0131 ayd\u0131nlatma sa\u011flarken COB120 LM LED geni\u015f bir \u0131\u015f\u0131k a\u00e7\u0131s\u0131 sunar. Bu ikili LED sistemi kamp\u00e7\u0131lar\u0131n, tamircilerin, elektrik\u00e7ilerin ve do\u011fa tutkunlar\u0131n\u0131n ihtiya\u00e7lar\u0131na uygun bir performans sa\u011flar.Kafa band\u0131 ayarlanabilir elastik yap\u0131da tasarlanm\u0131\u015ft\u0131r ve uzun s\u00fcre kullan\u0131mda dahi konfor sunar. Sadece 10 cm boyunda ve 3 cm geni\u015fli\u011findeki kompakt tasar\u0131m\u0131 ile ta\u015f\u0131mas\u0131 kolayd\u0131r. \u00dcr\u00fcn\u00fcn sert plastik g\u00f6vdesi darbelere kar\u015f\u0131 dayan\u0131kl\u0131 olup d\u0131\u015f mek\u00e2n faaliyetlerinde kullan\u0131m i\u00e7in uygundur. Manyetik sabitleme \u00f6zelli\u011fi sayesinde metal y\u00fczeylere yap\u0131\u015ft\u0131r\u0131labilir ve bu sayede eller serbest kullan\u0131m avantaj\u0131 sa\u011flar.\u00dcr\u00fcn\u00fcn LED \u00f6mr\u00fc 100.000 saat olup uzun vadeli kullan\u0131m i\u00e7in olduk\u00e7a ideal bir \u00e7\u00f6z\u00fcmd\u00fcr. Dahili 18650 lityum iyon bataryas\u0131 USB \u00fczerinden \u015farj edilebilir ve tek \u015farjla 4 ila 8 saat kullan\u0131m sa\u011flar. Bu \u00f6zellik \u00f6zellikle kamp, tamir, avc\u0131l\u0131k ve karanl\u0131k ortamlarda \u00e7al\u0131\u015fma gibi faaliyetlerde b\u00fcy\u00fck avantaj sa\u011flar.Outdoor tutkunlar\u0131n\u0131n vazge\u00e7ilmezi olmaya aday bu kafa lambas\u0131, fonksiyonel yap\u0131s\u0131 ve g\u00fc\u00e7l\u00fc ayd\u0131nlatma kapasitesiyle her an yan\u0131n\u0131zda ta\u015f\u0131yabilece\u011finiz pratik bir \u00fcr\u00fcnd\u00fcr.<\/p>\n","protected":false},"excerpt":{"rendered":"<p>Profesyonel ve g\u00fcnl\u00fck kullan\u0131ma uygun olan bu LED kafa lambas\u0131, g\u00fc\u00e7l\u00fc \u0131\u015f\u0131k performans\u0131 ve ergonomik tasar\u0131m\u0131 ile \u00f6n plana \u00e7\u0131kmaktad\u0131r. XPE95LM LED, odakl\u0131 ayd\u0131nlatma sa\u011flarken COB120 LM LED geni\u015f bir \u0131\u015f\u0131k a\u00e7\u0131s\u0131 sunar. Bu ikili LED sistemi kamp\u00e7\u0131lar\u0131n, tamircilerin, elektrik\u00e7ilerin ve do\u011fa tutkunlar\u0131n\u0131n ihtiya\u00e7lar\u0131na uygun bir performans sa\u011flar.Kafa band\u0131 ayarlanabilir elastik yap\u0131da tasarlanm\u0131\u015ft\u0131r ve uzun&#8230;<\/p>\n","protected":false},"featured_media":121846,"comment_status":"open","ping_status":"closed","template":"","meta":{"_kad_post_transparent":"","_kad_post_title":"","_kad_post_layout":"","_kad_post_sidebar_id":"","_kad_post_content_style":"","_kad_post_vertical_padding":"","_kad_post_feature":"","_kad_post_feature_position":"","_kad_post_header":false,"_kad_post_footer":false,"_kad_post_classname":""},"product_brand":[],"product_cat":[14979],"product_tag":[],"class_list":{"0":"post-121847","1":"product","2":"type-product","3":"status-publish","4":"has-post-thumbnail","6":"product_cat-kafa-lambasi-kafa-lambasi","8":"first","9":"instock","10":"purchasable","11":"product-type-simple","12":"entry","13":"content-bg","14":"loop-entry"},"_links":{"self":[{"href":"https:\/\/www.hediyepazar.com\/index.php?rest_route=\/wp\/v2\/product\/121847","targetHints":{"allow":["GET"]}}],"collection":[{"href":"https:\/\/www.hediyepazar.com\/index.php?rest_route=\/wp\/v2\/product"}],"about":[{"href":"https:\/\/www.hediyepazar.com\/index.php?rest_route=\/wp\/v2\/types\/product"}],"replies":[{"embeddable":true,"href":"https:\/\/www.hediyepazar.com\/index.php?rest_route=%2Fwp%2Fv2%2Fcomments&post=121847"}],"wp:featuredmedia":[{"embeddable":true,"href":"https:\/\/www.hediyepazar.com\/index.php?rest_route=\/wp\/v2\/media\/121846"}],"wp:attachment":[{"href":"https:\/\/www.hediyepazar.com\/index.php?rest_route=%2Fwp%2Fv2%2Fmedia&parent=121847"}],"wp:term":[{"taxonomy":"product_brand","embeddable":true,"href":"https:\/\/www.hediyepazar.com\/index.php?rest_route=%2Fwp%2Fv2%2Fproduct_brand&post=121847"},{"taxonomy":"product_cat","embeddable":true,"href":"https:\/\/www.hediyepazar.com\/index.php?rest_route=%2Fwp%2Fv2%2Fproduct_cat&post=121847"},{"taxonomy":"product_tag","embeddable":true,"href":"https:\/\/www.hediyepazar.com\/index.php?rest_route=%2Fwp%2Fv2%2Fproduct_tag&post=121847"}],"curies":[{"name":"wp","href":"https:\/\/api.w.org\/{rel}","templated":true}]}}