{"id":121851,"date":"2026-05-06T08:13:15","date_gmt":"2026-05-06T11:13:15","guid":{"rendered":"https:\/\/www.hediyepazar.com\/?product=tasinabilir-sarjli-led-fener-xpe95lm-cob120lm-manyetik-govde"},"modified":"2026-05-06T08:13:15","modified_gmt":"2026-05-06T11:13:15","slug":"tasinabilir-sarjli-led-fener-xpe95lm-cob120lm-manyetik-govde","status":"publish","type":"product","link":"https:\/\/www.hediyepazar.com\/?product=tasinabilir-sarjli-led-fener-xpe95lm-cob120lm-manyetik-govde","title":{"rendered":"Ta\u015f\u0131nabilir \u015earjl\u0131 LED Fener XPE95LM COB120LM Manyetik G\u00f6vde"},"content":{"rendered":"<p>Outdoor aktivitelerinde y\u00fcksek ayd\u0131nlatma performans\u0131 arayan kullan\u0131c\u0131lar i\u00e7in geli\u015ftirilen bu \u015farjl\u0131 LED kafa feneri, g\u00fc\u00e7l\u00fc LED teknolojisi ve dayan\u0131kl\u0131 yap\u0131s\u0131yla \u00f6n plana \u00e7\u0131kar. 215 l\u00fcmen g\u00fcc\u00fcndeki \u0131\u015f\u0131\u011f\u0131, karanl\u0131kta geni\u015f bir g\u00f6r\u00fc\u015f alan\u0131 sunarak kamp\u00e7\u0131l\u0131k, y\u00fcr\u00fcy\u00fc\u015f, avc\u0131l\u0131k, bal\u0131k\u00e7\u0131l\u0131k ve do\u011fa sporlar\u0131nda kullan\u0131m i\u00e7in m\u00fckemmel bir \u00e7\u00f6z\u00fcmd\u00fcr. XPE LED odakl\u0131 \u0131\u015f\u0131k modunda 50 metreye kadar net bir g\u00f6r\u00fc\u015f sa\u011flarken, COB geni\u015f \u0131\u015f\u0131k modu 150 metreye kadar yayg\u0131n bir ayd\u0131nlatma sunar.\u00dcr\u00fcn\u00fcn kompakt tasar\u0131m\u0131, ta\u015f\u0131ma kolayl\u0131\u011f\u0131 sa\u011flar. Yaln\u0131zca 10 cm boyunda ve 3 cm geni\u015fli\u011finde olan kafa feneri, g\u00fcnl\u00fck kullan\u0131mda rahats\u0131z etmeyecek kadar hafif ve ergonomiktir. Ayarlanabilir kafa band\u0131 sayesinde yeti\u015fkin ve gen\u00e7 kullan\u0131c\u0131lar\u0131n tamam\u0131na uyum sa\u011flar. Ayr\u0131ca \u00fcr\u00fcn\u00fcn manyetik sabitleme \u00f6zelli\u011fi, \u00f6zellikle ara\u00e7 tamiri, karavan kullan\u0131m\u0131, depo i\u015fleri ve acil durum \u00e7al\u0131\u015fmalar\u0131nda b\u00fcy\u00fck kolayl\u0131k sunar.18650 lityum iyon batarya, USB \u00fczerinden kolay bir \u015fekilde \u015farj edilebilir. 4-8 saat aras\u0131nda kullan\u0131m s\u00fcresi sunan batarya, hem enerji tasarrufu hem de uzun s\u00fcreli dayan\u0131kl\u0131l\u0131k sa\u011flar. LED sistemi 100.000 saat \u00f6m\u00fcrl\u00fcd\u00fcr, bu da cihaz\u0131n y\u0131llarca sorunsuz \u015fekilde kullan\u0131labilece\u011fini g\u00f6sterir.\u00dcr\u00fcn, gece y\u00fcr\u00fcy\u00fc\u015flerinden elektrik kesintilerine, kamp faaliyetlerinden ara\u00e7 tamirine kadar bir\u00e7ok alanda pratik bir \u00e7\u00f6z\u00fcmd\u00fcr.<\/p>\n","protected":false},"excerpt":{"rendered":"<p>Outdoor aktivitelerinde y\u00fcksek ayd\u0131nlatma performans\u0131 arayan kullan\u0131c\u0131lar i\u00e7in geli\u015ftirilen bu \u015farjl\u0131 LED kafa feneri, g\u00fc\u00e7l\u00fc LED teknolojisi ve dayan\u0131kl\u0131 yap\u0131s\u0131yla \u00f6n plana \u00e7\u0131kar. 215 l\u00fcmen g\u00fcc\u00fcndeki \u0131\u015f\u0131\u011f\u0131, karanl\u0131kta geni\u015f bir g\u00f6r\u00fc\u015f alan\u0131 sunarak kamp\u00e7\u0131l\u0131k, y\u00fcr\u00fcy\u00fc\u015f, avc\u0131l\u0131k, bal\u0131k\u00e7\u0131l\u0131k ve do\u011fa sporlar\u0131nda kullan\u0131m i\u00e7in m\u00fckemmel bir \u00e7\u00f6z\u00fcmd\u00fcr. XPE LED odakl\u0131 \u0131\u015f\u0131k modunda 50 metreye kadar net bir&#8230;<\/p>\n","protected":false},"featured_media":121850,"comment_status":"open","ping_status":"closed","template":"","meta":{"_kad_post_transparent":"","_kad_post_title":"","_kad_post_layout":"","_kad_post_sidebar_id":"","_kad_post_content_style":"","_kad_post_vertical_padding":"","_kad_post_feature":"","_kad_post_feature_position":"","_kad_post_header":false,"_kad_post_footer":false,"_kad_post_classname":""},"product_brand":[],"product_cat":[14979],"product_tag":[],"class_list":{"0":"post-121851","1":"product","2":"type-product","3":"status-publish","4":"has-post-thumbnail","6":"product_cat-kafa-lambasi-kafa-lambasi","8":"first","9":"instock","10":"purchasable","11":"product-type-simple","12":"entry","13":"content-bg","14":"loop-entry"},"_links":{"self":[{"href":"https:\/\/www.hediyepazar.com\/index.php?rest_route=\/wp\/v2\/product\/121851","targetHints":{"allow":["GET"]}}],"collection":[{"href":"https:\/\/www.hediyepazar.com\/index.php?rest_route=\/wp\/v2\/product"}],"about":[{"href":"https:\/\/www.hediyepazar.com\/index.php?rest_route=\/wp\/v2\/types\/product"}],"replies":[{"embeddable":true,"href":"https:\/\/www.hediyepazar.com\/index.php?rest_route=%2Fwp%2Fv2%2Fcomments&post=121851"}],"wp:featuredmedia":[{"embeddable":true,"href":"https:\/\/www.hediyepazar.com\/index.php?rest_route=\/wp\/v2\/media\/121850"}],"wp:attachment":[{"href":"https:\/\/www.hediyepazar.com\/index.php?rest_route=%2Fwp%2Fv2%2Fmedia&parent=121851"}],"wp:term":[{"taxonomy":"product_brand","embeddable":true,"href":"https:\/\/www.hediyepazar.com\/index.php?rest_route=%2Fwp%2Fv2%2Fproduct_brand&post=121851"},{"taxonomy":"product_cat","embeddable":true,"href":"https:\/\/www.hediyepazar.com\/index.php?rest_route=%2Fwp%2Fv2%2Fproduct_cat&post=121851"},{"taxonomy":"product_tag","embeddable":true,"href":"https:\/\/www.hediyepazar.com\/index.php?rest_route=%2Fwp%2Fv2%2Fproduct_tag&post=121851"}],"curies":[{"name":"wp","href":"https:\/\/api.w.org\/{rel}","templated":true}]}}