{"id":121871,"date":"2026-05-06T08:16:58","date_gmt":"2026-05-06T11:16:58","guid":{"rendered":"https:\/\/www.hediyepazar.com\/?product=kompakt-mini-kamera-retro-tasarim-128gb-hafiza-1080p-video"},"modified":"2026-05-06T08:16:58","modified_gmt":"2026-05-06T11:16:58","slug":"kompakt-mini-kamera-retro-tasarim-128gb-hafiza-1080p-video","status":"publish","type":"product","link":"https:\/\/www.hediyepazar.com\/?product=kompakt-mini-kamera-retro-tasarim-128gb-hafiza-1080p-video","title":{"rendered":"Kompakt Mini Kamera Retro Tasar\u0131m 128GB Haf\u0131za 1080P Video"},"content":{"rendered":"<p>Mini retro dijital kamera, ta\u015f\u0131nabilirli\u011fi ve geli\u015fmi\u015f i\u015flevselli\u011fiyle g\u00fcnl\u00fck \u00e7ekimleri keyifli hale getirir. Tek elle tutulabilecek kadar hafiftir ve yan\u0131nda gelen bilek ask\u0131s\u0131 sayesinde d\u00fc\u015fme riskini azalt\u0131r. Vintage tasar\u0131m, modern sens\u00f6r teknolojisiyle birle\u015ferek hem estetik hem performans sunar.1080p Full HD video kayd\u0131 ile detayl\u0131 ve net g\u00f6r\u00fcnt\u00fcler sa\u011flar. 30 fps \u00e7ekim h\u0131z\u0131, videolarda ak\u0131c\u0131l\u0131k sunar. 2MP foto\u011fraf \u00e7\u00f6z\u00fcn\u00fcrl\u00fc\u011f\u00fc g\u00fcnl\u00fck an\u0131lar\u0131 kaydetmek i\u00e7in fazlas\u0131yla yeterlidir. Cihaz, kompleks kamera ayarlar\u0131 gerektirmeden 4 filtre se\u00e7ene\u011fi sunar ve \u00e7ekim s\u00fcre\u00e7lerini basitle\u015ftirir.Dahili 128GB depolama alan\u0131 ile uzun s\u00fcreli \u00e7ekim yapabilirsiniz. Bu geni\u015f haf\u0131za kapasitesi, cihaz\u0131 \u00f6zellikle \u00e7ocuklar, \u00f6\u011frenciler ve i\u00e7erik \u00fcretenler i\u00e7in pratik hale getirir. OTG ba\u011flant\u0131 \u00f6zelli\u011fi sayesinde Android cihazlara ba\u011flanarak foto\u011fraf ve videolar\u0131 saniyeler i\u00e7inde aktarabilirsiniz. Wi-Fi gerektirmemesi, kullan\u0131m kolayl\u0131\u011f\u0131n\u0131 art\u0131r\u0131r.Yerle\u015fik LED \u0131\u015f\u0131k d\u00fc\u015f\u00fck \u0131\u015f\u0131k ko\u015fullar\u0131nda g\u00fc\u00e7l\u00fc destek sunar. 0.96 in\u00e7 ekran\u0131 sayesinde \u00e7ekti\u011finiz an\u0131 h\u0131zl\u0131ca g\u00f6r\u00fcnt\u00fcleyebilir ve an\u0131nda kontrol sa\u011flayabilirsiniz. Kompakt boyutu sayesinde \u00e7anta, cep veya anahtarl\u0131\u011fa kolayl\u0131kla tak\u0131labilir. Her yerde pratik \u00e7ekim yapmak isteyenler i\u00e7in vazge\u00e7ilmez bir yard\u0131mc\u0131d\u0131r.<\/p>\n","protected":false},"excerpt":{"rendered":"<p>Mini retro dijital kamera, ta\u015f\u0131nabilirli\u011fi ve geli\u015fmi\u015f i\u015flevselli\u011fiyle g\u00fcnl\u00fck \u00e7ekimleri keyifli hale getirir. Tek elle tutulabilecek kadar hafiftir ve yan\u0131nda gelen bilek ask\u0131s\u0131 sayesinde d\u00fc\u015fme riskini azalt\u0131r. Vintage tasar\u0131m, modern sens\u00f6r teknolojisiyle birle\u015ferek hem estetik hem performans sunar.1080p Full HD video kayd\u0131 ile detayl\u0131 ve net g\u00f6r\u00fcnt\u00fcler sa\u011flar. 30 fps \u00e7ekim h\u0131z\u0131, videolarda ak\u0131c\u0131l\u0131k sunar&#8230;.<\/p>\n","protected":false},"featured_media":121870,"comment_status":"open","ping_status":"closed","template":"","meta":{"_kad_post_transparent":"","_kad_post_title":"","_kad_post_layout":"","_kad_post_sidebar_id":"","_kad_post_content_style":"","_kad_post_vertical_padding":"","_kad_post_feature":"","_kad_post_feature_position":"","_kad_post_header":false,"_kad_post_footer":false,"_kad_post_classname":""},"product_brand":[],"product_cat":[14987],"product_tag":[],"class_list":{"0":"post-121871","1":"product","2":"type-product","3":"status-publish","4":"has-post-thumbnail","6":"product_cat-cocuk-kamera-cocuk-kamera","8":"first","9":"instock","10":"purchasable","11":"product-type-simple","12":"entry","13":"content-bg","14":"loop-entry"},"_links":{"self":[{"href":"https:\/\/www.hediyepazar.com\/index.php?rest_route=\/wp\/v2\/product\/121871","targetHints":{"allow":["GET"]}}],"collection":[{"href":"https:\/\/www.hediyepazar.com\/index.php?rest_route=\/wp\/v2\/product"}],"about":[{"href":"https:\/\/www.hediyepazar.com\/index.php?rest_route=\/wp\/v2\/types\/product"}],"replies":[{"embeddable":true,"href":"https:\/\/www.hediyepazar.com\/index.php?rest_route=%2Fwp%2Fv2%2Fcomments&post=121871"}],"wp:featuredmedia":[{"embeddable":true,"href":"https:\/\/www.hediyepazar.com\/index.php?rest_route=\/wp\/v2\/media\/121870"}],"wp:attachment":[{"href":"https:\/\/www.hediyepazar.com\/index.php?rest_route=%2Fwp%2Fv2%2Fmedia&parent=121871"}],"wp:term":[{"taxonomy":"product_brand","embeddable":true,"href":"https:\/\/www.hediyepazar.com\/index.php?rest_route=%2Fwp%2Fv2%2Fproduct_brand&post=121871"},{"taxonomy":"product_cat","embeddable":true,"href":"https:\/\/www.hediyepazar.com\/index.php?rest_route=%2Fwp%2Fv2%2Fproduct_cat&post=121871"},{"taxonomy":"product_tag","embeddable":true,"href":"https:\/\/www.hediyepazar.com\/index.php?rest_route=%2Fwp%2Fv2%2Fproduct_tag&post=121871"}],"curies":[{"name":"wp","href":"https:\/\/api.w.org\/{rel}","templated":true}]}}