{"id":121917,"date":"2026-05-06T08:26:08","date_gmt":"2026-05-06T11:26:08","guid":{"rendered":"https:\/\/www.hediyepazar.com\/?product=arac-bardaklik-tepsisi-360-donebilen-kol-ayarli-genis-yemek-alanli"},"modified":"2026-05-06T08:26:08","modified_gmt":"2026-05-06T11:26:08","slug":"arac-bardaklik-tepsisi-360-donebilen-kol-ayarli-genis-yemek-alanli","status":"publish","type":"product","link":"https:\/\/www.hediyepazar.com\/?product=arac-bardaklik-tepsisi-360-donebilen-kol-ayarli-genis-yemek-alanli","title":{"rendered":"Ara\u00e7 Bardakl\u0131k Tepsisi 360\u00b0 D\u00f6nebilen Kol Ayarl\u0131 Geni\u015f Yemek Alanl\u0131"},"content":{"rendered":"<p>Bu ara\u00e7 bardakl\u0131k tepsisi, 360\u00b0 d\u00f6nebilen mekanizmas\u0131 ve ayarlanabilir kol yap\u0131s\u0131yla maksimum konfor sunan bir ara\u00e7 i\u00e7i organizasyon \u00fcr\u00fcn\u00fcd\u00fcr. Premium sert plastikten \u00fcretilmi\u015f g\u00f6vdesi dayan\u0131kl\u0131, sa\u011flam ve uzun \u00f6m\u00fcrl\u00fcd\u00fcr. D\u00f6ner ba\u015fl\u0131\u011f\u0131ndaki di\u015fli mekanizma, tepsinin belirlenen a\u00e7\u0131 ve pozisyonda s\u0131k\u0131ca sabitlenmesini sa\u011flar.9 in\u00e7 geni\u015f y\u00fczey alan\u0131, yemek yemek, i\u00e7ecek koymak, telefon sabitlemek veya k\u00fc\u00e7\u00fck e\u015fyalar\u0131 d\u00fczenlemek i\u00e7in ideal boyuttad\u0131r. Telefon stand\u0131, s\u00fcnger dolgulu yap\u0131s\u0131yla kaymay\u0131 \u00f6nler ve izleme s\u0131ras\u0131nda sa\u011flam bir tutu\u015f sa\u011flar.Evrensel uyumlu tasar\u0131m\u0131 sayesinde 3&#8243;\u20134.1&#8243; geni\u015fli\u011findeki \u00e7o\u011fu ara\u00e7 bardakl\u0131\u011f\u0131na kolayca monte edilir. Kau\u00e7uk destek y\u00fczeyleri, \u00e7izik olu\u015fmas\u0131n\u0131 engeller ve montaj s\u0131ras\u0131nda g\u00fcvenli bir tutu\u015f sa\u011flar.360\u00b0 d\u00f6nebilme \u00f6zelli\u011fi ile tepsiyi diledi\u011finiz a\u00e7\u0131ya g\u00f6re ayarlayabilir, ayarlad\u0131ktan sonra \u00fcst ve alt sabitleme somunlar\u0131n\u0131 s\u0131karak kullan\u0131m s\u0131ras\u0131nda sabit kalmas\u0131n\u0131 sa\u011flayabilirsiniz. Bu \u00f6zellik, hem s\u00fcr\u00fcc\u00fcler hem de yolcular i\u00e7in en ideal kullan\u0131m a\u00e7\u0131s\u0131n\u0131 sunar.Birden fazla kullan\u0131m ama\u00e7l\u0131 tasarlanm\u0131\u015f olan tepsi; yiyecekler, i\u00e7ecekler, telefon, c\u00fczdan, anahtar, kalem, g\u00f6zl\u00fck ve di\u011fer ki\u015fisel e\u015fyalar i\u00e7in geni\u015f bir depolama alan\u0131 sa\u011flar. Ara\u00e7 i\u00e7indeki da\u011f\u0131n\u0131kl\u0131\u011f\u0131 \u00f6nler, d\u00fczeni art\u0131r\u0131r ve uzun yolculuklar\u0131 daha keyifli hale getirir.Ergonomik ve i\u015flevsel tasar\u0131m\u0131yla modern ara\u00e7 i\u00e7i ya\u015fam alanlar\u0131na m\u00fckemmel uyum sa\u011flar.<\/p>\n","protected":false},"excerpt":{"rendered":"<p>Bu ara\u00e7 bardakl\u0131k tepsisi, 360\u00b0 d\u00f6nebilen mekanizmas\u0131 ve ayarlanabilir kol yap\u0131s\u0131yla maksimum konfor sunan bir ara\u00e7 i\u00e7i organizasyon \u00fcr\u00fcn\u00fcd\u00fcr. Premium sert plastikten \u00fcretilmi\u015f g\u00f6vdesi dayan\u0131kl\u0131, sa\u011flam ve uzun \u00f6m\u00fcrl\u00fcd\u00fcr. D\u00f6ner ba\u015fl\u0131\u011f\u0131ndaki di\u015fli mekanizma, tepsinin belirlenen a\u00e7\u0131 ve pozisyonda s\u0131k\u0131ca sabitlenmesini sa\u011flar.9 in\u00e7 geni\u015f y\u00fczey alan\u0131, yemek yemek, i\u00e7ecek koymak, telefon sabitlemek veya k\u00fc\u00e7\u00fck e\u015fyalar\u0131 d\u00fczenlemek&#8230;<\/p>\n","protected":false},"featured_media":121916,"comment_status":"open","ping_status":"closed","template":"","meta":{"_kad_post_transparent":"","_kad_post_title":"","_kad_post_layout":"","_kad_post_sidebar_id":"","_kad_post_content_style":"","_kad_post_vertical_padding":"","_kad_post_feature":"","_kad_post_feature_position":"","_kad_post_header":false,"_kad_post_footer":false,"_kad_post_classname":""},"product_brand":[],"product_cat":[15142],"product_tag":[],"class_list":{"0":"post-121917","1":"product","2":"type-product","3":"status-publish","4":"has-post-thumbnail","6":"product_cat-arac-ici-aksesuar-arac-ici-aksesuar-2","8":"first","9":"instock","10":"purchasable","11":"product-type-simple","12":"entry","13":"content-bg","14":"loop-entry"},"_links":{"self":[{"href":"https:\/\/www.hediyepazar.com\/index.php?rest_route=\/wp\/v2\/product\/121917","targetHints":{"allow":["GET"]}}],"collection":[{"href":"https:\/\/www.hediyepazar.com\/index.php?rest_route=\/wp\/v2\/product"}],"about":[{"href":"https:\/\/www.hediyepazar.com\/index.php?rest_route=\/wp\/v2\/types\/product"}],"replies":[{"embeddable":true,"href":"https:\/\/www.hediyepazar.com\/index.php?rest_route=%2Fwp%2Fv2%2Fcomments&post=121917"}],"wp:featuredmedia":[{"embeddable":true,"href":"https:\/\/www.hediyepazar.com\/index.php?rest_route=\/wp\/v2\/media\/121916"}],"wp:attachment":[{"href":"https:\/\/www.hediyepazar.com\/index.php?rest_route=%2Fwp%2Fv2%2Fmedia&parent=121917"}],"wp:term":[{"taxonomy":"product_brand","embeddable":true,"href":"https:\/\/www.hediyepazar.com\/index.php?rest_route=%2Fwp%2Fv2%2Fproduct_brand&post=121917"},{"taxonomy":"product_cat","embeddable":true,"href":"https:\/\/www.hediyepazar.com\/index.php?rest_route=%2Fwp%2Fv2%2Fproduct_cat&post=121917"},{"taxonomy":"product_tag","embeddable":true,"href":"https:\/\/www.hediyepazar.com\/index.php?rest_route=%2Fwp%2Fv2%2Fproduct_tag&post=121917"}],"curies":[{"name":"wp","href":"https:\/\/api.w.org\/{rel}","templated":true}]}}