{"id":121927,"date":"2026-05-06T08:28:16","date_gmt":"2026-05-06T11:28:16","guid":{"rendered":"https:\/\/www.hediyepazar.com\/?product=5k-ultra-hd-kamera-gulumseme-algilama-otofokus-18x-optik-zoom"},"modified":"2026-05-06T08:28:16","modified_gmt":"2026-05-06T11:28:16","slug":"5k-ultra-hd-kamera-gulumseme-algilama-otofokus-18x-optik-zoom","status":"publish","type":"product","link":"https:\/\/www.hediyepazar.com\/?product=5k-ultra-hd-kamera-gulumseme-algilama-otofokus-18x-optik-zoom","title":{"rendered":"5K Ultra HD Kamera G\u00fcl\u00fcmseme Alg\u0131lama Otofokus 18x Optik Zoom"},"content":{"rendered":"<p>Bu ta\u015f\u0131nabilir dijital kamera, y\u00fcksek teknolojiyi \u015f\u0131k ve ergonomik bir tasar\u0131mla birle\u015ftirir. 75MP g\u00f6r\u00fcnt\u00fc sens\u00f6r\u00fc ve 5K video kay\u0131t \u00f6zelli\u011fi sayesinde canl\u0131 renkler, net detaylar ve y\u00fcksek \u00e7\u00f6z\u00fcn\u00fcrl\u00fckl\u00fc g\u00f6r\u00fcnt\u00fcler sunar.18x yak\u0131nla\u015ft\u0131rma \u00f6zelli\u011fi uzaktaki detaylar\u0131 kolayl\u0131kla yakalaman\u0131za olanak tan\u0131r. Manzara \u00e7ekimleri, \u015fehir foto\u011fraflar\u0131 ve canl\u0131 etkinliklerde b\u00fcy\u00fck avantaj sa\u011flar.Kamera, geli\u015fmi\u015f \u00e7ok eksenli stabilizasyon sistemi sayesinde elde \u00e7ekim s\u0131ras\u0131nda olu\u015fan titremeleri azalt\u0131r. Bu sayede bulan\u0131kl\u0131k minimuma iner, \u00f6zellikle d\u00fc\u015f\u00fck \u0131\u015f\u0131kta bile net foto\u011fraflar elde edilir.G\u00fcl\u00fcmseme alg\u0131lama \u00f6zelli\u011fi y\u00fcz ifadelerini alg\u0131lar ve en do\u011fal anda \u00e7ekim yapar. Aile bulu\u015fmalar\u0131, arkada\u015f toplant\u0131lar\u0131 ve anl\u0131k pozlar i\u00e7in ideal bir \u00f6zelliktir.H\u0131zl\u0131 odaklama sistemi, konular\u0131 an\u0131nda alg\u0131lar ve netlik kilidi sa\u011flar. Hareketli sahnelerde bile keskin sonu\u00e7lar verir.Seyahat dostu tasar\u0131m\u0131 ile hafif ve portatiftir. Kamp, y\u00fcr\u00fcy\u00fc\u015f, tatil ve g\u00fcnl\u00fck kullan\u0131m i\u00e7in ideal bir foto\u011fraf makinesidir.<\/p>\n","protected":false},"excerpt":{"rendered":"<p>Bu ta\u015f\u0131nabilir dijital kamera, y\u00fcksek teknolojiyi \u015f\u0131k ve ergonomik bir tasar\u0131mla birle\u015ftirir. 75MP g\u00f6r\u00fcnt\u00fc sens\u00f6r\u00fc ve 5K video kay\u0131t \u00f6zelli\u011fi sayesinde canl\u0131 renkler, net detaylar ve y\u00fcksek \u00e7\u00f6z\u00fcn\u00fcrl\u00fckl\u00fc g\u00f6r\u00fcnt\u00fcler sunar.18x yak\u0131nla\u015ft\u0131rma \u00f6zelli\u011fi uzaktaki detaylar\u0131 kolayl\u0131kla yakalaman\u0131za olanak tan\u0131r. Manzara \u00e7ekimleri, \u015fehir foto\u011fraflar\u0131 ve canl\u0131 etkinliklerde b\u00fcy\u00fck avantaj sa\u011flar.Kamera, geli\u015fmi\u015f \u00e7ok eksenli stabilizasyon sistemi sayesinde elde&#8230;<\/p>\n","protected":false},"featured_media":121926,"comment_status":"open","ping_status":"closed","template":"","meta":{"_kad_post_transparent":"","_kad_post_title":"","_kad_post_layout":"","_kad_post_sidebar_id":"","_kad_post_content_style":"","_kad_post_vertical_padding":"","_kad_post_feature":"","_kad_post_feature_position":"","_kad_post_header":false,"_kad_post_footer":false,"_kad_post_classname":""},"product_brand":[],"product_cat":[14987],"product_tag":[],"class_list":{"0":"post-121927","1":"product","2":"type-product","3":"status-publish","4":"has-post-thumbnail","6":"product_cat-cocuk-kamera-cocuk-kamera","8":"first","9":"instock","10":"purchasable","11":"product-type-simple","12":"entry","13":"content-bg","14":"loop-entry"},"_links":{"self":[{"href":"https:\/\/www.hediyepazar.com\/index.php?rest_route=\/wp\/v2\/product\/121927","targetHints":{"allow":["GET"]}}],"collection":[{"href":"https:\/\/www.hediyepazar.com\/index.php?rest_route=\/wp\/v2\/product"}],"about":[{"href":"https:\/\/www.hediyepazar.com\/index.php?rest_route=\/wp\/v2\/types\/product"}],"replies":[{"embeddable":true,"href":"https:\/\/www.hediyepazar.com\/index.php?rest_route=%2Fwp%2Fv2%2Fcomments&post=121927"}],"wp:featuredmedia":[{"embeddable":true,"href":"https:\/\/www.hediyepazar.com\/index.php?rest_route=\/wp\/v2\/media\/121926"}],"wp:attachment":[{"href":"https:\/\/www.hediyepazar.com\/index.php?rest_route=%2Fwp%2Fv2%2Fmedia&parent=121927"}],"wp:term":[{"taxonomy":"product_brand","embeddable":true,"href":"https:\/\/www.hediyepazar.com\/index.php?rest_route=%2Fwp%2Fv2%2Fproduct_brand&post=121927"},{"taxonomy":"product_cat","embeddable":true,"href":"https:\/\/www.hediyepazar.com\/index.php?rest_route=%2Fwp%2Fv2%2Fproduct_cat&post=121927"},{"taxonomy":"product_tag","embeddable":true,"href":"https:\/\/www.hediyepazar.com\/index.php?rest_route=%2Fwp%2Fv2%2Fproduct_tag&post=121927"}],"curies":[{"name":"wp","href":"https:\/\/api.w.org\/{rel}","templated":true}]}}