{"id":121945,"date":"2026-05-06T08:34:06","date_gmt":"2026-05-06T11:34:06","guid":{"rendered":"https:\/\/www.hediyepazar.com\/?product=kablosuz-vakumlu-el-supurgesi-guclu-performans-cok-amacli"},"modified":"2026-05-06T08:34:06","modified_gmt":"2026-05-06T11:34:06","slug":"kablosuz-vakumlu-el-supurgesi-guclu-performans-cok-amacli","status":"publish","type":"product","link":"https:\/\/www.hediyepazar.com\/?product=kablosuz-vakumlu-el-supurgesi-guclu-performans-cok-amacli","title":{"rendered":"Kablosuz Vakumlu El S\u00fcp\u00fcrgesi G\u00fc\u00e7l\u00fc Performans \u00c7ok Ama\u00e7l\u0131"},"content":{"rendered":"<p>Kompakt tasar\u0131m\u0131 ve g\u00fc\u00e7l\u00fc emi\u015f g\u00fcc\u00fcyle bu \u015farjl\u0131 el s\u00fcp\u00fcrgesi, g\u00fcnl\u00fck temizlik i\u015flerini h\u0131zl\u0131 ve etkili \u015fekilde yapabilmeniz i\u00e7in geli\u015ftirilmi\u015ftir. Kuru veya s\u0131v\u0131 fark etmeksizin toz, k\u0131r\u0131nt\u0131, sa\u00e7 ve evcil hayvan t\u00fcylerini kolayca temizler. Paketle birlikte gelen numarat\u00f6r hediyesi, \u00f6zellikle i\u015fyerinde ve evde d\u00fczen olu\u015fturmak isteyenler i\u00e7in olduk\u00e7a kullan\u0131\u015fl\u0131d\u0131r.USB Type-C h\u0131zl\u0131 \u015farj \u00f6zelli\u011fiyle cihaz tam dolumdan sonra 25\u201330 dakika kesintisiz \u00e7al\u0131\u015fabilir. Kablosuz kullan\u0131m \u00f6zg\u00fcrl\u00fc\u011f\u00fc, dar alanlara ve k\u00f6\u015felere ula\u015fmay\u0131 daha kolay hale getirir.Beraberinde gelen 5 farkl\u0131 ba\u015fl\u0131k, kullan\u0131m alan\u0131n\u0131 geni\u015fletir. Dar u\u00e7lu ba\u015fl\u0131k ince b\u00f6lgeler i\u00e7in tasarlanm\u0131\u015fken, f\u0131r\u00e7al\u0131 ba\u015fl\u0131k hassas y\u00fczeylerde kullan\u0131l\u0131r. Geni\u015f ba\u015fl\u0131k zemin temizli\u011finde etkilidir; yuvarlak ba\u015fl\u0131k k\u00f6\u015fe b\u00f6lgelerde \u00fcst\u00fcn sonu\u00e7 verir. Esnek hortum ise ula\u015f\u0131lmas\u0131 zor olan alanlarda rahatl\u0131k sunar.Y\u0131kanabilir toz haznesi hijyen sa\u011flar ve uzun s\u00fcreli kullan\u0131m imk\u00e2n\u0131 sunar. Hafif tasar\u0131m\u0131 sayesinde ta\u015f\u0131mas\u0131 kolayd\u0131r ve \u00e7ekmece, torpido veya dolapta minimum yer kaplar.<\/p>\n","protected":false},"excerpt":{"rendered":"<p>Kompakt tasar\u0131m\u0131 ve g\u00fc\u00e7l\u00fc emi\u015f g\u00fcc\u00fcyle bu \u015farjl\u0131 el s\u00fcp\u00fcrgesi, g\u00fcnl\u00fck temizlik i\u015flerini h\u0131zl\u0131 ve etkili \u015fekilde yapabilmeniz i\u00e7in geli\u015ftirilmi\u015ftir. Kuru veya s\u0131v\u0131 fark etmeksizin toz, k\u0131r\u0131nt\u0131, sa\u00e7 ve evcil hayvan t\u00fcylerini kolayca temizler. Paketle birlikte gelen numarat\u00f6r hediyesi, \u00f6zellikle i\u015fyerinde ve evde d\u00fczen olu\u015fturmak isteyenler i\u00e7in olduk\u00e7a kullan\u0131\u015fl\u0131d\u0131r.USB Type-C h\u0131zl\u0131 \u015farj \u00f6zelli\u011fiyle cihaz tam&#8230;<\/p>\n","protected":false},"featured_media":121944,"comment_status":"open","ping_status":"closed","template":"","meta":{"_kad_post_transparent":"","_kad_post_title":"","_kad_post_layout":"","_kad_post_sidebar_id":"","_kad_post_content_style":"","_kad_post_vertical_padding":"","_kad_post_feature":"","_kad_post_feature_position":"","_kad_post_header":false,"_kad_post_footer":false,"_kad_post_classname":""},"product_brand":[],"product_cat":[14998],"product_tag":[],"class_list":{"0":"post-121945","1":"product","2":"type-product","3":"status-publish","4":"has-post-thumbnail","6":"product_cat-arac-ici-supurge-arac-ici-supurge","8":"first","9":"instock","10":"purchasable","11":"product-type-simple","12":"entry","13":"content-bg","14":"loop-entry"},"_links":{"self":[{"href":"https:\/\/www.hediyepazar.com\/index.php?rest_route=\/wp\/v2\/product\/121945","targetHints":{"allow":["GET"]}}],"collection":[{"href":"https:\/\/www.hediyepazar.com\/index.php?rest_route=\/wp\/v2\/product"}],"about":[{"href":"https:\/\/www.hediyepazar.com\/index.php?rest_route=\/wp\/v2\/types\/product"}],"replies":[{"embeddable":true,"href":"https:\/\/www.hediyepazar.com\/index.php?rest_route=%2Fwp%2Fv2%2Fcomments&post=121945"}],"wp:featuredmedia":[{"embeddable":true,"href":"https:\/\/www.hediyepazar.com\/index.php?rest_route=\/wp\/v2\/media\/121944"}],"wp:attachment":[{"href":"https:\/\/www.hediyepazar.com\/index.php?rest_route=%2Fwp%2Fv2%2Fmedia&parent=121945"}],"wp:term":[{"taxonomy":"product_brand","embeddable":true,"href":"https:\/\/www.hediyepazar.com\/index.php?rest_route=%2Fwp%2Fv2%2Fproduct_brand&post=121945"},{"taxonomy":"product_cat","embeddable":true,"href":"https:\/\/www.hediyepazar.com\/index.php?rest_route=%2Fwp%2Fv2%2Fproduct_cat&post=121945"},{"taxonomy":"product_tag","embeddable":true,"href":"https:\/\/www.hediyepazar.com\/index.php?rest_route=%2Fwp%2Fv2%2Fproduct_tag&post=121945"}],"curies":[{"name":"wp","href":"https:\/\/api.w.org\/{rel}","templated":true}]}}