{"id":121947,"date":"2026-05-06T08:34:12","date_gmt":"2026-05-06T11:34:12","guid":{"rendered":"https:\/\/www.hediyepazar.com\/?product=kompakt-sarjli-el-supurgesi-kuru-ve-sivi-temizlik-5-aparatli"},"modified":"2026-05-06T08:34:12","modified_gmt":"2026-05-06T11:34:12","slug":"kompakt-sarjli-el-supurgesi-kuru-ve-sivi-temizlik-5-aparatli","status":"publish","type":"product","link":"https:\/\/www.hediyepazar.com\/?product=kompakt-sarjli-el-supurgesi-kuru-ve-sivi-temizlik-5-aparatli","title":{"rendered":"Kompakt \u015earjl\u0131 El S\u00fcp\u00fcrgesi Kuru ve S\u0131v\u0131 Temizlik 5 Aparatl\u0131"},"content":{"rendered":"<p>Bu kablosuz el s\u00fcp\u00fcrgesi, g\u00fc\u00e7l\u00fc motoru sayesinde hem kuru hem s\u0131v\u0131 kirleri etkili \u015fekilde temizler. Toz, sa\u00e7, k\u0131r\u0131nt\u0131, evcil hayvan t\u00fcy\u00fc ve s\u0131v\u0131 kal\u0131nt\u0131lar\u0131nda y\u00fcksek performans sunar. \u00dcr\u00fcnle birlikte g\u00f6nderilen numarat\u00f6r hediyesi, d\u00fczenleme ve i\u015faretleme ihtiya\u00e7lar\u0131nda kullan\u0131c\u0131ya ekstra avantaj sa\u011flar.USB Type-C ile h\u0131zl\u0131 \u015farj imk\u00e2n\u0131 sunan cihaz, tam \u015farjla 25\u201330 dakika boyunca kesintisiz temizlik yapabilir. Kablo derdi olmadan kullan\u0131m sa\u011flayan kablosuz yap\u0131s\u0131, \u00f6zellikle ara\u00e7 i\u00e7i ve dar alan temizliklerinde b\u00fcy\u00fck kolayl\u0131k sa\u011flar.Set i\u00e7erisinde bulunan 5 farkl\u0131 ba\u015fl\u0131k, farkl\u0131 y\u00fczeyler i\u00e7in \u00f6zel olarak tasarlanm\u0131\u015ft\u0131r. Dar u\u00e7lu ba\u015fl\u0131k ince bo\u015fluklarda detayl\u0131 temizlik sunarken, geni\u015f ba\u015fl\u0131k zemin temizli\u011finde kullan\u0131l\u0131r. F\u0131r\u00e7al\u0131 ba\u015fl\u0131k hassas y\u00fczeylerde idealdir; yuvarlak ba\u015fl\u0131k k\u00f6\u015fe ve kenarlarda etkili sonu\u00e7 verir. Esnek hortum ise cihaz\u0131n eri\u015femedi\u011fi dar alanlara ula\u015fmay\u0131 sa\u011flar.Y\u0131kanabilir toz haznesi hijyenik kullan\u0131m sunar ve uzun s\u00fcreli performans sa\u011flar. Kompakt ve ta\u015f\u0131nabilir tasar\u0131m\u0131 sayesinde evde, ara\u00e7ta ve ofiste her zaman elinizin alt\u0131nda bulundurabilece\u011finiz bir temizlik yard\u0131mc\u0131s\u0131d\u0131r.<\/p>\n","protected":false},"excerpt":{"rendered":"<p>Bu kablosuz el s\u00fcp\u00fcrgesi, g\u00fc\u00e7l\u00fc motoru sayesinde hem kuru hem s\u0131v\u0131 kirleri etkili \u015fekilde temizler. Toz, sa\u00e7, k\u0131r\u0131nt\u0131, evcil hayvan t\u00fcy\u00fc ve s\u0131v\u0131 kal\u0131nt\u0131lar\u0131nda y\u00fcksek performans sunar. \u00dcr\u00fcnle birlikte g\u00f6nderilen numarat\u00f6r hediyesi, d\u00fczenleme ve i\u015faretleme ihtiya\u00e7lar\u0131nda kullan\u0131c\u0131ya ekstra avantaj sa\u011flar.USB Type-C ile h\u0131zl\u0131 \u015farj imk\u00e2n\u0131 sunan cihaz, tam \u015farjla 25\u201330 dakika boyunca kesintisiz temizlik yapabilir&#8230;.<\/p>\n","protected":false},"featured_media":121946,"comment_status":"open","ping_status":"closed","template":"","meta":{"_kad_post_transparent":"","_kad_post_title":"","_kad_post_layout":"","_kad_post_sidebar_id":"","_kad_post_content_style":"","_kad_post_vertical_padding":"","_kad_post_feature":"","_kad_post_feature_position":"","_kad_post_header":false,"_kad_post_footer":false,"_kad_post_classname":""},"product_brand":[],"product_cat":[14998],"product_tag":[],"class_list":{"0":"post-121947","1":"product","2":"type-product","3":"status-publish","4":"has-post-thumbnail","6":"product_cat-arac-ici-supurge-arac-ici-supurge","8":"first","9":"instock","10":"purchasable","11":"product-type-simple","12":"entry","13":"content-bg","14":"loop-entry"},"_links":{"self":[{"href":"https:\/\/www.hediyepazar.com\/index.php?rest_route=\/wp\/v2\/product\/121947","targetHints":{"allow":["GET"]}}],"collection":[{"href":"https:\/\/www.hediyepazar.com\/index.php?rest_route=\/wp\/v2\/product"}],"about":[{"href":"https:\/\/www.hediyepazar.com\/index.php?rest_route=\/wp\/v2\/types\/product"}],"replies":[{"embeddable":true,"href":"https:\/\/www.hediyepazar.com\/index.php?rest_route=%2Fwp%2Fv2%2Fcomments&post=121947"}],"wp:featuredmedia":[{"embeddable":true,"href":"https:\/\/www.hediyepazar.com\/index.php?rest_route=\/wp\/v2\/media\/121946"}],"wp:attachment":[{"href":"https:\/\/www.hediyepazar.com\/index.php?rest_route=%2Fwp%2Fv2%2Fmedia&parent=121947"}],"wp:term":[{"taxonomy":"product_brand","embeddable":true,"href":"https:\/\/www.hediyepazar.com\/index.php?rest_route=%2Fwp%2Fv2%2Fproduct_brand&post=121947"},{"taxonomy":"product_cat","embeddable":true,"href":"https:\/\/www.hediyepazar.com\/index.php?rest_route=%2Fwp%2Fv2%2Fproduct_cat&post=121947"},{"taxonomy":"product_tag","embeddable":true,"href":"https:\/\/www.hediyepazar.com\/index.php?rest_route=%2Fwp%2Fv2%2Fproduct_tag&post=121947"}],"curies":[{"name":"wp","href":"https:\/\/api.w.org\/{rel}","templated":true}]}}