{"id":121955,"date":"2026-05-06T08:35:12","date_gmt":"2026-05-06T11:35:12","guid":{"rendered":"https:\/\/www.hediyepazar.com\/?product=mobil-powerbank-22-5w-pd-destekli-hizli-sarj"},"modified":"2026-05-06T08:35:12","modified_gmt":"2026-05-06T11:35:12","slug":"mobil-powerbank-22-5w-pd-destekli-hizli-sarj","status":"publish","type":"product","link":"https:\/\/www.hediyepazar.com\/?product=mobil-powerbank-22-5w-pd-destekli-hizli-sarj","title":{"rendered":"Mobil Powerbank 22.5W PD Destekli H\u0131zl\u0131 \u015earj"},"content":{"rendered":"<p>Polygold PG PW210 Powerbank, k\u00fc\u00e7\u00fck boyutuna ra\u011fmen g\u00fc\u00e7l\u00fc performans sunan kompakt bir cihazd\u0131r. 10000 mAh kapasite, g\u00fcn boyunca en az iki kez telefon \u015farj\u0131 sa\u011flayacak g\u00fc\u00e7 sunar. 22.5W h\u0131zl\u0131 \u015farj deste\u011fi ile enerji aktar\u0131m\u0131 \u00e7ok daha verimlidir. Bu sayede telefonunuzla uzun s\u00fcre kesintisiz kullan\u0131m elde edebilirsiniz.\u00dcr\u00fcn \u00fczerinde iki adet dahili kablo bulunur. Bu kablolar sayesinde powerbank\u2019i her ortamda kolayca kullanabilirsiniz. Ekstra kablo arama sorunu ortadan kalkar. Dijital ekran\u0131, mevcut \u015farj y\u00fczdesini detayl\u0131 \u015fekilde g\u00f6sterir. Bu ekran hem pratik hem de modern bir g\u00f6r\u00fcn\u00fcm sa\u011flar.Cihaz\u0131n g\u00f6vdesi hem dayan\u0131kl\u0131 hem hafif olacak \u015fekilde tasarlanm\u0131\u015ft\u0131r. G\u00fcnl\u00fck kullan\u0131mda \u00e7anta, cep ya da elde kolayl\u0131kla ta\u015f\u0131nabilir. Minimalist tasar\u0131m\u0131 her ya\u015fa ve her kullan\u0131c\u0131 tipine hitap eder. Telefonunuzu en yo\u011fun kullan\u0131m zamanlar\u0131n\u0131zda bile yar\u0131 yolda b\u0131rakmaz. \u00dcr\u00fcn, i\u015f seyahatlerinde, okulda, tatilde veya \u015fehir i\u00e7i g\u00fcnl\u00fck ya\u015famda rahatl\u0131kla kullan\u0131labilir.Ak\u0131ll\u0131 koruma \u00e7ipleri sayesinde cihazlar\u0131n\u0131z g\u00fcvenle \u015farj olur. Is\u0131nma ve ak\u0131m dengesizliklerine kar\u015f\u0131 \u00f6zel devreler i\u00e7erir. Bu sayede hem powerbank hem de telefonunuz koruma alt\u0131ndad\u0131r.<\/p>\n","protected":false},"excerpt":{"rendered":"<p>Polygold PG PW210 Powerbank, k\u00fc\u00e7\u00fck boyutuna ra\u011fmen g\u00fc\u00e7l\u00fc performans sunan kompakt bir cihazd\u0131r. 10000 mAh kapasite, g\u00fcn boyunca en az iki kez telefon \u015farj\u0131 sa\u011flayacak g\u00fc\u00e7 sunar. 22.5W h\u0131zl\u0131 \u015farj deste\u011fi ile enerji aktar\u0131m\u0131 \u00e7ok daha verimlidir. Bu sayede telefonunuzla uzun s\u00fcre kesintisiz kullan\u0131m elde edebilirsiniz.\u00dcr\u00fcn \u00fczerinde iki adet dahili kablo bulunur. Bu kablolar sayesinde&#8230;<\/p>\n","protected":false},"featured_media":121954,"comment_status":"open","ping_status":"closed","template":"","meta":{"_kad_post_transparent":"","_kad_post_title":"","_kad_post_layout":"","_kad_post_sidebar_id":"","_kad_post_content_style":"","_kad_post_vertical_padding":"","_kad_post_feature":"","_kad_post_feature_position":"","_kad_post_header":false,"_kad_post_footer":false,"_kad_post_classname":""},"product_brand":[],"product_cat":[14937],"product_tag":[],"class_list":{"0":"post-121955","1":"product","2":"type-product","3":"status-publish","4":"has-post-thumbnail","6":"product_cat-powerbank-powerbank-2","8":"first","9":"instock","10":"purchasable","11":"product-type-simple","12":"entry","13":"content-bg","14":"loop-entry"},"_links":{"self":[{"href":"https:\/\/www.hediyepazar.com\/index.php?rest_route=\/wp\/v2\/product\/121955","targetHints":{"allow":["GET"]}}],"collection":[{"href":"https:\/\/www.hediyepazar.com\/index.php?rest_route=\/wp\/v2\/product"}],"about":[{"href":"https:\/\/www.hediyepazar.com\/index.php?rest_route=\/wp\/v2\/types\/product"}],"replies":[{"embeddable":true,"href":"https:\/\/www.hediyepazar.com\/index.php?rest_route=%2Fwp%2Fv2%2Fcomments&post=121955"}],"wp:featuredmedia":[{"embeddable":true,"href":"https:\/\/www.hediyepazar.com\/index.php?rest_route=\/wp\/v2\/media\/121954"}],"wp:attachment":[{"href":"https:\/\/www.hediyepazar.com\/index.php?rest_route=%2Fwp%2Fv2%2Fmedia&parent=121955"}],"wp:term":[{"taxonomy":"product_brand","embeddable":true,"href":"https:\/\/www.hediyepazar.com\/index.php?rest_route=%2Fwp%2Fv2%2Fproduct_brand&post=121955"},{"taxonomy":"product_cat","embeddable":true,"href":"https:\/\/www.hediyepazar.com\/index.php?rest_route=%2Fwp%2Fv2%2Fproduct_cat&post=121955"},{"taxonomy":"product_tag","embeddable":true,"href":"https:\/\/www.hediyepazar.com\/index.php?rest_route=%2Fwp%2Fv2%2Fproduct_tag&post=121955"}],"curies":[{"name":"wp","href":"https:\/\/api.w.org\/{rel}","templated":true}]}}