{"id":121959,"date":"2026-05-06T08:35:25","date_gmt":"2026-05-06T11:35:25","guid":{"rendered":"https:\/\/www.hediyepazar.com\/?product=tasinabilir-powerbank-22-5w-hizli-sarj-destekli"},"modified":"2026-05-06T08:35:25","modified_gmt":"2026-05-06T11:35:25","slug":"tasinabilir-powerbank-22-5w-hizli-sarj-destekli","status":"publish","type":"product","link":"https:\/\/www.hediyepazar.com\/?product=tasinabilir-powerbank-22-5w-hizli-sarj-destekli","title":{"rendered":"Ta\u015f\u0131nabilir Powerbank 22.5W H\u0131zl\u0131 \u015earj Destekli"},"content":{"rendered":"<p>Polygold PG PW210 Powerbank, dahili kablo tasar\u0131m\u0131yla \u00f6ne \u00e7\u0131kan pratik bir \u015farj \u00e7\u00f6z\u00fcm\u00fcd\u00fcr. \u00c7o\u011fu powerbank modelinde ya\u015fanan kablo ta\u015f\u0131ma zorunlulu\u011fu bu \u00fcr\u00fcnle tamamen ortadan kalkar. Cihaz \u00fczerinde g\u00f6m\u00fcl\u00fc iki adet kablo, h\u0131zl\u0131 kullan\u0131m kolayl\u0131\u011f\u0131 sa\u011flar. B\u00f6ylece d\u0131\u015far\u0131da, okulda, i\u015fte veya ara\u00e7ta ek bir kablo aramak zorunda kalmadan telefonunuzu an\u0131nda \u015farj etmeye ba\u015flayabilirsiniz.10000 mAh kapasitesi ile bir\u00e7ok kullan\u0131c\u0131 i\u00e7in g\u00fcnl\u00fck kullan\u0131mda fazlas\u0131yla yeterli bir enerji sunar. Telefonunuzu marka ve modele ba\u011fl\u0131 olarak 2 ila 3 kez tamamen \u015farj edebilir. 22.5W h\u0131zl\u0131 \u015farj teknolojisi sayesinde cihazlar\u0131n\u0131z\u0131 klasik powerbanklere g\u00f6re \u00e7ok daha h\u0131zl\u0131 \u015farj eder. USB \u00e7\u0131k\u0131\u015flar\u0131, dahili kablolar\u0131 ve PD destekli portlar\u0131 ile \u00e7oklu cihaz \u015farj\u0131n\u0131 ayn\u0131 anda m\u00fcmk\u00fcn hale getirir.Powerbank \u00fczerinde yer alan net dijital ekran, \u015farj y\u00fczdesini do\u011frulukla g\u00f6sterir. Bu sayede powerbank\u2019in ne kadar daha kullan\u0131m s\u00fcresi kald\u0131\u011f\u0131n\u0131 bilirsiniz. Kompakt tasar\u0131m\u0131 hem ta\u015f\u0131may\u0131 kolayla\u015ft\u0131r\u0131r hem de \u00fcr\u00fcn\u00fcn \u015f\u0131k g\u00f6r\u00fcnmesini sa\u011flar. Polygold PG PW210, kullan\u0131c\u0131 deneyimini art\u0131rmaya y\u00f6nelik modern bir tasar\u0131m anlay\u0131\u015f\u0131na sahiptir. \u015e\u0131k y\u00fczeyi, dayan\u0131kl\u0131 g\u00f6vdesi ve kaliteli i\u015f\u00e7ili\u011fi sayesinde uzun s\u00fcreli kullan\u0131m vaat eder.Teknolojik cihazlarla s\u0131k zaman ge\u00e7iren ve s\u00fcrekli hareket halinde olan kullan\u0131c\u0131lar i\u00e7in kullan\u0131m kolayl\u0131\u011f\u0131 sunar. \u00d6zellikle yolculuk yapan, sosyal medya i\u00e7erik \u00fcreten veya yo\u011fun ileti\u015fim trafi\u011fi bulunan kullan\u0131c\u0131lar i\u00e7in ideal bir \u00e7\u00f6z\u00fcmd\u00fcr. Fonksiyonelli\u011fi ve ta\u015f\u0131nabilirli\u011fiyle g\u00fcnl\u00fck hayat\u0131 \u00f6nemli \u00f6l\u00e7\u00fcde kolayla\u015ft\u0131ran bir \u00fcr\u00fcnd\u00fcr.<\/p>\n","protected":false},"excerpt":{"rendered":"<p>Polygold PG PW210 Powerbank, dahili kablo tasar\u0131m\u0131yla \u00f6ne \u00e7\u0131kan pratik bir \u015farj \u00e7\u00f6z\u00fcm\u00fcd\u00fcr. \u00c7o\u011fu powerbank modelinde ya\u015fanan kablo ta\u015f\u0131ma zorunlulu\u011fu bu \u00fcr\u00fcnle tamamen ortadan kalkar. Cihaz \u00fczerinde g\u00f6m\u00fcl\u00fc iki adet kablo, h\u0131zl\u0131 kullan\u0131m kolayl\u0131\u011f\u0131 sa\u011flar. B\u00f6ylece d\u0131\u015far\u0131da, okulda, i\u015fte veya ara\u00e7ta ek bir kablo aramak zorunda kalmadan telefonunuzu an\u0131nda \u015farj etmeye ba\u015flayabilirsiniz.10000 mAh kapasitesi ile&#8230;<\/p>\n","protected":false},"featured_media":121958,"comment_status":"open","ping_status":"closed","template":"","meta":{"_kad_post_transparent":"","_kad_post_title":"","_kad_post_layout":"","_kad_post_sidebar_id":"","_kad_post_content_style":"","_kad_post_vertical_padding":"","_kad_post_feature":"","_kad_post_feature_position":"","_kad_post_header":false,"_kad_post_footer":false,"_kad_post_classname":""},"product_brand":[],"product_cat":[14937],"product_tag":[],"class_list":{"0":"post-121959","1":"product","2":"type-product","3":"status-publish","4":"has-post-thumbnail","6":"product_cat-powerbank-powerbank-2","8":"first","9":"instock","10":"purchasable","11":"product-type-simple","12":"entry","13":"content-bg","14":"loop-entry"},"_links":{"self":[{"href":"https:\/\/www.hediyepazar.com\/index.php?rest_route=\/wp\/v2\/product\/121959","targetHints":{"allow":["GET"]}}],"collection":[{"href":"https:\/\/www.hediyepazar.com\/index.php?rest_route=\/wp\/v2\/product"}],"about":[{"href":"https:\/\/www.hediyepazar.com\/index.php?rest_route=\/wp\/v2\/types\/product"}],"replies":[{"embeddable":true,"href":"https:\/\/www.hediyepazar.com\/index.php?rest_route=%2Fwp%2Fv2%2Fcomments&post=121959"}],"wp:featuredmedia":[{"embeddable":true,"href":"https:\/\/www.hediyepazar.com\/index.php?rest_route=\/wp\/v2\/media\/121958"}],"wp:attachment":[{"href":"https:\/\/www.hediyepazar.com\/index.php?rest_route=%2Fwp%2Fv2%2Fmedia&parent=121959"}],"wp:term":[{"taxonomy":"product_brand","embeddable":true,"href":"https:\/\/www.hediyepazar.com\/index.php?rest_route=%2Fwp%2Fv2%2Fproduct_brand&post=121959"},{"taxonomy":"product_cat","embeddable":true,"href":"https:\/\/www.hediyepazar.com\/index.php?rest_route=%2Fwp%2Fv2%2Fproduct_cat&post=121959"},{"taxonomy":"product_tag","embeddable":true,"href":"https:\/\/www.hediyepazar.com\/index.php?rest_route=%2Fwp%2Fv2%2Fproduct_tag&post=121959"}],"curies":[{"name":"wp","href":"https:\/\/api.w.org\/{rel}","templated":true}]}}