{"id":121967,"date":"2026-05-06T08:35:45","date_gmt":"2026-05-06T11:35:45","guid":{"rendered":"https:\/\/www.hediyepazar.com\/?product=gold-kurt-duvar-aksesuari-asilabilir-3d-dekoratif-heykel-25x19-cm"},"modified":"2026-05-06T08:35:45","modified_gmt":"2026-05-06T11:35:45","slug":"gold-kurt-duvar-aksesuari-asilabilir-3d-dekoratif-heykel-25x19-cm","status":"publish","type":"product","link":"https:\/\/www.hediyepazar.com\/?product=gold-kurt-duvar-aksesuari-asilabilir-3d-dekoratif-heykel-25x19-cm","title":{"rendered":"Gold Kurt Duvar Aksesuar\u0131 As\u0131labilir 3D Dekoratif Heykel 25&#215;19 cm"},"content":{"rendered":"<p>Gold kurt heykeli, l\u00fcks dekorasyon tarz\u0131n\u0131n en dikkat \u00e7ekici tamamlay\u0131c\u0131lar\u0131ndan biridir. 25 cm x 19 cm \u00f6l\u00e7\u00fclerindeki bu \u00f6zel duvar aksesuar\u0131, alt\u0131n g\u00f6r\u00fcn\u00fcm\u00fc sayesinde hem enerjik hem de g\u00f6steri\u015fli bir etki yarat\u0131r. Duvara as\u0131ld\u0131\u011f\u0131nda 3 boyutlu yap\u0131s\u0131yla derinlik olu\u015fturur ve odan\u0131n merkez noktas\u0131 haline gelir.Gold rengin modern dokusu, \u00fcr\u00fcn\u00fc sadece bir dekor par\u00e7as\u0131 olmaktan \u00e7\u0131kararak sanatsal bir objeye d\u00f6n\u00fc\u015ft\u00fcr\u00fcr. Kurt fig\u00fcr\u00fc, g\u00fc\u00e7 ve \u00f6zg\u00fcrl\u00fc\u011f\u00fc temsil etti\u011fi i\u00e7in \u00f6zellikle \u00e7al\u0131\u015fma alanlar\u0131, ofis dekorasyonlar\u0131 ve modern ya\u015fam alanlar\u0131nda g\u00fc\u00e7l\u00fc bir sembolik anlam ta\u015f\u0131r.\u00dcr\u00fcn hafiftir ve duvara zarar vermeden kolayca monte edilebilir. Y\u00fczeydeki detayl\u0131 oyma yap\u0131s\u0131 \u0131\u015f\u0131kla birle\u015fti\u011finde son derece estetik bir g\u00f6r\u00fcn\u00fcm sunar. Bu nedenle i\u00e7erik \u00fcretim st\u00fcdyolar\u0131, foto\u011fraf k\u00f6\u015feleri ve konsept \u00e7ekim alanlar\u0131nda da tercih edilir.Ayr\u0131ca sevdiklerinize hediye edebilece\u011finiz \u00f6zel ve anlaml\u0131 bir dekoratif objedir. Sanat, tasar\u0131m ve fig\u00fcr koleksiyonu sevenler i\u00e7in ideal bir se\u00e7imdir. Mek\u00e2n\u0131na farkl\u0131l\u0131k katmak isteyen herkesin ilgisini \u00e7ekecek g\u00fc\u00e7l\u00fc bir tasar\u0131m sunar.<\/p>\n","protected":false},"excerpt":{"rendered":"<p>Gold kurt heykeli, l\u00fcks dekorasyon tarz\u0131n\u0131n en dikkat \u00e7ekici tamamlay\u0131c\u0131lar\u0131ndan biridir. 25 cm x 19 cm \u00f6l\u00e7\u00fclerindeki bu \u00f6zel duvar aksesuar\u0131, alt\u0131n g\u00f6r\u00fcn\u00fcm\u00fc sayesinde hem enerjik hem de g\u00f6steri\u015fli bir etki yarat\u0131r. Duvara as\u0131ld\u0131\u011f\u0131nda 3 boyutlu yap\u0131s\u0131yla derinlik olu\u015fturur ve odan\u0131n merkez noktas\u0131 haline gelir.Gold rengin modern dokusu, \u00fcr\u00fcn\u00fc sadece bir dekor par\u00e7as\u0131 olmaktan \u00e7\u0131kararak&#8230;<\/p>\n","protected":false},"featured_media":121966,"comment_status":"open","ping_status":"closed","template":"","meta":{"_kad_post_transparent":"","_kad_post_title":"","_kad_post_layout":"","_kad_post_sidebar_id":"","_kad_post_content_style":"","_kad_post_vertical_padding":"","_kad_post_feature":"","_kad_post_feature_position":"","_kad_post_header":false,"_kad_post_footer":false,"_kad_post_classname":""},"product_brand":[],"product_cat":[14940],"product_tag":[],"class_list":{"0":"post-121967","1":"product","2":"type-product","3":"status-publish","4":"has-post-thumbnail","6":"product_cat-dekoratif-obje-biblo-dekoratif-obje-biblo","8":"first","9":"instock","10":"purchasable","11":"product-type-simple","12":"entry","13":"content-bg","14":"loop-entry"},"_links":{"self":[{"href":"https:\/\/www.hediyepazar.com\/index.php?rest_route=\/wp\/v2\/product\/121967","targetHints":{"allow":["GET"]}}],"collection":[{"href":"https:\/\/www.hediyepazar.com\/index.php?rest_route=\/wp\/v2\/product"}],"about":[{"href":"https:\/\/www.hediyepazar.com\/index.php?rest_route=\/wp\/v2\/types\/product"}],"replies":[{"embeddable":true,"href":"https:\/\/www.hediyepazar.com\/index.php?rest_route=%2Fwp%2Fv2%2Fcomments&post=121967"}],"wp:featuredmedia":[{"embeddable":true,"href":"https:\/\/www.hediyepazar.com\/index.php?rest_route=\/wp\/v2\/media\/121966"}],"wp:attachment":[{"href":"https:\/\/www.hediyepazar.com\/index.php?rest_route=%2Fwp%2Fv2%2Fmedia&parent=121967"}],"wp:term":[{"taxonomy":"product_brand","embeddable":true,"href":"https:\/\/www.hediyepazar.com\/index.php?rest_route=%2Fwp%2Fv2%2Fproduct_brand&post=121967"},{"taxonomy":"product_cat","embeddable":true,"href":"https:\/\/www.hediyepazar.com\/index.php?rest_route=%2Fwp%2Fv2%2Fproduct_cat&post=121967"},{"taxonomy":"product_tag","embeddable":true,"href":"https:\/\/www.hediyepazar.com\/index.php?rest_route=%2Fwp%2Fv2%2Fproduct_tag&post=121967"}],"curies":[{"name":"wp","href":"https:\/\/api.w.org\/{rel}","templated":true}]}}