{"id":121971,"date":"2026-05-06T08:36:07","date_gmt":"2026-05-06T11:36:07","guid":{"rendered":"https:\/\/www.hediyepazar.com\/?product=dekoratif-altin-gold-kurt-duvar-heykeli-asilabilir-hediyelik-25x19-cm"},"modified":"2026-05-06T08:36:07","modified_gmt":"2026-05-06T11:36:07","slug":"dekoratif-altin-gold-kurt-duvar-heykeli-asilabilir-hediyelik-25x19-cm","status":"publish","type":"product","link":"https:\/\/www.hediyepazar.com\/?product=dekoratif-altin-gold-kurt-duvar-heykeli-asilabilir-hediyelik-25x19-cm","title":{"rendered":"Dekoratif Alt\u0131n Gold Kurt Duvar Heykeli As\u0131labilir Hediyelik 25&#215;19 cm"},"content":{"rendered":"<p>Gold kurt duvar heykeli, etkileyici tasar\u0131m\u0131 ve l\u00fcks g\u00f6r\u00fcn\u00fcm\u00fc ile bulundu\u011fu mek\u00e2n\u0131n havas\u0131n\u0131 bir anda de\u011fi\u015ftiren dekoratif bir par\u00e7ad\u0131r. 25 x 19 cm \u00f6l\u00e7\u00fclerindeki bu \u00f6zel \u00fcr\u00fcn, alt\u0131n tonlu y\u00fczeyi sayesinde modern ve g\u00f6steri\u015fli bir atmosfer yarat\u0131r. Hem estetik hem de g\u00fc\u00e7l\u00fc bir fig\u00fcr olan kurt simgesi, dekorasyonda liderlik, g\u00fc\u00e7 ve kararl\u0131l\u0131k temas\u0131n\u0131 temsil eder. Bu nedenle \u00f6zellikle \u00e7al\u0131\u015fma odalar\u0131, ofisler, giri\u015f alanlar\u0131, salonlar ve konsept mekanlarda dikkat \u00e7ekici bir dekorasyon \u00f6\u011fesi olarak tercih edilir.\u00dcr\u00fcn hafif yap\u0131s\u0131 sayesinde kolayca duvara as\u0131labilir. Duvara monte edildi\u011finde 3 boyutlu kabart\u0131l\u0131 formu sayesinde derinlik kazan\u0131r ve duvarda ger\u00e7ek bir sanat eserine d\u00f6n\u00fc\u015f\u00fcr. Alt\u0131n renginin \u0131\u015f\u0131kla birle\u015fmesi, heykelin detaylar\u0131n\u0131 daha belirgin hale getirir ve duvar y\u00fczeyinde premium bir duru\u015f olu\u015fturur.Gold kurt ba\u015f\u0131, sadece dekoratif olarak de\u011fil ayn\u0131 zamanda koleksiyon ama\u00e7l\u0131 da tercih edilen \u00f6zel bir \u00fcr\u00fcnd\u00fcr. Mask\u00fclen dekorasyon tarz\u0131na, modern evlere, loft ve end\u00fcstriyel mek\u00e2nlara m\u00fckemmel uyum sa\u011flar. Ayr\u0131ca hediyelik olarak da olduk\u00e7a de\u011ferlidir. \u00d6zellikle kurt fig\u00fcr\u00fcn\u00fc sevenlere, fantastik temalara ilgi duyanlara, ofis dekorasyonu yapanlara ve dikkat \u00e7ekici objeler toplamay\u0131 sevenlere \u00f6zel bir hediye se\u00e7ene\u011fidir.Uzun y\u0131llar boyunca formunu koruyan yap\u0131s\u0131, boya dokusu ve detayl\u0131 i\u015f\u00e7ili\u011fi ile kal\u0131c\u0131 bir dekorasyon \u00fcr\u00fcn\u00fc sunar. Foto\u011fraf ve video arka planlar\u0131 i\u00e7in de ideal bir tamamlay\u0131c\u0131d\u0131r. Bir mek\u00e2na karakter katmak, \u00e7arp\u0131c\u0131 ve s\u0131ra d\u0131\u015f\u0131 bir obje yerle\u015ftirmek isteyenler i\u00e7in en do\u011fru se\u00e7imdir.<\/p>\n","protected":false},"excerpt":{"rendered":"<p>Gold kurt duvar heykeli, etkileyici tasar\u0131m\u0131 ve l\u00fcks g\u00f6r\u00fcn\u00fcm\u00fc ile bulundu\u011fu mek\u00e2n\u0131n havas\u0131n\u0131 bir anda de\u011fi\u015ftiren dekoratif bir par\u00e7ad\u0131r. 25 x 19 cm \u00f6l\u00e7\u00fclerindeki bu \u00f6zel \u00fcr\u00fcn, alt\u0131n tonlu y\u00fczeyi sayesinde modern ve g\u00f6steri\u015fli bir atmosfer yarat\u0131r. Hem estetik hem de g\u00fc\u00e7l\u00fc bir fig\u00fcr olan kurt simgesi, dekorasyonda liderlik, g\u00fc\u00e7 ve kararl\u0131l\u0131k temas\u0131n\u0131 temsil eder&#8230;.<\/p>\n","protected":false},"featured_media":121970,"comment_status":"open","ping_status":"closed","template":"","meta":{"_kad_post_transparent":"","_kad_post_title":"","_kad_post_layout":"","_kad_post_sidebar_id":"","_kad_post_content_style":"","_kad_post_vertical_padding":"","_kad_post_feature":"","_kad_post_feature_position":"","_kad_post_header":false,"_kad_post_footer":false,"_kad_post_classname":""},"product_brand":[],"product_cat":[14940],"product_tag":[],"class_list":{"0":"post-121971","1":"product","2":"type-product","3":"status-publish","4":"has-post-thumbnail","6":"product_cat-dekoratif-obje-biblo-dekoratif-obje-biblo","8":"first","9":"instock","10":"purchasable","11":"product-type-simple","12":"entry","13":"content-bg","14":"loop-entry"},"_links":{"self":[{"href":"https:\/\/www.hediyepazar.com\/index.php?rest_route=\/wp\/v2\/product\/121971","targetHints":{"allow":["GET"]}}],"collection":[{"href":"https:\/\/www.hediyepazar.com\/index.php?rest_route=\/wp\/v2\/product"}],"about":[{"href":"https:\/\/www.hediyepazar.com\/index.php?rest_route=\/wp\/v2\/types\/product"}],"replies":[{"embeddable":true,"href":"https:\/\/www.hediyepazar.com\/index.php?rest_route=%2Fwp%2Fv2%2Fcomments&post=121971"}],"wp:featuredmedia":[{"embeddable":true,"href":"https:\/\/www.hediyepazar.com\/index.php?rest_route=\/wp\/v2\/media\/121970"}],"wp:attachment":[{"href":"https:\/\/www.hediyepazar.com\/index.php?rest_route=%2Fwp%2Fv2%2Fmedia&parent=121971"}],"wp:term":[{"taxonomy":"product_brand","embeddable":true,"href":"https:\/\/www.hediyepazar.com\/index.php?rest_route=%2Fwp%2Fv2%2Fproduct_brand&post=121971"},{"taxonomy":"product_cat","embeddable":true,"href":"https:\/\/www.hediyepazar.com\/index.php?rest_route=%2Fwp%2Fv2%2Fproduct_cat&post=121971"},{"taxonomy":"product_tag","embeddable":true,"href":"https:\/\/www.hediyepazar.com\/index.php?rest_route=%2Fwp%2Fv2%2Fproduct_tag&post=121971"}],"curies":[{"name":"wp","href":"https:\/\/api.w.org\/{rel}","templated":true}]}}