{"id":121973,"date":"2026-05-06T08:36:12","date_gmt":"2026-05-06T11:36:12","guid":{"rendered":"https:\/\/www.hediyepazar.com\/?product=siyah-ayi-duvar-susu-dekoratif-asilabilir-heykel-ev-ofis-aksesuari"},"modified":"2026-05-06T08:36:12","modified_gmt":"2026-05-06T11:36:12","slug":"siyah-ayi-duvar-susu-dekoratif-asilabilir-heykel-ev-ofis-aksesuari","status":"publish","type":"product","link":"https:\/\/www.hediyepazar.com\/?product=siyah-ayi-duvar-susu-dekoratif-asilabilir-heykel-ev-ofis-aksesuari","title":{"rendered":"Siyah Ay\u0131 Duvar S\u00fcs\u00fc Dekoratif As\u0131labilir Heykel Ev Ofis Aksesuar\u0131"},"content":{"rendered":"<p>Siyah ay\u0131 ba\u015f\u0131 duvar heykeli, modern dekor anlay\u0131\u015f\u0131na g\u00fc\u00e7l\u00fc bir karakter katmak isteyenler i\u00e7in ideal bir tasar\u0131m \u00fcr\u00fcn\u00fcd\u00fcr. 25&#215;19 cm \u00f6l\u00e7\u00fclerindeki bu heykel, duvarda derinlik etkisi yaratan 3 boyutlu yap\u0131s\u0131yla dikkat \u00e7eker. Siyah rengin klasik ve g\u00fc\u00e7l\u00fc g\u00f6r\u00fcn\u00fcm\u00fc sayesinde mek\u00e2nlarda mask\u00fclen ve estetik bir atmosfer olu\u015fturur.\u00dcr\u00fcn\u00fcn as\u0131labilir yap\u0131s\u0131 montaj\u0131 olduk\u00e7a kolay hale getirir. Duvara yerle\u015ftirildi\u011fi anda bulundu\u011fu alana sanatsal bir hava katar. Salon, ofis, giri\u015f hol\u00fc, \u00e7al\u0131\u015fma alanlar\u0131, erkek odalar\u0131, koleksiyon k\u00f6\u015feleri ve tematik dekor alanlar\u0131nda s\u0131k\u00e7a tercih edilir. Ayr\u0131ca kafe ve restoran gibi ticari mekanlarda konsept dekor amac\u0131yla kullan\u0131labilir.Ay\u0131 fig\u00fcr\u00fcn\u00fcn \u00f6zenle i\u015flenmi\u015f detaylar\u0131, \u00fcr\u00fcne ger\u00e7ek\u00e7i bir g\u00f6r\u00fcn\u00fcm kazand\u0131r\u0131r. Bu sayede sade duvarlara hareket kazand\u0131rmak isteyen kullan\u0131c\u0131lar i\u00e7in etkili bir \u00e7\u00f6z\u00fcm sunar. Temizlemesi kolay olan y\u00fczeyi uzun y\u0131llar boyunca formunu korur.Bu dekoratif heykel ayn\u0131 zamanda hediye arayanlar i\u00e7in \u00f6zel bir alternatiftir. Hayvan fig\u00fcrlerine ilgi duyanlar, do\u011fal ya\u015fam tutkunlar\u0131, koleksiyon yapanlar veya g\u00fc\u00e7l\u00fc sembollerle dekorasyon olu\u015fturmak isteyenler i\u00e7in ideal bir hediyedir.<\/p>\n","protected":false},"excerpt":{"rendered":"<p>Siyah ay\u0131 ba\u015f\u0131 duvar heykeli, modern dekor anlay\u0131\u015f\u0131na g\u00fc\u00e7l\u00fc bir karakter katmak isteyenler i\u00e7in ideal bir tasar\u0131m \u00fcr\u00fcn\u00fcd\u00fcr. 25&#215;19 cm \u00f6l\u00e7\u00fclerindeki bu heykel, duvarda derinlik etkisi yaratan 3 boyutlu yap\u0131s\u0131yla dikkat \u00e7eker. Siyah rengin klasik ve g\u00fc\u00e7l\u00fc g\u00f6r\u00fcn\u00fcm\u00fc sayesinde mek\u00e2nlarda mask\u00fclen ve estetik bir atmosfer olu\u015fturur.\u00dcr\u00fcn\u00fcn as\u0131labilir yap\u0131s\u0131 montaj\u0131 olduk\u00e7a kolay hale getirir. Duvara yerle\u015ftirildi\u011fi&#8230;<\/p>\n","protected":false},"featured_media":121972,"comment_status":"open","ping_status":"closed","template":"","meta":{"_kad_post_transparent":"","_kad_post_title":"","_kad_post_layout":"","_kad_post_sidebar_id":"","_kad_post_content_style":"","_kad_post_vertical_padding":"","_kad_post_feature":"","_kad_post_feature_position":"","_kad_post_header":false,"_kad_post_footer":false,"_kad_post_classname":""},"product_brand":[],"product_cat":[14940],"product_tag":[],"class_list":{"0":"post-121973","1":"product","2":"type-product","3":"status-publish","4":"has-post-thumbnail","6":"product_cat-dekoratif-obje-biblo-dekoratif-obje-biblo","8":"first","9":"instock","10":"purchasable","11":"product-type-simple","12":"entry","13":"content-bg","14":"loop-entry"},"_links":{"self":[{"href":"https:\/\/www.hediyepazar.com\/index.php?rest_route=\/wp\/v2\/product\/121973","targetHints":{"allow":["GET"]}}],"collection":[{"href":"https:\/\/www.hediyepazar.com\/index.php?rest_route=\/wp\/v2\/product"}],"about":[{"href":"https:\/\/www.hediyepazar.com\/index.php?rest_route=\/wp\/v2\/types\/product"}],"replies":[{"embeddable":true,"href":"https:\/\/www.hediyepazar.com\/index.php?rest_route=%2Fwp%2Fv2%2Fcomments&post=121973"}],"wp:featuredmedia":[{"embeddable":true,"href":"https:\/\/www.hediyepazar.com\/index.php?rest_route=\/wp\/v2\/media\/121972"}],"wp:attachment":[{"href":"https:\/\/www.hediyepazar.com\/index.php?rest_route=%2Fwp%2Fv2%2Fmedia&parent=121973"}],"wp:term":[{"taxonomy":"product_brand","embeddable":true,"href":"https:\/\/www.hediyepazar.com\/index.php?rest_route=%2Fwp%2Fv2%2Fproduct_brand&post=121973"},{"taxonomy":"product_cat","embeddable":true,"href":"https:\/\/www.hediyepazar.com\/index.php?rest_route=%2Fwp%2Fv2%2Fproduct_cat&post=121973"},{"taxonomy":"product_tag","embeddable":true,"href":"https:\/\/www.hediyepazar.com\/index.php?rest_route=%2Fwp%2Fv2%2Fproduct_tag&post=121973"}],"curies":[{"name":"wp","href":"https:\/\/api.w.org\/{rel}","templated":true}]}}