{"id":121979,"date":"2026-05-06T08:37:05","date_gmt":"2026-05-06T11:37:05","guid":{"rendered":"https:\/\/www.hediyepazar.com\/?product=cift-mikrofonlu-kablosuz-kayit-seti-iphone-uyumlu-mini-mikrofon"},"modified":"2026-05-06T08:37:05","modified_gmt":"2026-05-06T11:37:05","slug":"cift-mikrofonlu-kablosuz-kayit-seti-iphone-uyumlu-mini-mikrofon","status":"publish","type":"product","link":"https:\/\/www.hediyepazar.com\/?product=cift-mikrofonlu-kablosuz-kayit-seti-iphone-uyumlu-mini-mikrofon","title":{"rendered":"\u00c7ift Mikrofonlu Kablosuz Kay\u0131t Seti iPhone Uyumlu Mini Mikrofon"},"content":{"rendered":"<p>iPhone uyumlu \u00e7ift mikrofonlu kablosuz yaka mikrofonu seti, modern video \u00fcretim ihtiya\u00e7lar\u0131n\u0131 kar\u015f\u0131lamak i\u00e7in geli\u015ftirilmi\u015f g\u00fc\u00e7l\u00fc bir ses sistemi sunar. Tak-\u00e7al\u0131\u015ft\u0131r modunda \u00e7al\u0131\u015fan yap\u0131s\u0131 sayesinde kullan\u0131c\u0131 dostudur ve herhangi bir uygulama kurulumu gerektirmez. Al\u0131c\u0131y\u0131 telefonunuza takman\u0131zla birlikte mikrofonlar otomatik olarak e\u015fle\u015fir.360 derece ses alg\u0131lama yap\u0131s\u0131, iki mikrofonun ayn\u0131 anda farkl\u0131 a\u00e7\u0131lardan ses toplamas\u0131n\u0131 sa\u011flar. Bu, iki ki\u015finin oldu\u011fu sahnelerde ses seviyelerinin dengeli \u015fekilde kaydedilmesine olanak tan\u0131r. R\u00f6portajlar, tart\u0131\u015fma videolar\u0131, canl\u0131 yay\u0131nlar, d\u00fcet i\u00e7erikleri ve e\u011fitim videolar\u0131 i\u00e7in m\u00fckemmel bir uyum sunar.Geli\u015fmi\u015f g\u00fcr\u00fclt\u00fc engelleme teknolojisi ile d\u0131\u015f sesler bast\u0131r\u0131l\u0131r ve sesiniz \u00e7ok daha net \u015fekilde \u00f6n plana \u00e7\u0131kar. \u00d6zellikle a\u00e7\u0131k alanda yap\u0131lan \u00e7ekimlerde bu \u00f6zellik b\u00fcy\u00fck fark yarat\u0131r. Mikrofonlar CD kalitesinde stereo ses sa\u011flayarak videolar\u0131n\u0131z\u0131n profesyonel g\u00f6r\u00fcnmesine katk\u0131da bulunur.80 mAh pil kapasitesi ile her bir mikrofon uzun s\u00fcre kullan\u0131m sunar. 5\u20136 saat aral\u0131ks\u0131z \u00e7al\u0131\u015fma s\u00fcresi, g\u00fcn boyu \u00e7ekim yapmak isteyen kullan\u0131c\u0131lar i\u00e7in b\u00fcy\u00fck avantajd\u0131r. 20\u201330 metre kablosuz menzil sayesinde \u00e7ekim s\u0131ras\u0131nda \u00f6zg\u00fcrce hareket edebilirsiniz.Ergonomik ve hafif tasar\u0131m\u0131yla mikrofonlar k\u0131yafete kolayca tutturulur. Yan\u0131n\u0131zda ta\u015f\u0131mak kolayd\u0131r, \u00e7antada yer kaplamaz ve her ortamda an\u0131nda kullan\u0131ma haz\u0131rd\u0131r. Hem profesyoneller hem amat\u00f6r kullan\u0131c\u0131lar i\u00e7in geli\u015ftirilmi\u015f bu set, i\u00e7erik kalitesini artt\u0131rmak isteyen herkesin ihtiya\u00e7 duydu\u011fu kusursuz bir ses \u00e7\u00f6z\u00fcm\u00fcd\u00fcr.<\/p>\n","protected":false},"excerpt":{"rendered":"<p>iPhone uyumlu \u00e7ift mikrofonlu kablosuz yaka mikrofonu seti, modern video \u00fcretim ihtiya\u00e7lar\u0131n\u0131 kar\u015f\u0131lamak i\u00e7in geli\u015ftirilmi\u015f g\u00fc\u00e7l\u00fc bir ses sistemi sunar. Tak-\u00e7al\u0131\u015ft\u0131r modunda \u00e7al\u0131\u015fan yap\u0131s\u0131 sayesinde kullan\u0131c\u0131 dostudur ve herhangi bir uygulama kurulumu gerektirmez. Al\u0131c\u0131y\u0131 telefonunuza takman\u0131zla birlikte mikrofonlar otomatik olarak e\u015fle\u015fir.360 derece ses alg\u0131lama yap\u0131s\u0131, iki mikrofonun ayn\u0131 anda farkl\u0131 a\u00e7\u0131lardan ses toplamas\u0131n\u0131 sa\u011flar. Bu,&#8230;<\/p>\n","protected":false},"featured_media":121978,"comment_status":"open","ping_status":"closed","template":"","meta":{"_kad_post_transparent":"","_kad_post_title":"","_kad_post_layout":"","_kad_post_sidebar_id":"","_kad_post_content_style":"","_kad_post_vertical_padding":"","_kad_post_feature":"","_kad_post_feature_position":"","_kad_post_header":false,"_kad_post_footer":false,"_kad_post_classname":""},"product_brand":[],"product_cat":[15091],"product_tag":[],"class_list":{"0":"post-121979","1":"product","2":"type-product","3":"status-publish","4":"has-post-thumbnail","6":"product_cat-mikrofon-mikrofon","8":"first","9":"instock","10":"purchasable","11":"product-type-simple","12":"entry","13":"content-bg","14":"loop-entry"},"_links":{"self":[{"href":"https:\/\/www.hediyepazar.com\/index.php?rest_route=\/wp\/v2\/product\/121979","targetHints":{"allow":["GET"]}}],"collection":[{"href":"https:\/\/www.hediyepazar.com\/index.php?rest_route=\/wp\/v2\/product"}],"about":[{"href":"https:\/\/www.hediyepazar.com\/index.php?rest_route=\/wp\/v2\/types\/product"}],"replies":[{"embeddable":true,"href":"https:\/\/www.hediyepazar.com\/index.php?rest_route=%2Fwp%2Fv2%2Fcomments&post=121979"}],"wp:featuredmedia":[{"embeddable":true,"href":"https:\/\/www.hediyepazar.com\/index.php?rest_route=\/wp\/v2\/media\/121978"}],"wp:attachment":[{"href":"https:\/\/www.hediyepazar.com\/index.php?rest_route=%2Fwp%2Fv2%2Fmedia&parent=121979"}],"wp:term":[{"taxonomy":"product_brand","embeddable":true,"href":"https:\/\/www.hediyepazar.com\/index.php?rest_route=%2Fwp%2Fv2%2Fproduct_brand&post=121979"},{"taxonomy":"product_cat","embeddable":true,"href":"https:\/\/www.hediyepazar.com\/index.php?rest_route=%2Fwp%2Fv2%2Fproduct_cat&post=121979"},{"taxonomy":"product_tag","embeddable":true,"href":"https:\/\/www.hediyepazar.com\/index.php?rest_route=%2Fwp%2Fv2%2Fproduct_tag&post=121979"}],"curies":[{"name":"wp","href":"https:\/\/api.w.org\/{rel}","templated":true}]}}