{"id":121999,"date":"2026-05-06T08:39:32","date_gmt":"2026-05-06T11:39:32","guid":{"rendered":"https:\/\/www.hediyepazar.com\/?product=evde-fitness-icin-akilli-boks-makinesi-isikli-vurus-noktali-bluetoothlu"},"modified":"2026-05-06T08:39:32","modified_gmt":"2026-05-06T11:39:32","slug":"evde-fitness-icin-akilli-boks-makinesi-isikli-vurus-noktali-bluetoothlu","status":"publish","type":"product","link":"https:\/\/www.hediyepazar.com\/?product=evde-fitness-icin-akilli-boks-makinesi-isikli-vurus-noktali-bluetoothlu","title":{"rendered":"Evde Fitness \u0130\u00e7in Ak\u0131ll\u0131 Boks Makinesi I\u015f\u0131kl\u0131 Vuru\u015f Noktal\u0131 Bluetoothlu"},"content":{"rendered":"<p>Bu interaktif ak\u0131ll\u0131 boks makinesi, m\u00fczikle uyumlu \u0131\u015f\u0131kl\u0131 vuru\u015f sistemiyle antrenmanlar\u0131 daha e\u011flenceli ve etkili hale getirir. Bluetooth ba\u011flant\u0131s\u0131 sayesinde cep telefonunuzdan diledi\u011finiz \u015fark\u0131y\u0131 a\u00e7abilir, ritme g\u00f6re yanan hedeflere vurarak enerjinizi ortaya koyabilirsiniz.\u00dcr\u00fcn sadece boks de\u011fil; kardiyo, g\u00fc\u00e7, h\u0131z ve koordinasyon geli\u015ftirme konusunda \u00e7ok y\u00f6nl\u00fc bir fitness ekipman\u0131d\u0131r. Refleks \u00e7al\u0131\u015fmalar\u0131 i\u00e7in tasarlanm\u0131\u015f \u0131\u015f\u0131kl\u0131 hedef sistemi odaklanmay\u0131 art\u0131r\u0131r ve tepki s\u00fcresini h\u0131zland\u0131r\u0131r.Evde spor yapmak isteyenler veya yo\u011fun i\u015f temposundan dolay\u0131 spor salonuna gidemeyenler i\u00e7in m\u00fckemmel bir alternatiftir. Kurulumu pratik olup duvara sabitlenmesi son derece kolayd\u0131r.Kompakt tasar\u0131m\u0131 sayesinde evde geni\u015f alana gerek duymadan profesyonel bir boks deneyimi sunar. Dayan\u0131kl\u0131 yap\u0131s\u0131 uzun \u00f6m\u00fcrl\u00fc kullan\u0131m sa\u011flar.Her seviyeden sporcu bu sistemi kolayca kullanabilir.<\/p>\n","protected":false},"excerpt":{"rendered":"<p>Bu interaktif ak\u0131ll\u0131 boks makinesi, m\u00fczikle uyumlu \u0131\u015f\u0131kl\u0131 vuru\u015f sistemiyle antrenmanlar\u0131 daha e\u011flenceli ve etkili hale getirir. Bluetooth ba\u011flant\u0131s\u0131 sayesinde cep telefonunuzdan diledi\u011finiz \u015fark\u0131y\u0131 a\u00e7abilir, ritme g\u00f6re yanan hedeflere vurarak enerjinizi ortaya koyabilirsiniz.\u00dcr\u00fcn sadece boks de\u011fil; kardiyo, g\u00fc\u00e7, h\u0131z ve koordinasyon geli\u015ftirme konusunda \u00e7ok y\u00f6nl\u00fc bir fitness ekipman\u0131d\u0131r. Refleks \u00e7al\u0131\u015fmalar\u0131 i\u00e7in tasarlanm\u0131\u015f \u0131\u015f\u0131kl\u0131 hedef sistemi&#8230;<\/p>\n","protected":false},"featured_media":121998,"comment_status":"open","ping_status":"closed","template":"","meta":{"_kad_post_transparent":"","_kad_post_title":"","_kad_post_layout":"","_kad_post_sidebar_id":"","_kad_post_content_style":"","_kad_post_vertical_padding":"","_kad_post_feature":"","_kad_post_feature_position":"","_kad_post_header":false,"_kad_post_footer":false,"_kad_post_classname":""},"product_brand":[],"product_cat":[15095],"product_tag":[],"class_list":{"0":"post-121999","1":"product","2":"type-product","3":"status-publish","4":"has-post-thumbnail","6":"product_cat-egzersiz-aletleri-egzersiz-aletleri","8":"first","9":"instock","10":"purchasable","11":"product-type-simple","12":"entry","13":"content-bg","14":"loop-entry"},"_links":{"self":[{"href":"https:\/\/www.hediyepazar.com\/index.php?rest_route=\/wp\/v2\/product\/121999","targetHints":{"allow":["GET"]}}],"collection":[{"href":"https:\/\/www.hediyepazar.com\/index.php?rest_route=\/wp\/v2\/product"}],"about":[{"href":"https:\/\/www.hediyepazar.com\/index.php?rest_route=\/wp\/v2\/types\/product"}],"replies":[{"embeddable":true,"href":"https:\/\/www.hediyepazar.com\/index.php?rest_route=%2Fwp%2Fv2%2Fcomments&post=121999"}],"wp:featuredmedia":[{"embeddable":true,"href":"https:\/\/www.hediyepazar.com\/index.php?rest_route=\/wp\/v2\/media\/121998"}],"wp:attachment":[{"href":"https:\/\/www.hediyepazar.com\/index.php?rest_route=%2Fwp%2Fv2%2Fmedia&parent=121999"}],"wp:term":[{"taxonomy":"product_brand","embeddable":true,"href":"https:\/\/www.hediyepazar.com\/index.php?rest_route=%2Fwp%2Fv2%2Fproduct_brand&post=121999"},{"taxonomy":"product_cat","embeddable":true,"href":"https:\/\/www.hediyepazar.com\/index.php?rest_route=%2Fwp%2Fv2%2Fproduct_cat&post=121999"},{"taxonomy":"product_tag","embeddable":true,"href":"https:\/\/www.hediyepazar.com\/index.php?rest_route=%2Fwp%2Fv2%2Fproduct_tag&post=121999"}],"curies":[{"name":"wp","href":"https:\/\/api.w.org\/{rel}","templated":true}]}}