{"id":122007,"date":"2026-05-06T08:39:58","date_gmt":"2026-05-06T11:39:58","guid":{"rendered":"https:\/\/www.hediyepazar.com\/?product=akilli-muzikli-boks-makinesi-bluetooth-baglantili-isikli-hedefli-fitness-aleti"},"modified":"2026-05-06T08:39:58","modified_gmt":"2026-05-06T11:39:58","slug":"akilli-muzikli-boks-makinesi-bluetooth-baglantili-isikli-hedefli-fitness-aleti","status":"publish","type":"product","link":"https:\/\/www.hediyepazar.com\/?product=akilli-muzikli-boks-makinesi-bluetooth-baglantili-isikli-hedefli-fitness-aleti","title":{"rendered":"Ak\u0131ll\u0131 M\u00fczikli Boks Makinesi Bluetooth Ba\u011flant\u0131l\u0131 I\u015f\u0131kl\u0131 Hedefli Fitness Aleti"},"content":{"rendered":"<p>Bu ak\u0131ll\u0131 boks makinesi, evde spor yapmay\u0131 daha e\u011flenceli ve verimli hale getirmek i\u00e7in tasarlanm\u0131\u015f yenilik\u00e7i bir egzersiz panelidir. Bluetooth ba\u011flant\u0131 \u00f6zelli\u011fi sayesinde cep telefonunuzdaki m\u00fcziklerle uyumlu \u015fekilde \u00e7al\u0131\u015f\u0131r. M\u00fczi\u011fin ritmine g\u00f6re yanan \u0131\u015f\u0131kl\u0131 hedefler, antrenman\u0131 s\u0131radanl\u0131ktan \u00e7\u0131kararak tamamen interaktif ve motive edici bir deneyim sunar.Ev, ofis veya spor alanlar\u0131nda kolayca kullan\u0131labilen bu sistem, refleks geli\u015ftirme, koordinasyon art\u0131rma, h\u0131z \u00e7al\u0131\u015fmalar\u0131, stres atma ve kardiyo egzersizleri i\u00e7in idealdir. \u00d6zellikle d\u00fczenli antrenman yapanlar i\u00e7in ritme dayal\u0131 \u00e7al\u0131\u015fma modu sayesinde e\u011flenceli bir kondisyon y\u00fckseltme imk\u00e2n\u0131 sa\u011flar.C\u0131rt c\u0131rtl\u0131 bant veya vidalama y\u00f6ntemiyle duvara kolayca monte edilebilir. B\u00f6ylece hem sabit hem g\u00fcvenli bir kullan\u0131m sunar. Ergonomik yap\u0131s\u0131 dar alanlara bile uyum sa\u011flar ve kompakt tasar\u0131m\u0131 sayesinde yer kaplamaz.I\u015f\u0131kl\u0131 vuru\u015f noktalar\u0131 hedef de\u011fi\u015ftik\u00e7e kullan\u0131c\u0131y\u0131 y\u00f6nlendirir. Bu sayede el-g\u00f6z koordinasyonunu g\u00fc\u00e7lendiren tempolu bir antrenman deneyimi olu\u015fur. Her ya\u015fa ve seviyeye uygun olmas\u0131, \u00fcr\u00fcn\u00fc hem profesyoneller hem de ba\u015flang\u0131\u00e7 seviyesindeki spor severler i\u00e7in ideal k\u0131lar.Dayan\u0131kl\u0131 bile\u015fenlerden \u00fcretilmi\u015f yap\u0131s\u0131 uzun \u00f6m\u00fcrl\u00fc kullan\u0131m sa\u011flar. Evde spor yapmak isteyenler i\u00e7in tam bir fitness devrimidir.<\/p>\n","protected":false},"excerpt":{"rendered":"<p>Bu ak\u0131ll\u0131 boks makinesi, evde spor yapmay\u0131 daha e\u011flenceli ve verimli hale getirmek i\u00e7in tasarlanm\u0131\u015f yenilik\u00e7i bir egzersiz panelidir. Bluetooth ba\u011flant\u0131 \u00f6zelli\u011fi sayesinde cep telefonunuzdaki m\u00fcziklerle uyumlu \u015fekilde \u00e7al\u0131\u015f\u0131r. M\u00fczi\u011fin ritmine g\u00f6re yanan \u0131\u015f\u0131kl\u0131 hedefler, antrenman\u0131 s\u0131radanl\u0131ktan \u00e7\u0131kararak tamamen interaktif ve motive edici bir deneyim sunar.Ev, ofis veya spor alanlar\u0131nda kolayca kullan\u0131labilen bu sistem, refleks&#8230;<\/p>\n","protected":false},"featured_media":122006,"comment_status":"open","ping_status":"closed","template":"","meta":{"_kad_post_transparent":"","_kad_post_title":"","_kad_post_layout":"","_kad_post_sidebar_id":"","_kad_post_content_style":"","_kad_post_vertical_padding":"","_kad_post_feature":"","_kad_post_feature_position":"","_kad_post_header":false,"_kad_post_footer":false,"_kad_post_classname":""},"product_brand":[],"product_cat":[15095],"product_tag":[],"class_list":{"0":"post-122007","1":"product","2":"type-product","3":"status-publish","4":"has-post-thumbnail","6":"product_cat-egzersiz-aletleri-egzersiz-aletleri","8":"first","9":"instock","10":"purchasable","11":"product-type-simple","12":"entry","13":"content-bg","14":"loop-entry"},"_links":{"self":[{"href":"https:\/\/www.hediyepazar.com\/index.php?rest_route=\/wp\/v2\/product\/122007","targetHints":{"allow":["GET"]}}],"collection":[{"href":"https:\/\/www.hediyepazar.com\/index.php?rest_route=\/wp\/v2\/product"}],"about":[{"href":"https:\/\/www.hediyepazar.com\/index.php?rest_route=\/wp\/v2\/types\/product"}],"replies":[{"embeddable":true,"href":"https:\/\/www.hediyepazar.com\/index.php?rest_route=%2Fwp%2Fv2%2Fcomments&post=122007"}],"wp:featuredmedia":[{"embeddable":true,"href":"https:\/\/www.hediyepazar.com\/index.php?rest_route=\/wp\/v2\/media\/122006"}],"wp:attachment":[{"href":"https:\/\/www.hediyepazar.com\/index.php?rest_route=%2Fwp%2Fv2%2Fmedia&parent=122007"}],"wp:term":[{"taxonomy":"product_brand","embeddable":true,"href":"https:\/\/www.hediyepazar.com\/index.php?rest_route=%2Fwp%2Fv2%2Fproduct_brand&post=122007"},{"taxonomy":"product_cat","embeddable":true,"href":"https:\/\/www.hediyepazar.com\/index.php?rest_route=%2Fwp%2Fv2%2Fproduct_cat&post=122007"},{"taxonomy":"product_tag","embeddable":true,"href":"https:\/\/www.hediyepazar.com\/index.php?rest_route=%2Fwp%2Fv2%2Fproduct_tag&post=122007"}],"curies":[{"name":"wp","href":"https:\/\/api.w.org\/{rel}","templated":true}]}}