{"id":122041,"date":"2026-05-06T08:43:11","date_gmt":"2026-05-06T11:43:11","guid":{"rendered":"https:\/\/www.hediyepazar.com\/?product=3x3-led-selale-perde-isik-kutlama-ve-dekor-aydinlatmasi"},"modified":"2026-05-06T08:43:11","modified_gmt":"2026-05-06T11:43:11","slug":"3x3-led-selale-perde-isik-kutlama-ve-dekor-aydinlatmasi","status":"publish","type":"product","link":"https:\/\/www.hediyepazar.com\/?product=3x3-led-selale-perde-isik-kutlama-ve-dekor-aydinlatmasi","title":{"rendered":"3&#215;3 LED \u015eelale Perde I\u015f\u0131k Kutlama ve Dekor Ayd\u0131nlatmas\u0131"},"content":{"rendered":"<p>3&#215;3 LED \u015felale perde \u0131\u015f\u0131k, kutlamalarda, \u00f6zel g\u00fcnlerde ve dekoratif ortamlarda b\u00fcy\u00fcleyici bir atmosfer olu\u015fturmak i\u00e7in ideal bir ayd\u0131nlatmad\u0131r. I\u015f\u0131klar\u0131n ak\u0131\u015fkan dizilimi mek\u00e2na hareket katar ve g\u00f6z al\u0131c\u0131 bir ambiyans yarat\u0131r.D\u00fc\u011f\u00fcn, ni\u015fan, s\u00f6z, y\u0131lba\u015f\u0131, do\u011fum g\u00fcn\u00fc, baby shower ve parti arka planlar\u0131nda s\u0131kl\u0131kla tercih edilir. Ev dekorasyonunda ise duvar s\u00fcslemesi, perde arkas\u0131, balkon, teras ve oda ambiyans\u0131 olu\u015fturmak i\u00e7in kullan\u0131labilir.LED teknolojisi d\u00fc\u015f\u00fck enerji t\u00fcketir ve uzun \u00f6m\u00fcrl\u00fc performans sa\u011flar. Uzun saatler kullan\u0131ld\u0131\u011f\u0131nda bile \u0131\u015f\u0131klar parlakl\u0131k kayb\u0131 ya\u015famaz.Kurulumu zahmetsizdir. Perde d\u00fczeni sayesinde \u0131\u015f\u0131klar e\u015fit \u015fekilde yay\u0131l\u0131r ve d\u00fczenli bir g\u00f6r\u00fcn\u00fcm ortaya \u00e7\u0131kar. Hafif yap\u0131s\u0131 sayesinde istenen alana kolayca ta\u015f\u0131nabilir.Hem i\u00e7 hem d\u0131\u015f mek\u00e2nda kullan\u0131labilen bu \u0131\u015f\u0131k perdesi, bulundu\u011fu ortam\u0131n havas\u0131n\u0131 tamamen de\u011fi\u015ftirir ve dekoratif bir \u015f\u0131kl\u0131k kazand\u0131r\u0131r.<\/p>\n","protected":false},"excerpt":{"rendered":"<p>3&#215;3 LED \u015felale perde \u0131\u015f\u0131k, kutlamalarda, \u00f6zel g\u00fcnlerde ve dekoratif ortamlarda b\u00fcy\u00fcleyici bir atmosfer olu\u015fturmak i\u00e7in ideal bir ayd\u0131nlatmad\u0131r. I\u015f\u0131klar\u0131n ak\u0131\u015fkan dizilimi mek\u00e2na hareket katar ve g\u00f6z al\u0131c\u0131 bir ambiyans yarat\u0131r.D\u00fc\u011f\u00fcn, ni\u015fan, s\u00f6z, y\u0131lba\u015f\u0131, do\u011fum g\u00fcn\u00fc, baby shower ve parti arka planlar\u0131nda s\u0131kl\u0131kla tercih edilir. Ev dekorasyonunda ise duvar s\u00fcslemesi, perde arkas\u0131, balkon, teras ve&#8230;<\/p>\n","protected":false},"featured_media":122040,"comment_status":"open","ping_status":"closed","template":"","meta":{"_kad_post_transparent":"","_kad_post_title":"","_kad_post_layout":"","_kad_post_sidebar_id":"","_kad_post_content_style":"","_kad_post_vertical_padding":"","_kad_post_feature":"","_kad_post_feature_position":"","_kad_post_header":false,"_kad_post_footer":false,"_kad_post_classname":""},"product_brand":[],"product_cat":[14933],"product_tag":[],"class_list":{"0":"post-122041","1":"product","2":"type-product","3":"status-publish","4":"has-post-thumbnail","6":"product_cat-led-isik-led-isik","8":"first","9":"instock","10":"purchasable","11":"product-type-simple","12":"entry","13":"content-bg","14":"loop-entry"},"_links":{"self":[{"href":"https:\/\/www.hediyepazar.com\/index.php?rest_route=\/wp\/v2\/product\/122041","targetHints":{"allow":["GET"]}}],"collection":[{"href":"https:\/\/www.hediyepazar.com\/index.php?rest_route=\/wp\/v2\/product"}],"about":[{"href":"https:\/\/www.hediyepazar.com\/index.php?rest_route=\/wp\/v2\/types\/product"}],"replies":[{"embeddable":true,"href":"https:\/\/www.hediyepazar.com\/index.php?rest_route=%2Fwp%2Fv2%2Fcomments&post=122041"}],"wp:featuredmedia":[{"embeddable":true,"href":"https:\/\/www.hediyepazar.com\/index.php?rest_route=\/wp\/v2\/media\/122040"}],"wp:attachment":[{"href":"https:\/\/www.hediyepazar.com\/index.php?rest_route=%2Fwp%2Fv2%2Fmedia&parent=122041"}],"wp:term":[{"taxonomy":"product_brand","embeddable":true,"href":"https:\/\/www.hediyepazar.com\/index.php?rest_route=%2Fwp%2Fv2%2Fproduct_brand&post=122041"},{"taxonomy":"product_cat","embeddable":true,"href":"https:\/\/www.hediyepazar.com\/index.php?rest_route=%2Fwp%2Fv2%2Fproduct_cat&post=122041"},{"taxonomy":"product_tag","embeddable":true,"href":"https:\/\/www.hediyepazar.com\/index.php?rest_route=%2Fwp%2Fv2%2Fproduct_tag&post=122041"}],"curies":[{"name":"wp","href":"https:\/\/api.w.org\/{rel}","templated":true}]}}