{"id":122047,"date":"2026-05-06T08:43:59","date_gmt":"2026-05-06T11:43:59","guid":{"rendered":"https:\/\/www.hediyepazar.com\/?product=3x3-perde-led-isik-selale-model-ozel-gun-dekoratif-aydinlatma"},"modified":"2026-05-06T08:43:59","modified_gmt":"2026-05-06T11:43:59","slug":"3x3-perde-led-isik-selale-model-ozel-gun-dekoratif-aydinlatma","status":"publish","type":"product","link":"https:\/\/www.hediyepazar.com\/?product=3x3-perde-led-isik-selale-model-ozel-gun-dekoratif-aydinlatma","title":{"rendered":"3&#215;3 Perde LED I\u015f\u0131k \u015eelale Model \u00d6zel G\u00fcn Dekoratif Ayd\u0131nlatma"},"content":{"rendered":"<p>3&#215;3 metre perde LED \u0131\u015f\u0131k, ortam\u0131n havas\u0131n\u0131 tamamen de\u011fi\u015ftirerek dekorasyona b\u00fcy\u00fcleyici bir g\u00f6r\u00fcn\u00fcm katan bir ayd\u0131nlatma \u00e7\u00f6z\u00fcm\u00fcd\u00fcr. \u015eelale tasar\u0131m\u0131, yukar\u0131dan a\u015fa\u011f\u0131 do\u011fru d\u00fczenli bir \u0131\u015f\u0131k ak\u0131\u015f\u0131 olu\u015fturarak hem \u00f6zel g\u00fcnlerde hem de g\u00fcnl\u00fck kullan\u0131mda estetik bir g\u00f6r\u00fcn\u00fcm sa\u011flar.\u00d6zellikle d\u00fc\u011f\u00fcn ve ni\u015fan organizasyonlar\u0131nda, y\u0131lba\u015f\u0131 kutlamalar\u0131nda, do\u011fum g\u00fcn\u00fc partilerinde ve foto\u011fraf \u00e7ekim alanlar\u0131nda \u00e7ok tercih edilir. Ayn\u0131 zamanda ev dekorasyonunda fon perdesi, balkon s\u00fcslemesi, oda ambiyans\u0131 veya vitrin d\u00fczenlemesi i\u00e7in de kullan\u0131labilir.LED teknolojisi, uzun s\u00fcre boyunca d\u00fc\u015f\u00fck t\u00fcketimle kesintisiz kullan\u0131m imk\u00e2n\u0131 sunar. I\u015f\u0131klar\u0131n dayan\u0131kl\u0131 yap\u0131s\u0131, uzun \u00f6m\u00fcrl\u00fc kullan\u0131m sa\u011flar ve zamanla performans kayb\u0131 ya\u015fanmaz.Kurulumu olduk\u00e7a pratiktir. Perde formu sayesinde \u0131\u015f\u0131klar e\u015fit \u015fekilde yay\u0131l\u0131r ve simetrik bir g\u00f6r\u00fcn\u00fcm olu\u015fturur. Duvarda, camda, pergolada, \u00e7ad\u0131r giri\u015finde veya fon perdesinde rahatl\u0131kla kullan\u0131labilir.Her ortamda zarafet, \u015f\u0131kl\u0131k ve dekoratif bir ambiyans yaratmak i\u00e7in ideal bir se\u00e7imdir.<\/p>\n","protected":false},"excerpt":{"rendered":"<p>3&#215;3 metre perde LED \u0131\u015f\u0131k, ortam\u0131n havas\u0131n\u0131 tamamen de\u011fi\u015ftirerek dekorasyona b\u00fcy\u00fcleyici bir g\u00f6r\u00fcn\u00fcm katan bir ayd\u0131nlatma \u00e7\u00f6z\u00fcm\u00fcd\u00fcr. \u015eelale tasar\u0131m\u0131, yukar\u0131dan a\u015fa\u011f\u0131 do\u011fru d\u00fczenli bir \u0131\u015f\u0131k ak\u0131\u015f\u0131 olu\u015fturarak hem \u00f6zel g\u00fcnlerde hem de g\u00fcnl\u00fck kullan\u0131mda estetik bir g\u00f6r\u00fcn\u00fcm sa\u011flar.\u00d6zellikle d\u00fc\u011f\u00fcn ve ni\u015fan organizasyonlar\u0131nda, y\u0131lba\u015f\u0131 kutlamalar\u0131nda, do\u011fum g\u00fcn\u00fc partilerinde ve foto\u011fraf \u00e7ekim alanlar\u0131nda \u00e7ok tercih edilir. Ayn\u0131&#8230;<\/p>\n","protected":false},"featured_media":122046,"comment_status":"open","ping_status":"closed","template":"","meta":{"_kad_post_transparent":"","_kad_post_title":"","_kad_post_layout":"","_kad_post_sidebar_id":"","_kad_post_content_style":"","_kad_post_vertical_padding":"","_kad_post_feature":"","_kad_post_feature_position":"","_kad_post_header":false,"_kad_post_footer":false,"_kad_post_classname":""},"product_brand":[],"product_cat":[14933],"product_tag":[],"class_list":{"0":"post-122047","1":"product","2":"type-product","3":"status-publish","4":"has-post-thumbnail","6":"product_cat-led-isik-led-isik","8":"first","9":"instock","10":"purchasable","11":"product-type-simple","12":"entry","13":"content-bg","14":"loop-entry"},"_links":{"self":[{"href":"https:\/\/www.hediyepazar.com\/index.php?rest_route=\/wp\/v2\/product\/122047","targetHints":{"allow":["GET"]}}],"collection":[{"href":"https:\/\/www.hediyepazar.com\/index.php?rest_route=\/wp\/v2\/product"}],"about":[{"href":"https:\/\/www.hediyepazar.com\/index.php?rest_route=\/wp\/v2\/types\/product"}],"replies":[{"embeddable":true,"href":"https:\/\/www.hediyepazar.com\/index.php?rest_route=%2Fwp%2Fv2%2Fcomments&post=122047"}],"wp:featuredmedia":[{"embeddable":true,"href":"https:\/\/www.hediyepazar.com\/index.php?rest_route=\/wp\/v2\/media\/122046"}],"wp:attachment":[{"href":"https:\/\/www.hediyepazar.com\/index.php?rest_route=%2Fwp%2Fv2%2Fmedia&parent=122047"}],"wp:term":[{"taxonomy":"product_brand","embeddable":true,"href":"https:\/\/www.hediyepazar.com\/index.php?rest_route=%2Fwp%2Fv2%2Fproduct_brand&post=122047"},{"taxonomy":"product_cat","embeddable":true,"href":"https:\/\/www.hediyepazar.com\/index.php?rest_route=%2Fwp%2Fv2%2Fproduct_cat&post=122047"},{"taxonomy":"product_tag","embeddable":true,"href":"https:\/\/www.hediyepazar.com\/index.php?rest_route=%2Fwp%2Fv2%2Fproduct_tag&post=122047"}],"curies":[{"name":"wp","href":"https:\/\/api.w.org\/{rel}","templated":true}]}}