{"id":122093,"date":"2026-05-06T08:50:07","date_gmt":"2026-05-06T11:50:07","guid":{"rendered":"https:\/\/www.hediyepazar.com\/?product=nostaljik-radyo-1647"},"modified":"2026-05-06T08:50:07","modified_gmt":"2026-05-06T11:50:07","slug":"nostaljik-radyo-1647","status":"publish","type":"product","link":"https:\/\/www.hediyepazar.com\/?product=nostaljik-radyo-1647","title":{"rendered":"NOSTALJ\u0130K RADYO 1647"},"content":{"rendered":"<p>Saatli Fenerli Bluetooth lu USB li Nostaljik Radyo KTF \t1647 Ebatlar\u0131 : 18 Cm Geni\u015flik \t7 cm Derinlik \t14 Cm Y\u00fckseklik \tSaat ve Fener Ayd\u0131nlatma \tEstetik ve nostaljik tasar\u0131m \tDahili anteniyle hassas frekans kalitesi sunar \tDo\u011fal ah\u015fap g\u00f6r\u00fcn\u00fcm\u00fc kazand\u0131r\u0131larak estetize edilmi\u015ftir \t10 metre ba\u011flant\u0131 mesafesi sunan Bluetooth \u00f6zelli\u011fe sahiptir \tKullan\u0131\u015fl\u0131 ses ve ayar d\u00fc\u011fmeleriyle rahat kullan\u0131m sunar \t87 \t108 Mhz FM frekans aral\u0131\u011f\u0131 \tMp3 format\u0131nda USB m\u00fczik \u00e7alar \u00f6zelliktedir \tUSB ve TF kart giri\u015fine sahiptir \tYeniden \u015farj edilebilir piliyle \u00f6zg\u00fcr kullan\u0131m sunar \tUSB ve TF kart i\u00e7in \u015fark\u0131 oynatma tu\u015flar\u0131 mevcuttur \tEnerji kayna\u011f\u0131na ba\u011fl\u0131 kalmadan m\u00fczik keyfi sunar \tPiknik, kamp, seyahat ve g\u00fcndelik kullan\u0131m i\u00e7in idealdir \tEv, ofis ve \u00e7al\u0131\u015fma masalar\u0131 i\u00e7in dekoratif bir \u00fcr\u00fcnd\u00fcr \tSevdikleriniz i\u00e7in ideal bir hediyelik olarak da tercih edilebilir \t\u0130lk kullan\u0131m \u00f6ncesi kapal\u0131 durumda 4 saat \u015farj ediniz \t\u0130lk \u015farj sonras\u0131 \u015farj esnas\u0131nda kullan\u0131ma uygundur \t\u00dcr\u00fcn\u00fcn \u015farj\u0131 tamamen bitmeden \u015farj edilmelidir \tKullan\u0131lmad\u0131\u011f\u0131 zamanlarda g\u00fcvenlik amac\u0131yla \u015farjda b\u0131rakmay\u0131n\u0131z \tPilin sa\u011fl\u0131\u011f\u0131 i\u00e7in \u00fcr\u00fcn hi\u00e7 kullan\u0131lmasa da 2 \t3 ayda bir \u015farj edilmelidir<\/p>\n","protected":false},"excerpt":{"rendered":"<p>Saatli Fenerli Bluetooth lu USB li Nostaljik Radyo KTF 1647 Ebatlar\u0131 : 18 Cm Geni\u015flik 7 cm Derinlik 14 Cm Y\u00fckseklik Saat ve Fener Ayd\u0131nlatma Estetik ve nostaljik tasar\u0131m Dahili anteniyle hassas frekans kalitesi sunar Do\u011fal ah\u015fap g\u00f6r\u00fcn\u00fcm\u00fc kazand\u0131r\u0131larak estetize edilmi\u015ftir 10 metre ba\u011flant\u0131 mesafesi sunan Bluetooth \u00f6zelli\u011fe sahiptir Kullan\u0131\u015fl\u0131 ses ve ayar d\u00fc\u011fmeleriyle rahat&#8230;<\/p>\n","protected":false},"featured_media":122092,"comment_status":"open","ping_status":"closed","template":"","meta":{"_kad_post_transparent":"","_kad_post_title":"","_kad_post_layout":"","_kad_post_sidebar_id":"","_kad_post_content_style":"","_kad_post_vertical_padding":"","_kad_post_feature":"","_kad_post_feature_position":"","_kad_post_header":false,"_kad_post_footer":false,"_kad_post_classname":""},"product_brand":[],"product_cat":[14911],"product_tag":[],"class_list":{"0":"post-122093","1":"product","2":"type-product","3":"status-publish","4":"has-post-thumbnail","6":"product_cat-kablosuz-hoparlor-kablosuz-hoparlor","8":"first","9":"instock","10":"purchasable","11":"product-type-simple","12":"entry","13":"content-bg","14":"loop-entry"},"_links":{"self":[{"href":"https:\/\/www.hediyepazar.com\/index.php?rest_route=\/wp\/v2\/product\/122093","targetHints":{"allow":["GET"]}}],"collection":[{"href":"https:\/\/www.hediyepazar.com\/index.php?rest_route=\/wp\/v2\/product"}],"about":[{"href":"https:\/\/www.hediyepazar.com\/index.php?rest_route=\/wp\/v2\/types\/product"}],"replies":[{"embeddable":true,"href":"https:\/\/www.hediyepazar.com\/index.php?rest_route=%2Fwp%2Fv2%2Fcomments&post=122093"}],"wp:featuredmedia":[{"embeddable":true,"href":"https:\/\/www.hediyepazar.com\/index.php?rest_route=\/wp\/v2\/media\/122092"}],"wp:attachment":[{"href":"https:\/\/www.hediyepazar.com\/index.php?rest_route=%2Fwp%2Fv2%2Fmedia&parent=122093"}],"wp:term":[{"taxonomy":"product_brand","embeddable":true,"href":"https:\/\/www.hediyepazar.com\/index.php?rest_route=%2Fwp%2Fv2%2Fproduct_brand&post=122093"},{"taxonomy":"product_cat","embeddable":true,"href":"https:\/\/www.hediyepazar.com\/index.php?rest_route=%2Fwp%2Fv2%2Fproduct_cat&post=122093"},{"taxonomy":"product_tag","embeddable":true,"href":"https:\/\/www.hediyepazar.com\/index.php?rest_route=%2Fwp%2Fv2%2Fproduct_tag&post=122093"}],"curies":[{"name":"wp","href":"https:\/\/api.w.org\/{rel}","templated":true}]}}