{"id":122097,"date":"2026-05-06T08:50:18","date_gmt":"2026-05-06T11:50:18","guid":{"rendered":"https:\/\/www.hediyepazar.com\/?product=akilli-telefon-uyumlu-gece-goruslu-guvenlik-kamerasi"},"modified":"2026-05-06T08:50:18","modified_gmt":"2026-05-06T11:50:18","slug":"akilli-telefon-uyumlu-gece-goruslu-guvenlik-kamerasi","status":"publish","type":"product","link":"https:\/\/www.hediyepazar.com\/?product=akilli-telefon-uyumlu-gece-goruslu-guvenlik-kamerasi","title":{"rendered":"Ak\u0131ll\u0131 Telefon Uyumlu Gece G\u00f6r\u00fc\u015fl\u00fc G\u00fcvenlik Kameras\u0131"},"content":{"rendered":"<p>Kamera, 360 derece d\u00f6nebilme ve 90 derece ba\u015f hareketi yapabilme \u00f6zelli\u011fiyle geni\u015f bir alan\u0131 kapsayarak panoramik yatay ve dikey \u00e7ekimler ger\u00e7ekle\u015ftirir. Gece g\u00f6r\u00fc\u015f\u00fc sayesinde d\u00fc\u015f\u00fck \u0131\u015f\u0131k ko\u015fullar\u0131nda bile net g\u00f6r\u00fcnt\u00fcler sunarak kesintisiz g\u00fcvenlik sa\u011flar. Kaydedilen g\u00f6r\u00fcnt\u00fcler MicroSD haf\u0131za kart\u0131na depolanabilir ve kullan\u0131c\u0131 diledi\u011finde eski kay\u0131tlar\u0131 inceleyebilir.<\/p>\n","protected":false},"excerpt":{"rendered":"<p>Kamera, 360 derece d\u00f6nebilme ve 90 derece ba\u015f hareketi yapabilme \u00f6zelli\u011fiyle geni\u015f bir alan\u0131 kapsayarak panoramik yatay ve dikey \u00e7ekimler ger\u00e7ekle\u015ftirir. Gece g\u00f6r\u00fc\u015f\u00fc sayesinde d\u00fc\u015f\u00fck \u0131\u015f\u0131k ko\u015fullar\u0131nda bile net g\u00f6r\u00fcnt\u00fcler sunarak kesintisiz g\u00fcvenlik sa\u011flar. Kaydedilen g\u00f6r\u00fcnt\u00fcler MicroSD haf\u0131za kart\u0131na depolanabilir ve kullan\u0131c\u0131 diledi\u011finde eski kay\u0131tlar\u0131 inceleyebilir.<\/p>\n","protected":false},"featured_media":122096,"comment_status":"open","ping_status":"closed","template":"","meta":{"_kad_post_transparent":"","_kad_post_title":"","_kad_post_layout":"","_kad_post_sidebar_id":"","_kad_post_content_style":"","_kad_post_vertical_padding":"","_kad_post_feature":"","_kad_post_feature_position":"","_kad_post_header":false,"_kad_post_footer":false,"_kad_post_classname":""},"product_brand":[],"product_cat":[14927],"product_tag":[],"class_list":{"0":"post-122097","1":"product","2":"type-product","3":"status-publish","4":"has-post-thumbnail","6":"product_cat-akilli-kamera-akilli-kamera","8":"first","9":"instock","10":"purchasable","11":"product-type-simple","12":"entry","13":"content-bg","14":"loop-entry"},"_links":{"self":[{"href":"https:\/\/www.hediyepazar.com\/index.php?rest_route=\/wp\/v2\/product\/122097","targetHints":{"allow":["GET"]}}],"collection":[{"href":"https:\/\/www.hediyepazar.com\/index.php?rest_route=\/wp\/v2\/product"}],"about":[{"href":"https:\/\/www.hediyepazar.com\/index.php?rest_route=\/wp\/v2\/types\/product"}],"replies":[{"embeddable":true,"href":"https:\/\/www.hediyepazar.com\/index.php?rest_route=%2Fwp%2Fv2%2Fcomments&post=122097"}],"wp:featuredmedia":[{"embeddable":true,"href":"https:\/\/www.hediyepazar.com\/index.php?rest_route=\/wp\/v2\/media\/122096"}],"wp:attachment":[{"href":"https:\/\/www.hediyepazar.com\/index.php?rest_route=%2Fwp%2Fv2%2Fmedia&parent=122097"}],"wp:term":[{"taxonomy":"product_brand","embeddable":true,"href":"https:\/\/www.hediyepazar.com\/index.php?rest_route=%2Fwp%2Fv2%2Fproduct_brand&post=122097"},{"taxonomy":"product_cat","embeddable":true,"href":"https:\/\/www.hediyepazar.com\/index.php?rest_route=%2Fwp%2Fv2%2Fproduct_cat&post=122097"},{"taxonomy":"product_tag","embeddable":true,"href":"https:\/\/www.hediyepazar.com\/index.php?rest_route=%2Fwp%2Fv2%2Fproduct_tag&post=122097"}],"curies":[{"name":"wp","href":"https:\/\/api.w.org\/{rel}","templated":true}]}}