{"id":122099,"date":"2026-05-06T08:50:24","date_gmt":"2026-05-06T11:50:24","guid":{"rendered":"https:\/\/www.hediyepazar.com\/?product=anlik-bildirimli-hareket-sensorlu-full-hd-kamera"},"modified":"2026-05-06T08:50:24","modified_gmt":"2026-05-06T11:50:24","slug":"anlik-bildirimli-hareket-sensorlu-full-hd-kamera","status":"publish","type":"product","link":"https:\/\/www.hediyepazar.com\/?product=anlik-bildirimli-hareket-sensorlu-full-hd-kamera","title":{"rendered":"Anl\u0131k Bildirimli Hareket Sens\u00f6rl\u00fc Full HD Kamera"},"content":{"rendered":"<p>Kablosuz ba\u011flant\u0131 ve Wi-Fi 4 deste\u011fi (2.4 GHz frekans\u0131nda) ile kolayca kurulup uzaktan eri\u015fim sa\u011flanabilir. Micro-B USB ba\u011flant\u0131s\u0131 ile \u015farj edilebilen bu kamera, 5V g\u00fc\u00e7 voltaj\u0131 ile \u00e7al\u0131\u015f\u0131r. USB 2.0 versiyonu sayesinde veri aktar\u0131m\u0131 h\u0131zl\u0131 ve g\u00fcvenlidir. Kullan\u0131c\u0131 dostu yap\u0131s\u0131yla g\u00fcvenlik ihtiyac\u0131n\u0131z\u0131 kar\u015f\u0131lamak i\u00e7in pratik ve etkili bir \u00e7\u00f6z\u00fcm sunar.<\/p>\n","protected":false},"excerpt":{"rendered":"<p>Kablosuz ba\u011flant\u0131 ve Wi-Fi 4 deste\u011fi (2.4 GHz frekans\u0131nda) ile kolayca kurulup uzaktan eri\u015fim sa\u011flanabilir. Micro-B USB ba\u011flant\u0131s\u0131 ile \u015farj edilebilen bu kamera, 5V g\u00fc\u00e7 voltaj\u0131 ile \u00e7al\u0131\u015f\u0131r. USB 2.0 versiyonu sayesinde veri aktar\u0131m\u0131 h\u0131zl\u0131 ve g\u00fcvenlidir. Kullan\u0131c\u0131 dostu yap\u0131s\u0131yla g\u00fcvenlik ihtiyac\u0131n\u0131z\u0131 kar\u015f\u0131lamak i\u00e7in pratik ve etkili bir \u00e7\u00f6z\u00fcm sunar.<\/p>\n","protected":false},"featured_media":122098,"comment_status":"open","ping_status":"closed","template":"","meta":{"_kad_post_transparent":"","_kad_post_title":"","_kad_post_layout":"","_kad_post_sidebar_id":"","_kad_post_content_style":"","_kad_post_vertical_padding":"","_kad_post_feature":"","_kad_post_feature_position":"","_kad_post_header":false,"_kad_post_footer":false,"_kad_post_classname":""},"product_brand":[],"product_cat":[14927],"product_tag":[],"class_list":{"0":"post-122099","1":"product","2":"type-product","3":"status-publish","4":"has-post-thumbnail","6":"product_cat-akilli-kamera-akilli-kamera","8":"first","9":"instock","10":"purchasable","11":"product-type-simple","12":"entry","13":"content-bg","14":"loop-entry"},"_links":{"self":[{"href":"https:\/\/www.hediyepazar.com\/index.php?rest_route=\/wp\/v2\/product\/122099","targetHints":{"allow":["GET"]}}],"collection":[{"href":"https:\/\/www.hediyepazar.com\/index.php?rest_route=\/wp\/v2\/product"}],"about":[{"href":"https:\/\/www.hediyepazar.com\/index.php?rest_route=\/wp\/v2\/types\/product"}],"replies":[{"embeddable":true,"href":"https:\/\/www.hediyepazar.com\/index.php?rest_route=%2Fwp%2Fv2%2Fcomments&post=122099"}],"wp:featuredmedia":[{"embeddable":true,"href":"https:\/\/www.hediyepazar.com\/index.php?rest_route=\/wp\/v2\/media\/122098"}],"wp:attachment":[{"href":"https:\/\/www.hediyepazar.com\/index.php?rest_route=%2Fwp%2Fv2%2Fmedia&parent=122099"}],"wp:term":[{"taxonomy":"product_brand","embeddable":true,"href":"https:\/\/www.hediyepazar.com\/index.php?rest_route=%2Fwp%2Fv2%2Fproduct_brand&post=122099"},{"taxonomy":"product_cat","embeddable":true,"href":"https:\/\/www.hediyepazar.com\/index.php?rest_route=%2Fwp%2Fv2%2Fproduct_cat&post=122099"},{"taxonomy":"product_tag","embeddable":true,"href":"https:\/\/www.hediyepazar.com\/index.php?rest_route=%2Fwp%2Fv2%2Fproduct_tag&post=122099"}],"curies":[{"name":"wp","href":"https:\/\/api.w.org\/{rel}","templated":true}]}}